{"id":2053,"date":"2025-09-13T03:05:19","date_gmt":"2025-09-13T03:05:19","guid":{"rendered":"https:\/\/www.yishengpack.com\/?post_type=product&#038;p=2053"},"modified":"2025-09-13T03:05:22","modified_gmt":"2025-09-13T03:05:22","slug":"custom-bakery-boxes-with-logo","status":"publish","type":"product","link":"https:\/\/www.yishengpack.com\/de\/produkt\/custom-bakery-boxes-with-logo\/","title":{"rendered":"Kundenspezifische B\u00e4ckereiboxen mit Logo, bedruckte Geb\u00e4ckboxen in gro\u00dfen Mengen"},"content":{"rendered":"<div class=\"wp-block-columns is-layout-flex wp-container-core-columns-is-layout-9d6595d7 wp-block-columns-is-layout-flex\">\n<div class=\"wp-block-column is-layout-flow wp-block-column-is-layout-flow\">\n<h3 class=\"wp-block-heading\">Merkmale der individuellen B\u00e4ckereiboxen mit Logo<\/h3>\n\n\n\n<p><strong>Geteiltes F\u00e4cherdesign:<\/strong> Diese Geb\u00e4ckboxen in loser Sch\u00fcttung haben ein unterteiltes Fachdesign. Sie k\u00f6nnen verschiedene Backwaren wie Pralinen, Kekse, kleine Kuchen und Eierkuchen ordentlich aufbewahren und verhindern, dass sie sich vermischen oder besch\u00e4digt werden.<\/p>\n\n\n\n<p><strong>Lebensmittelechtes \u00d6ko-Material: <\/strong>Aus umweltfreundlichen Materialien hergestellt, sind diese individuellen B\u00e4ckereiboxen mit Logo lebensmittelecht. Es ist am besten f\u00fcr die Verpackung von verschiedenen Geb\u00e4ck wie Pralinen, Kekse, kleine Kuchen und Eierkuchen, so dass das Essen sicher und sauber ist.<\/p>\n\n\n\n<p><strong>Sicherer Verschluss f\u00fcr Frische: <\/strong>Die individuellen B\u00e4ckereiboxen mit Logo haben einen sicheren Verschluss. Es h\u00e4lt Geb\u00e4ck durch den Verschluss, halten ihre Aromen getrennt und verhindert, dass sie in Kontakt mit der Luft, perfekt f\u00fcr Produkte wie Schokolade und kleine Kuchen, die Frische ben\u00f6tigen.<\/p>\n\n\n\n<p><strong>Elegante \u00c4sthetik zum Verschenken:<\/strong> Mit ihrem eleganten Erscheinungsbild sind diese individuellen B\u00e4ckereiboxen mit Logo ideal zum Verschenken. Die ordentlichen F\u00e4cher und attraktives Aussehen machen es perfekt f\u00fcr die Pr\u00e4sentation Geb\u00e4ck wie Eierkuchen und Kekse als Geschenke.<\/p>\n\n\n\n<p><strong>Vollst\u00e4ndig anpassbar f\u00fcr das Branding:<\/strong> Die umweltfreundlichen Geb\u00e4ckschachteln in gro\u00dfen Mengen sind vollst\u00e4ndig anpassbar. Sie k\u00f6nnen die Gr\u00f6\u00dfe und Farbe anpassen und Logos oder Muster hinzuf\u00fcgen. Dies erm\u00f6glicht es, die Branding-Bed\u00fcrfnisse von B\u00e4ckereien oder Konditoreien zu erf\u00fcllen.<\/p>\n<\/div>\n\n\n\n<div class=\"wp-block-column is-layout-flow wp-block-column-is-layout-flow\">\n<figure class=\"wp-block-image size-full\"><img decoding=\"async\" width=\"1024\" height=\"1024\" src=\"https:\/\/www.yishengpack.com\/wp-content\/uploads\/2025\/09\/Customized-Bulk-Eco-friendly-Packaging-Pastry-Boxes-Portable-Dessert-Box-with-Logo-Wholesale-2.webp\" alt=\"kundenindividuelle-backwaren-boxen-mit-logo-aufdruck-geb\u00e4ck-boxen-im-bulk-2\" class=\"wp-image-2055\" srcset=\"https:\/\/www.yishengpack.com\/wp-content\/uploads\/2025\/09\/Customized-Bulk-Eco-friendly-Packaging-Pastry-Boxes-Portable-Dessert-Box-with-Logo-Wholesale-2.webp 1024w, https:\/\/www.yishengpack.com\/wp-content\/uploads\/2025\/09\/Customized-Bulk-Eco-friendly-Packaging-Pastry-Boxes-Portable-Dessert-Box-with-Logo-Wholesale-2-300x300.webp 300w, https:\/\/www.yishengpack.com\/wp-content\/uploads\/2025\/09\/Customized-Bulk-Eco-friendly-Packaging-Pastry-Boxes-Portable-Dessert-Box-with-Logo-Wholesale-2-150x150.webp 150w, https:\/\/www.yishengpack.com\/wp-content\/uploads\/2025\/09\/Customized-Bulk-Eco-friendly-Packaging-Pastry-Boxes-Portable-Dessert-Box-with-Logo-Wholesale-2-768x768.webp 768w, https:\/\/www.yishengpack.com\/wp-content\/uploads\/2025\/09\/Customized-Bulk-Eco-friendly-Packaging-Pastry-Boxes-Portable-Dessert-Box-with-Logo-Wholesale-2-12x12.webp 12w, https:\/\/www.yishengpack.com\/wp-content\/uploads\/2025\/09\/Customized-Bulk-Eco-friendly-Packaging-Pastry-Boxes-Portable-Dessert-Box-with-Logo-Wholesale-2-600x600.webp 600w, https:\/\/www.yishengpack.com\/wp-content\/uploads\/2025\/09\/Customized-Bulk-Eco-friendly-Packaging-Pastry-Boxes-Portable-Dessert-Box-with-Logo-Wholesale-2-100x100.webp 100w\" sizes=\"(max-width: 1024px) 100vw, 1024px\" \/><\/figure>\n<\/div>\n<\/div>\n\n\n\n<p><\/p>","protected":false},"excerpt":{"rendered":"<p>Willkommen beim Kauf unserer bedruckten, individuellen B\u00e4ckereiboxen mit Logo. Entdecken Sie diese atemberaubende Geb\u00e4ck-Boxen in der Masse, ideal f\u00fcr die Verpackung von Schokolade, Kekse, Miniatur-Kuchen, Eierkuchen, etc. Sie bestehen aus umweltfreundlichen Materialien und verf\u00fcgen \u00fcber eine professionell gestaltete Innenstruktur f\u00fcr eine sichere Aufbewahrung. Sie sind in jeder Hinsicht anpassbar, von der Gr\u00f6\u00dfe \u00fcber die Farbe und das Logo bis hin zu den Einlagen, und werden sicher auch Ihren Markenanforderungen gerecht. Heben Sie Ihr Geb\u00e4ckangebot sch\u00f6n hervor und seien Sie umweltfreundlich.<\/p>\n<h2>Highlights der individuellen B\u00e4ckereiboxen mit Logo<\/h2>\n<ul>\n<li>Perfekt f\u00fcr Mini-Kuchen, Brot, Eierkuchen, Kekse usw.<\/li>\n<li>Umweltfreundliche Materialien<\/li>\n<li>Erlaubte Anpassungen insgesamt<\/li>\n<li>Mit geteilten F\u00e4chern f\u00fcr organisierte Aufbewahrung<\/li>\n<li>Tragbares Design zum einfachen Transportieren<\/li>\n<li>Verschiedene Farboptionen<\/li>\n<\/ul>\n<p>&nbsp;<\/p>\n<p>&nbsp;<\/p>","protected":false},"featured_media":2054,"comment_status":"closed","ping_status":"closed","template":"","meta":{"_acf_changed":false},"box-type":[55,61],"product_brand":[],"product_cat":[19,41,46,30,21,32,33,44],"product_tag":[],"class_list":{"0":"post-2053","1":"product","2":"type-product","3":"status-publish","4":"has-post-thumbnail","6":"box-type-custom-foldable-boxes","7":"box-type-custom-two-piece-boxes","8":"product_cat-luxury-gift-boxes-wholesale","9":"product_cat-candy-gift-boxes-wholesale","10":"product_cat-wholesale-paper-boxes","11":"product_cat-cake-containers-wholesale","12":"product_cat-plastic-cake-containers-wholesale","13":"product_cat-bakery-packaging-wholesale","14":"product_cat-food-packaging-boxes-wholesale","15":"product_cat-custom-snack-box","17":"first","18":"instock","19":"shipping-taxable","20":"product-type-simple"},"acf":[],"_links":{"self":[{"href":"https:\/\/www.yishengpack.com\/de\/wp-json\/wp\/v2\/product\/2053","targetHints":{"allow":["GET"]}}],"collection":[{"href":"https:\/\/www.yishengpack.com\/de\/wp-json\/wp\/v2\/product"}],"about":[{"href":"https:\/\/www.yishengpack.com\/de\/wp-json\/wp\/v2\/types\/product"}],"replies":[{"embeddable":true,"href":"https:\/\/www.yishengpack.com\/de\/wp-json\/wp\/v2\/comments?post=2053"}],"wp:featuredmedia":[{"embeddable":true,"href":"https:\/\/www.yishengpack.com\/de\/wp-json\/wp\/v2\/media\/2054"}],"wp:attachment":[{"href":"https:\/\/www.yishengpack.com\/de\/wp-json\/wp\/v2\/media?parent=2053"}],"wp:term":[{"taxonomy":"box-type","embeddable":true,"href":"https:\/\/www.yishengpack.com\/de\/wp-json\/wp\/v2\/box-type?post=2053"},{"taxonomy":"product_brand","embeddable":true,"href":"https:\/\/www.yishengpack.com\/de\/wp-json\/wp\/v2\/product_brand?post=2053"},{"taxonomy":"product_cat","embeddable":true,"href":"https:\/\/www.yishengpack.com\/de\/wp-json\/wp\/v2\/product_cat?post=2053"},{"taxonomy":"product_tag","embeddable":true,"href":"https:\/\/www.yishengpack.com\/de\/wp-json\/wp\/v2\/product_tag?post=2053"}],"curies":[{"name":"wp","href":"https:\/\/api.w.org\/{rel}","templated":true}]}}