{"id":203,"date":"2025-01-02T10:05:14","date_gmt":"2025-01-02T10:05:14","guid":{"rendered":"https:\/\/www.yishengpack.com\/?post_type=product&#038;p=203"},"modified":"2025-10-29T01:40:38","modified_gmt":"2025-10-29T01:40:38","slug":"roll-cake-boxes-wholesale","status":"publish","type":"product","link":"https:\/\/www.yishengpack.com\/de\/produkt\/roll-cake-boxes-wholesale\/","title":{"rendered":"Roll-Kuchen-Boxen Gro\u00dfhandel, klare Kuppel einzelne Schweizer Boxen"},"content":{"rendered":"<div class=\"wp-block-columns is-layout-flex wp-container-core-columns-is-layout-9d6595d7 wp-block-columns-is-layout-flex\">\n<div class=\"wp-block-column is-layout-flow wp-block-column-is-layout-flow\">\n<h3 class=\"wp-block-heading\">Merkmale von Rollkuchenboxen im Gro\u00dfhandel<\/h3>\n\n\n\n<p><strong>Verbesserte Stabilit\u00e4t: <\/strong>Der Boden der Swiss Roll Box f\u00fcr den Gro\u00dfhandel ist vertieft, um sich der Form des Lebensmittels anzupassen. Dadurch bleibt die Swiss Roll an ihrem Platz, wodurch Besch\u00e4digungen oder Verformungen beim Transport oder bei der Lagerung reduziert werden.<\/p>\n\n\n\n<p><strong>Anti-Beschlag-Design: <\/strong>Durch die Verwendung von beschlagfreiem Material auf dem transparenten Kuppeldeckel der Rollkuchenboxen wird auch nach l\u00e4ngerer Lagerung die Sch\u00f6nheit der Schweizer Rolle deutlich sichtbar.<\/p>\n\n\n\n<p><strong>Individueller Kartenhalter:<\/strong> Unsere Rollkuchenboxen f\u00fcr den Gro\u00dfhandel k\u00f6nnen mit einem personalisierten Kartenhalter ausgestattet werden, der sich zum Aufdrucken von Markenlogos, Produktinformationen, Werbeaktionen oder besonderen Botschaften eignet.<\/p>\n\n\n\n<p><strong>Individuelles Design:<\/strong> Die individuellen Designs der Swiss Roll Box Gro\u00dfhandel sorgen daf\u00fcr, dass jeder Kuchen separat gelagert wird, um Zusammenst\u00f6\u00dfe oder Besch\u00e4digungen der Kuchen zu vermeiden.<\/p>\n\n\n\n<p><strong>Stark und langlebig:<\/strong> Der Kunststoff, aus dem die Rollkuchenboxen im Gro\u00dfhandel hergestellt werden, bietet starken Halt und kann daher beim Transport oder w\u00e4hrend der Lagerung nicht zerbrechen.<\/p>\n\n\n\n<p><strong>Vielf\u00e4ltig einsetzbar: <\/strong>Unsere Rollkuchenboxen im Gro\u00dfhandel eignen sich f\u00fcr den Einzelhandel, Restaurants, Konditoreien und Veranstaltungen und erf\u00fcllen die Anforderungen verschiedener Anl\u00e4sse.<\/p>\n<\/div>\n\n\n\n<div class=\"wp-block-column is-layout-flow wp-block-column-is-layout-flow\">\n<figure class=\"wp-block-image size-full\"><img decoding=\"async\" width=\"800\" height=\"800\" src=\"https:\/\/www.yishengpack.com\/wp-content\/uploads\/2025\/01\/Roll-Cake-Boxes-Wholesale-Clear-Dome-Individual-Swiss-Roll-Packaging-Boxes.webp\" alt=\"Roll Kuchen Boxen Gro\u00dfhandel klare Kuppel einzelne Schweizer Roll Verpackung Boxen\" class=\"wp-image-210\" srcset=\"https:\/\/www.yishengpack.com\/wp-content\/uploads\/2025\/01\/Roll-Cake-Boxes-Wholesale-Clear-Dome-Individual-Swiss-Roll-Packaging-Boxes.webp 800w, https:\/\/www.yishengpack.com\/wp-content\/uploads\/2025\/01\/Roll-Cake-Boxes-Wholesale-Clear-Dome-Individual-Swiss-Roll-Packaging-Boxes-300x300.webp 300w, https:\/\/www.yishengpack.com\/wp-content\/uploads\/2025\/01\/Roll-Cake-Boxes-Wholesale-Clear-Dome-Individual-Swiss-Roll-Packaging-Boxes-150x150.webp 150w, https:\/\/www.yishengpack.com\/wp-content\/uploads\/2025\/01\/Roll-Cake-Boxes-Wholesale-Clear-Dome-Individual-Swiss-Roll-Packaging-Boxes-768x768.webp 768w, https:\/\/www.yishengpack.com\/wp-content\/uploads\/2025\/01\/Roll-Cake-Boxes-Wholesale-Clear-Dome-Individual-Swiss-Roll-Packaging-Boxes-600x600.webp 600w, https:\/\/www.yishengpack.com\/wp-content\/uploads\/2025\/01\/Roll-Cake-Boxes-Wholesale-Clear-Dome-Individual-Swiss-Roll-Packaging-Boxes-100x100.webp 100w\" sizes=\"(max-width: 800px) 100vw, 800px\" \/><\/figure>\n<\/div>\n<\/div>","protected":false},"excerpt":{"rendered":"<p>Yisheng liefert diese Rollkuchenboxen im Gro\u00dfhandel. Sie verf\u00fcgen \u00fcber einen durchsichtigen Domdeckel, der speziell f\u00fcr einzelne Schweizer Rollkuchen entwickelt wurde. Diese Kuchenboxen sind aus lebensmittelechtem PET gefertigt. Diese robuste, beschlagfreie, durchsichtige Verpackung sorgt daf\u00fcr, dass Ihre Kuchen fantastisch aussehen. Der Boden wurde so konzipiert, dass die Schweizer Rollkuchen an ihrem Platz bleiben und nicht verrutschen. Diese Boxen eignen sich hervorragend f\u00fcr B\u00e4ckereien, Veranstaltungen oder den Einzelhandel.<\/p>\n<h2>Rollkuchen-Boxen Spezifikationen:<\/h2>\n<table width=\"528\">\n<tbody>\n<tr>\n<td width=\"215\">Hersteller:<\/td>\n<td colspan=\"2\" width=\"313\">Yisheng<\/td>\n<\/tr>\n<tr>\n<td>Modell:<\/td>\n<td colspan=\"2\">H591-J<\/td>\n<\/tr>\n<tr>\n<td>Material:\u00a0<\/td>\n<td colspan=\"2\">PET<\/td>\n<\/tr>\n<tr>\n<td>Farbe:\u00a0<\/td>\n<td colspan=\"2\">Wei\u00df<\/td>\n<\/tr>\n<tr>\n<td>Gr\u00f6\u00dfe:\u00a0<\/td>\n<td colspan=\"2\" width=\"313\">9cm*7cm*7cm<\/td>\n<\/tr>\n<tr>\n<td>Gewicht:\u00a0<\/td>\n<td colspan=\"2\">12g\/St\u00fcck<\/td>\n<\/tr>\n<tr>\n<td>Die Form:\u00a0<\/td>\n<td colspan=\"2\">Arch<\/td>\n<\/tr>\n<tr>\n<td>Verpacken:\u00a0<\/td>\n<td colspan=\"2\">50St\u00fcck\/Beutel<\/td>\n<\/tr>\n<tr>\n<td>MOQ:\u00a0<\/td>\n<td colspan=\"2\">1000St\u00fcck<\/td>\n<\/tr>\n<tr>\n<td>OEM&amp;ODM:\u00a0<\/td>\n<td colspan=\"2\">Kundenspezifisch, Willkommen OEM&amp;ODM<\/td>\n<\/tr>\n<tr>\n<td>Muster\uff1a<\/td>\n<td colspan=\"2\">10 St\u00fcck kostenlose Probe kann angefordert werden<\/td>\n<\/tr>\n<\/tbody>\n<\/table>","protected":false},"featured_media":206,"comment_status":"closed","ping_status":"closed","template":"","meta":{"_acf_changed":false},"box-type":[61],"product_brand":[],"product_cat":[30,21],"product_tag":[],"class_list":{"0":"post-203","1":"product","2":"type-product","3":"status-publish","4":"has-post-thumbnail","6":"box-type-custom-two-piece-boxes","7":"product_cat-cake-containers-wholesale","8":"product_cat-plastic-cake-containers-wholesale","10":"first","11":"instock","12":"shipping-taxable","13":"product-type-simple"},"acf":[],"_links":{"self":[{"href":"https:\/\/www.yishengpack.com\/de\/wp-json\/wp\/v2\/product\/203","targetHints":{"allow":["GET"]}}],"collection":[{"href":"https:\/\/www.yishengpack.com\/de\/wp-json\/wp\/v2\/product"}],"about":[{"href":"https:\/\/www.yishengpack.com\/de\/wp-json\/wp\/v2\/types\/product"}],"replies":[{"embeddable":true,"href":"https:\/\/www.yishengpack.com\/de\/wp-json\/wp\/v2\/comments?post=203"}],"wp:featuredmedia":[{"embeddable":true,"href":"https:\/\/www.yishengpack.com\/de\/wp-json\/wp\/v2\/media\/206"}],"wp:attachment":[{"href":"https:\/\/www.yishengpack.com\/de\/wp-json\/wp\/v2\/media?parent=203"}],"wp:term":[{"taxonomy":"box-type","embeddable":true,"href":"https:\/\/www.yishengpack.com\/de\/wp-json\/wp\/v2\/box-type?post=203"},{"taxonomy":"product_brand","embeddable":true,"href":"https:\/\/www.yishengpack.com\/de\/wp-json\/wp\/v2\/product_brand?post=203"},{"taxonomy":"product_cat","embeddable":true,"href":"https:\/\/www.yishengpack.com\/de\/wp-json\/wp\/v2\/product_cat?post=203"},{"taxonomy":"product_tag","embeddable":true,"href":"https:\/\/www.yishengpack.com\/de\/wp-json\/wp\/v2\/product_tag?post=203"}],"curies":[{"name":"wp","href":"https:\/\/api.w.org\/{rel}","templated":true}]}}