{"id":2003,"date":"2025-09-13T07:56:44","date_gmt":"2025-09-13T07:56:44","guid":{"rendered":"https:\/\/www.yishengpack.com\/?post_type=product&#038;p=2003"},"modified":"2025-09-13T07:56:47","modified_gmt":"2025-09-13T07:56:47","slug":"bulk-mailer-boxes","status":"publish","type":"product","link":"https:\/\/www.yishengpack.com\/de\/produkt\/bulk-mailer-boxes\/","title":{"rendered":"Factory Bulk Mailer Boxen, individuell bedruckte Versandkartons"},"content":{"rendered":"<div class=\"wp-block-columns is-layout-flex wp-container-core-columns-is-layout-9d6595d7 wp-block-columns-is-layout-flex\">\n<div class=\"wp-block-column is-layout-flow wp-block-column-is-layout-flow\">\n<h3 class=\"wp-block-heading\">Merkmale von Gro\u00dfraumbriefk\u00e4sten<\/h3>\n\n\n\n<p><strong>Flat-Shipping-Komfort:<\/strong> Diese Gro\u00dfversandboxen haben ein flaches Versanddesign. Sie k\u00f6nnen flach verschickt werden, was eine gro\u00dfe Menge an Versandraum und Versandkosten spart. Sie sind ideal f\u00fcr den Massenversand und den internationalen Versand von Artikeln wie Schuhen, Kleidung, Socken und Kosmetika.<\/p>\n\n\n\n<p><strong>Vielseitig f\u00fcr eine Vielzahl von Produkten:<\/strong> Ob Schuhe, Kleidung, Socken oder Kosmetika, diese individuell bedruckten Versandkartons in verschiedenen Designs k\u00f6nnen eine Vielzahl von Verpackungsanforderungen erf\u00fcllen. Sie eignen sich perfekt f\u00fcr Geschenkverpackungen, Accessoires, Kleidung und Luxusartikel.<\/p>\n\n\n\n<p><strong>Individuelle Eins\u00e4tze f\u00fcr die Sicherheit:<\/strong> Unsere Fabrik liefert Gro\u00dfversandkartons, die mit personalisierten Einlagen aus Materialien wie Karton oder Flock versehen werden k\u00f6nnen. Diese Einlagen k\u00f6nnen so geformt und bemessen werden, dass sie genau zu Ihren Produkten passen, sicher gehalten und w\u00e4hrend des Transports gesch\u00fctzt werden.<\/p>\n\n\n\n<p><strong>Stabile Pappkonstruktion: <\/strong>Diese individuell bedruckten Versandkartons sind aus schwerem Graukarton oder Premium-Karton gefertigt, steif und druckbest\u00e4ndig. Sie bieten einen starken Schutz f\u00fcr Ihre Produkte, egal ob sie versendet oder ausgestellt werden.<\/p>\n\n\n\n<p><strong>Vollst\u00e4ndig auf die Marke abgestimmte Anpassung: <\/strong>Die Gro\u00dfversandboxen k\u00f6nnen vollst\u00e4ndig individuell gestaltet werden. Sie k\u00f6nnen die Gr\u00f6\u00dfe und Farbe anpassen und Oberfl\u00e4chenveredelungen wie Folienpr\u00e4gung, Laminierung oder Spot-UV verwenden. Auch der Druck von Druckvorlagen ist eine Option, sodass die Boxen perfekt zu Ihrem Markenimage und Ihren Marktpr\u00e4ferenzen passen.<\/p>\n<\/div>\n\n\n\n<div class=\"wp-block-column is-layout-flow wp-block-column-is-layout-flow\">\n<figure class=\"wp-block-image size-full\"><img decoding=\"async\" width=\"1328\" height=\"1328\" src=\"https:\/\/www.yishengpack.com\/wp-content\/uploads\/2025\/09\/Bulk-Hot-selling-Mailer-Boxes-Custom-Print-Logo-and-Pattern-Packaging-Shipping-Box-2.webp\" alt=\"factory-bulk-mailer-boxes-custom-printed-shipping-boxes-2\" class=\"wp-image-2006\" srcset=\"https:\/\/www.yishengpack.com\/wp-content\/uploads\/2025\/09\/Bulk-Hot-selling-Mailer-Boxes-Custom-Print-Logo-and-Pattern-Packaging-Shipping-Box-2.webp 1328w, https:\/\/www.yishengpack.com\/wp-content\/uploads\/2025\/09\/Bulk-Hot-selling-Mailer-Boxes-Custom-Print-Logo-and-Pattern-Packaging-Shipping-Box-2-300x300.webp 300w, https:\/\/www.yishengpack.com\/wp-content\/uploads\/2025\/09\/Bulk-Hot-selling-Mailer-Boxes-Custom-Print-Logo-and-Pattern-Packaging-Shipping-Box-2-150x150.webp 150w, https:\/\/www.yishengpack.com\/wp-content\/uploads\/2025\/09\/Bulk-Hot-selling-Mailer-Boxes-Custom-Print-Logo-and-Pattern-Packaging-Shipping-Box-2-768x768.webp 768w, https:\/\/www.yishengpack.com\/wp-content\/uploads\/2025\/09\/Bulk-Hot-selling-Mailer-Boxes-Custom-Print-Logo-and-Pattern-Packaging-Shipping-Box-2-12x12.webp 12w, https:\/\/www.yishengpack.com\/wp-content\/uploads\/2025\/09\/Bulk-Hot-selling-Mailer-Boxes-Custom-Print-Logo-and-Pattern-Packaging-Shipping-Box-2-1200x1200.webp 1200w, https:\/\/www.yishengpack.com\/wp-content\/uploads\/2025\/09\/Bulk-Hot-selling-Mailer-Boxes-Custom-Print-Logo-and-Pattern-Packaging-Shipping-Box-2-600x600.webp 600w, https:\/\/www.yishengpack.com\/wp-content\/uploads\/2025\/09\/Bulk-Hot-selling-Mailer-Boxes-Custom-Print-Logo-and-Pattern-Packaging-Shipping-Box-2-100x100.webp 100w\" sizes=\"(max-width: 1328px) 100vw, 1328px\" \/><\/figure>\n<\/div>\n<\/div>\n\n\n\n<p><\/p>","protected":false},"excerpt":{"rendered":"<p>Willkommen zum Kauf unserer Fabrik liefert Bulk-Mailer-Boxen. Unsere stabilen, individuell bedruckten Versandkartons sind in verschiedenen attraktiven Farben erh\u00e4ltlich und bieten optisch ansprechende Designs, die sich hervorragend f\u00fcr Versand- und Verpackungszwecke eignen. Dadurch wird sichergestellt, dass Ihre Produkte w\u00e4hrend des Transports gut gesch\u00fctzt sind und hervorragend pr\u00e4sentiert werden. <br \/>Yisheng ist Ihr professioneller Partner f\u00fcr ma\u00dfgefertigte Papierverpackungen - wir integrieren einzigartige Strukturen, raffinierte Handwerkskunst und anpassungsf\u00e4hige Fertigung, um Ihrem Unternehmen zu helfen, sich im Bereich Mailing und Verpackung abzuheben.<\/p>\n<h2>Highlights der Gro\u00dfversandboxen<\/h2>\n<ul>\n<li>Vollst\u00e4ndige Individualisierung m\u00f6glich<\/li>\n<li>Wasserfeste Materialien<\/li>\n<li>Langlebige Handwerkskunst<\/li>\n<li>Verschiedene Boxgr\u00f6\u00dfen<\/li>\n<li>Mehrere Farboptionen<\/li>\n<li>Robuste Konstruktion<\/li>\n<li>Bequeme Nutzung<\/li>\n<\/ul>\n<p>&nbsp;<\/p>","protected":false},"featured_media":2005,"comment_status":"closed","ping_status":"closed","template":"","meta":{"_acf_changed":false},"box-type":[55,59],"product_brand":[],"product_cat":[46,19,65,40,39],"product_tag":[],"class_list":{"0":"post-2003","1":"product","2":"type-product","3":"status-publish","4":"has-post-thumbnail","6":"box-type-custom-foldable-boxes","7":"box-type-custom-mailer-boxes","8":"product_cat-wholesale-paper-boxes","9":"product_cat-luxury-gift-boxes-wholesale","10":"product_cat-custom-cosmetic-boxes","11":"product_cat-custom-jewelry-boxes","12":"product_cat-custom-perfume-boxes","14":"first","15":"instock","16":"shipping-taxable","17":"product-type-simple"},"acf":[],"_links":{"self":[{"href":"https:\/\/www.yishengpack.com\/de\/wp-json\/wp\/v2\/product\/2003","targetHints":{"allow":["GET"]}}],"collection":[{"href":"https:\/\/www.yishengpack.com\/de\/wp-json\/wp\/v2\/product"}],"about":[{"href":"https:\/\/www.yishengpack.com\/de\/wp-json\/wp\/v2\/types\/product"}],"replies":[{"embeddable":true,"href":"https:\/\/www.yishengpack.com\/de\/wp-json\/wp\/v2\/comments?post=2003"}],"wp:featuredmedia":[{"embeddable":true,"href":"https:\/\/www.yishengpack.com\/de\/wp-json\/wp\/v2\/media\/2005"}],"wp:attachment":[{"href":"https:\/\/www.yishengpack.com\/de\/wp-json\/wp\/v2\/media?parent=2003"}],"wp:term":[{"taxonomy":"box-type","embeddable":true,"href":"https:\/\/www.yishengpack.com\/de\/wp-json\/wp\/v2\/box-type?post=2003"},{"taxonomy":"product_brand","embeddable":true,"href":"https:\/\/www.yishengpack.com\/de\/wp-json\/wp\/v2\/product_brand?post=2003"},{"taxonomy":"product_cat","embeddable":true,"href":"https:\/\/www.yishengpack.com\/de\/wp-json\/wp\/v2\/product_cat?post=2003"},{"taxonomy":"product_tag","embeddable":true,"href":"https:\/\/www.yishengpack.com\/de\/wp-json\/wp\/v2\/product_tag?post=2003"}],"curies":[{"name":"wp","href":"https:\/\/api.w.org\/{rel}","templated":true}]}}