{"id":193,"date":"2025-01-02T08:55:39","date_gmt":"2025-01-02T08:55:39","guid":{"rendered":"https:\/\/www.yishengpack.com\/?post_type=product&#038;p=193"},"modified":"2025-10-29T02:20:30","modified_gmt":"2025-10-29T02:20:30","slug":"bulk-plastic-cupcake-containers","status":"publish","type":"product","link":"https:\/\/www.yishengpack.com\/de\/produkt\/bulk-plastic-cupcake-containers\/","title":{"rendered":"Gro\u00dfpackung Plastik-Cupcake-Beh\u00e4lter mit gew\u00f6lbten Deckeln im 2er-Pack"},"content":{"rendered":"<div class=\"wp-block-columns is-layout-flex wp-container-core-columns-is-layout-9d6595d7 wp-block-columns-is-layout-flex\">\n<div class=\"wp-block-column is-layout-flow wp-block-column-is-layout-flow\">\n<h3 class=\"wp-block-heading\">Features of Bulk Plastic Cupcake Containers<\/h3>\n\n\n\n<p><strong>Clear dome lid design:<\/strong> These bulk plastic cupcake containers provide good product visibility and make the cupcakes look more attractive.<\/p>\n\n\n\n<p><strong>Extra space:<\/strong> These bulk plastic cupcake containers with a dome-shaped design provide plenty of space for top decorations such as buttercream, fruits or other decorations.<\/p>\n\n\n\n<p><strong>Easy to stack and store:<\/strong> This 2-partment dessert box is optimized for easy storage and display, saving storage space.<\/p>\n\n\n\n<p><strong>Well-sealed:<\/strong> In transport, the rigid structure and tight lid can prevent the collision and extrusion of cupcakes to remain intact.<\/p>\n\n\n\n<p><strong>Suitable for multiple uses: <\/strong>The bulk plastic cupcake containers wholesale from commercial purposes to individual usage, be it in bakeries, cafes, or even family gatherings; these containers are quite adaptive to various needs.<\/p>\n\n\n\n<p><strong>Double Circular Separation Design: <\/strong>There are marked double circular areas at the bottom of each container to ensure that each cupcake is placed individually inside with its shape and structure intact.<\/p>\n<\/div>\n\n\n\n<div class=\"wp-block-column is-layout-flow wp-block-column-is-layout-flow\">\n<figure class=\"wp-block-image size-full\"><img decoding=\"async\" width=\"800\" height=\"800\" src=\"https:\/\/www.yishengpack.com\/wp-content\/uploads\/2025\/01\/Bulk-Plastic-Cupcake-Containers-with-Clear-Dome-Lids-in-2-Packs-7.webp\" alt=\"Bulk Plastic Cupcake Containers with Clear Dome Lids in 2-Packs (7)\" class=\"wp-image-201\" srcset=\"https:\/\/www.yishengpack.com\/wp-content\/uploads\/2025\/01\/Bulk-Plastic-Cupcake-Containers-with-Clear-Dome-Lids-in-2-Packs-7.webp 800w, https:\/\/www.yishengpack.com\/wp-content\/uploads\/2025\/01\/Bulk-Plastic-Cupcake-Containers-with-Clear-Dome-Lids-in-2-Packs-7-300x300.webp 300w, https:\/\/www.yishengpack.com\/wp-content\/uploads\/2025\/01\/Bulk-Plastic-Cupcake-Containers-with-Clear-Dome-Lids-in-2-Packs-7-150x150.webp 150w, https:\/\/www.yishengpack.com\/wp-content\/uploads\/2025\/01\/Bulk-Plastic-Cupcake-Containers-with-Clear-Dome-Lids-in-2-Packs-7-768x768.webp 768w, https:\/\/www.yishengpack.com\/wp-content\/uploads\/2025\/01\/Bulk-Plastic-Cupcake-Containers-with-Clear-Dome-Lids-in-2-Packs-7-600x600.webp 600w, https:\/\/www.yishengpack.com\/wp-content\/uploads\/2025\/01\/Bulk-Plastic-Cupcake-Containers-with-Clear-Dome-Lids-in-2-Packs-7-100x100.webp 100w\" sizes=\"(max-width: 800px) 100vw, 800px\" \/><\/figure>\n<\/div>\n<\/div>","protected":false},"excerpt":{"rendered":"<p>These 2-pack bulk plastic cupcake containers with clear dome lids are a high-quality packaging solution designed for bulk sales or home parties, bakeries, cafes and more. Each box contains two individual cupcake cases, which is economical and practical, and ensures that the cupcakes are safe and undamaged. Welcome to contact Yisheng!<\/p>\n<h2>Bulk Plastic Cupcake Containers Specifications:<\/h2>\n<table width=\"528\">\n<tbody>\n<tr>\n<td width=\"215\">Hersteller:<\/td>\n<td colspan=\"2\" width=\"313\">Yisheng<\/td>\n<\/tr>\n<tr>\n<td>Modell:<\/td>\n<td colspan=\"2\">H141<\/td>\n<\/tr>\n<tr>\n<td>Material:\u00a0<\/td>\n<td colspan=\"2\">PET<\/td>\n<\/tr>\n<tr>\n<td>Farbe:\u00a0<\/td>\n<td colspan=\"2\">White, Black<\/td>\n<\/tr>\n<tr>\n<td>Gr\u00f6\u00dfe:\u00a0<\/td>\n<td colspan=\"2\" width=\"313\">16cm\u21799cm\u21796.5cm<\/td>\n<\/tr>\n<tr>\n<td>Gewicht:\u00a0<\/td>\n<td colspan=\"2\">16.6g\/pc<\/td>\n<\/tr>\n<tr>\n<td>Die Form:\u00a0<\/td>\n<td colspan=\"2\">Rechteck<\/td>\n<\/tr>\n<tr>\n<td>Verpacken:\u00a0<\/td>\n<td colspan=\"2\">50St\u00fcck\/Beutel<\/td>\n<\/tr>\n<tr>\n<td>MOQ:\u00a0<\/td>\n<td colspan=\"2\">1200St\u00fcck<\/td>\n<\/tr>\n<tr>\n<td>OEM&amp;ODM:\u00a0<\/td>\n<td colspan=\"2\">Kundenspezifisch, Willkommen OEM&amp;ODM<\/td>\n<\/tr>\n<tr>\n<td>Muster\uff1a<\/td>\n<td colspan=\"2\">10 St\u00fcck kostenlose Probe kann angefordert werden<\/td>\n<\/tr>\n<\/tbody>\n<\/table>\n<p>&nbsp;<\/p>","protected":false},"featured_media":198,"comment_status":"closed","ping_status":"closed","template":"","meta":{"_acf_changed":false},"box-type":[61],"product_brand":[],"product_cat":[30,21],"product_tag":[],"class_list":{"0":"post-193","1":"product","2":"type-product","3":"status-publish","4":"has-post-thumbnail","6":"box-type-custom-two-piece-boxes","7":"product_cat-cake-containers-wholesale","8":"product_cat-plastic-cake-containers-wholesale","10":"first","11":"instock","12":"shipping-taxable","13":"product-type-simple"},"acf":[],"_links":{"self":[{"href":"https:\/\/www.yishengpack.com\/de\/wp-json\/wp\/v2\/product\/193","targetHints":{"allow":["GET"]}}],"collection":[{"href":"https:\/\/www.yishengpack.com\/de\/wp-json\/wp\/v2\/product"}],"about":[{"href":"https:\/\/www.yishengpack.com\/de\/wp-json\/wp\/v2\/types\/product"}],"replies":[{"embeddable":true,"href":"https:\/\/www.yishengpack.com\/de\/wp-json\/wp\/v2\/comments?post=193"}],"wp:featuredmedia":[{"embeddable":true,"href":"https:\/\/www.yishengpack.com\/de\/wp-json\/wp\/v2\/media\/198"}],"wp:attachment":[{"href":"https:\/\/www.yishengpack.com\/de\/wp-json\/wp\/v2\/media?parent=193"}],"wp:term":[{"taxonomy":"box-type","embeddable":true,"href":"https:\/\/www.yishengpack.com\/de\/wp-json\/wp\/v2\/box-type?post=193"},{"taxonomy":"product_brand","embeddable":true,"href":"https:\/\/www.yishengpack.com\/de\/wp-json\/wp\/v2\/product_brand?post=193"},{"taxonomy":"product_cat","embeddable":true,"href":"https:\/\/www.yishengpack.com\/de\/wp-json\/wp\/v2\/product_cat?post=193"},{"taxonomy":"product_tag","embeddable":true,"href":"https:\/\/www.yishengpack.com\/de\/wp-json\/wp\/v2\/product_tag?post=193"}],"curies":[{"name":"wp","href":"https:\/\/api.w.org\/{rel}","templated":true}]}}