{"id":1928,"date":"2025-09-13T02:27:06","date_gmt":"2025-09-13T02:27:06","guid":{"rendered":"https:\/\/www.yishengpack.com\/?post_type=product&#038;p=1928"},"modified":"2025-09-13T02:27:08","modified_gmt":"2025-09-13T02:27:08","slug":"wholesale-paper-boxes","status":"publish","type":"product","link":"https:\/\/www.yishengpack.com\/de\/produkt\/wholesale-paper-boxes\/","title":{"rendered":"Umweltfreundliche Gro\u00dfhandelspapierboxen mit klarem Deckel f\u00fcr Lebensmittel"},"content":{"rendered":"<div class=\"wp-block-columns is-layout-flex wp-container-core-columns-is-layout-9d6595d7 wp-block-columns-is-layout-flex\">\n<div class=\"wp-block-column is-layout-flow wp-block-column-is-layout-flow\">\n<h3 class=\"wp-block-heading\">Merkmale von Gro\u00dfhandels-Papierboxen mit Deckel<\/h3>\n\n\n\n<p><strong>Design mit durchsichtigem Deckel:<\/strong> Die umweltfreundlichen Papierboxen f\u00fcr den Gro\u00dfhandel haben einen durchsichtigen Deckel, sodass Lebensmittel wie Sandwiches, Kuchen und Geb\u00e4ck im Inneren gut sichtbar pr\u00e4sentiert werden k\u00f6nnen \u2013 ideal, um Kunden anzulocken.<\/p>\n\n\n\n<p><strong>Lebensmittelechte, umweltfreundliche Konstruktion:<\/strong> Die umweltfreundlichen Papierboxen f\u00fcr den Gro\u00dfhandel werden aus lebensmittelechtem Material hergestellt. Sie eignen sich ideal f\u00fcr verschiedene Lebensmittel wie Hamburger, Brath\u00e4hnchen, Pommes frites, Brot und Kuchen und sind lebensmittelecht.<\/p>\n\n\n\n<p><strong>Stapelbar f\u00fcr platzsparende Aufbewahrung: <\/strong>Die Gro\u00dfhandels-Wurstwarenboxen sind stapelbar. Dadurch lassen sie sich platzsparend lagern und transportieren, was die Bestandsverwaltung und Lieferung vereinfacht.<\/p>\n\n\n\n<p><strong>Leuchtende Farboptionen:<\/strong> Die Gro\u00dfhandelspapierboxen mit transparentem Deckel sind in vielen leuchtenden Farben erh\u00e4ltlich. Diese Farben machen die Box attraktiv, ideal f\u00fcr die Verpackung von Lebensmitteln und sorgen f\u00fcr eine ansprechende Gesamtpr\u00e4sentation.<\/p>\n\n\n\n<p><strong>Vollst\u00e4ndig markenf\u00e4hig: <\/strong>Die Gro\u00dfhandels-Charcuterie-Boxen sind in Gr\u00f6\u00dfe, Farbe, Mustern, Logo und Oberfl\u00e4chenausf\u00fchrung vollst\u00e4ndig brandbar. Dadurch k\u00f6nnen sie den unterschiedlichen Branding-Anforderungen verschiedener Lebensmittelunternehmen gerecht werden.<\/p>\n<\/div>\n\n\n\n<div class=\"wp-block-column is-layout-flow wp-block-column-is-layout-flow\">\n<figure class=\"wp-block-image size-full\"><img decoding=\"async\" width=\"1328\" height=\"1328\" src=\"https:\/\/www.yishengpack.com\/wp-content\/uploads\/2025\/09\/Custom-Eco-friendly-Paper-Boxes-Wholesale-Sandwich-Burger-Take-Away-Paper-Boxes-2.webp\" alt=\"Umweltfreundliche Papierboxen mit transparentem Deckel f\u00fcr Lebensmittel, Gro\u00dfhandel\" class=\"wp-image-1945\" srcset=\"https:\/\/www.yishengpack.com\/wp-content\/uploads\/2025\/09\/Custom-Eco-friendly-Paper-Boxes-Wholesale-Sandwich-Burger-Take-Away-Paper-Boxes-2.webp 1328w, https:\/\/www.yishengpack.com\/wp-content\/uploads\/2025\/09\/Custom-Eco-friendly-Paper-Boxes-Wholesale-Sandwich-Burger-Take-Away-Paper-Boxes-2-300x300.webp 300w, https:\/\/www.yishengpack.com\/wp-content\/uploads\/2025\/09\/Custom-Eco-friendly-Paper-Boxes-Wholesale-Sandwich-Burger-Take-Away-Paper-Boxes-2-150x150.webp 150w, https:\/\/www.yishengpack.com\/wp-content\/uploads\/2025\/09\/Custom-Eco-friendly-Paper-Boxes-Wholesale-Sandwich-Burger-Take-Away-Paper-Boxes-2-768x768.webp 768w, https:\/\/www.yishengpack.com\/wp-content\/uploads\/2025\/09\/Custom-Eco-friendly-Paper-Boxes-Wholesale-Sandwich-Burger-Take-Away-Paper-Boxes-2-12x12.webp 12w, https:\/\/www.yishengpack.com\/wp-content\/uploads\/2025\/09\/Custom-Eco-friendly-Paper-Boxes-Wholesale-Sandwich-Burger-Take-Away-Paper-Boxes-2-1200x1200.webp 1200w, https:\/\/www.yishengpack.com\/wp-content\/uploads\/2025\/09\/Custom-Eco-friendly-Paper-Boxes-Wholesale-Sandwich-Burger-Take-Away-Paper-Boxes-2-600x600.webp 600w, https:\/\/www.yishengpack.com\/wp-content\/uploads\/2025\/09\/Custom-Eco-friendly-Paper-Boxes-Wholesale-Sandwich-Burger-Take-Away-Paper-Boxes-2-100x100.webp 100w\" sizes=\"(max-width: 1328px) 100vw, 1328px\" \/><\/figure>\n<\/div>\n<\/div>\n\n\n\n<p><\/p>","protected":false},"excerpt":{"rendered":"<p>Willkommen beim Kauf unserer Gro\u00dfhandels-Papierboxen mit durchsichtigen Deckeln. Entdecken Sie unsere Gro\u00dfhandels-Papierboxen mit durchsichtigen Deckeln in verschiedenen Farben, die sich perfekt f\u00fcr die Verpackung von Brath\u00e4hnchen, Hamburgern, Pommes frites, Brot, Kuchen und vielem mehr eignen. Unsere ma\u00dfgeschneiderten Take-away-Boxen werden aus umweltfreundlichen Materialien hergestellt und zeichnen sich durch ein praktisches Design aus. Von der Gr\u00f6\u00dfe \u00fcber die Farben und das Logo bis hin zum Einsatz sind sie vollst\u00e4ndig an Ihre Marke anpassbar. Wir helfen Ihnen dabei, Ihre Lebensmittelprodukte sch\u00f6n und nachhaltig in Szene zu setzen.<\/p>\n<h2>Highlights umweltfreundlicher Papierboxen f\u00fcr den Gro\u00dfhandel<\/h2>\n<ul>\n<li>Erlaubte Anpassungen insgesamt<\/li>\n<li>Umweltfreundliche Materialien<\/li>\n<li>Solide Handwerkskunst<\/li>\n<li>Mehrere Box-Typen<\/li>\n<li>Lebendige Farbauswahl<\/li>\n<li>Praktische Verpackung<\/li>\n<\/ul>\n<p>&nbsp;<\/p>\n<p>&nbsp;<\/p>","protected":false},"featured_media":1944,"comment_status":"closed","ping_status":"closed","template":"","meta":{"_acf_changed":false},"box-type":[64],"product_brand":[],"product_cat":[46,30,31,21,32,33,44,45],"product_tag":[],"class_list":{"0":"post-1928","1":"product","2":"type-product","3":"status-publish","4":"has-post-thumbnail","6":"box-type-custom-clear-lid-paper-boxes","7":"product_cat-wholesale-paper-boxes","8":"product_cat-cake-containers-wholesale","9":"product_cat-wholesale-charcuterie-boxes","10":"product_cat-plastic-cake-containers-wholesale","11":"product_cat-bakery-packaging-wholesale","12":"product_cat-food-packaging-boxes-wholesale","13":"product_cat-custom-snack-box","14":"product_cat-bulk-disposable-food-containers","16":"first","17":"instock","18":"shipping-taxable","19":"product-type-simple"},"acf":[],"_links":{"self":[{"href":"https:\/\/www.yishengpack.com\/de\/wp-json\/wp\/v2\/product\/1928","targetHints":{"allow":["GET"]}}],"collection":[{"href":"https:\/\/www.yishengpack.com\/de\/wp-json\/wp\/v2\/product"}],"about":[{"href":"https:\/\/www.yishengpack.com\/de\/wp-json\/wp\/v2\/types\/product"}],"replies":[{"embeddable":true,"href":"https:\/\/www.yishengpack.com\/de\/wp-json\/wp\/v2\/comments?post=1928"}],"wp:featuredmedia":[{"embeddable":true,"href":"https:\/\/www.yishengpack.com\/de\/wp-json\/wp\/v2\/media\/1944"}],"wp:attachment":[{"href":"https:\/\/www.yishengpack.com\/de\/wp-json\/wp\/v2\/media?parent=1928"}],"wp:term":[{"taxonomy":"box-type","embeddable":true,"href":"https:\/\/www.yishengpack.com\/de\/wp-json\/wp\/v2\/box-type?post=1928"},{"taxonomy":"product_brand","embeddable":true,"href":"https:\/\/www.yishengpack.com\/de\/wp-json\/wp\/v2\/product_brand?post=1928"},{"taxonomy":"product_cat","embeddable":true,"href":"https:\/\/www.yishengpack.com\/de\/wp-json\/wp\/v2\/product_cat?post=1928"},{"taxonomy":"product_tag","embeddable":true,"href":"https:\/\/www.yishengpack.com\/de\/wp-json\/wp\/v2\/product_tag?post=1928"}],"curies":[{"name":"wp","href":"https:\/\/api.w.org\/{rel}","templated":true}]}}