{"id":1845,"date":"2025-09-11T09:56:18","date_gmt":"2025-09-11T09:56:18","guid":{"rendered":"https:\/\/www.yishengpack.com\/?post_type=product&#038;p=1845"},"modified":"2025-09-11T09:56:22","modified_gmt":"2025-09-11T09:56:22","slug":"wholesale-drawer-boxes","status":"publish","type":"product","link":"https:\/\/www.yishengpack.com\/de\/produkt\/wholesale-drawer-boxes\/","title":{"rendered":"Gro\u00dfhandel Schublade Boxen, Bulk benutzerdefinierte Geschenk-Boxen f\u00fcr Kleidung"},"content":{"rendered":"<div class=\"wp-block-columns is-layout-flex wp-container-core-columns-is-layout-9d6595d7 wp-block-columns-is-layout-flex\">\n<div class=\"wp-block-column is-layout-flow wp-block-column-is-layout-flow\">\n<h3 class=\"wp-block-heading\">Merkmale der Gro\u00dfhandel Schublade Boxen<\/h3>\n\n\n\n<p><strong>Glatte Schublade - Stil\u00f6ffnung:<\/strong> Die ma\u00dfgefertigte Schubladenbox verf\u00fcgt \u00fcber ein schubladenartiges Design, das ein sanftes und bequemes \u00d6ffnen erm\u00f6glicht. Sie eignet sich perfekt f\u00fcr ein elegantes Unboxing-Erlebnis, wenn Sie Gegenst\u00e4nde wie Kleidung, Schuhe oder Kosmetika herausnehmen.<\/p>\n\n\n\n<p><strong>Vielseitiger Innenraum f\u00fcr verschiedene Gegenst\u00e4nde: <\/strong>Diese Schubladenboxen f\u00fcr den Gro\u00dfhandel haben einen gro\u00dfen Innenraum, in dem Kleidung, Schuhe, Socken, Kosmetika, Schmuck und vieles mehr untergebracht werden k\u00f6nnen. Und Sie k\u00f6nnen auch Eins\u00e4tze anpassen, um verschiedene Gegenst\u00e4nde besser unterzubringen.<\/p>\n\n\n\n<p><strong>Starker Rahmen zum Schutz:<\/strong> Die Schubladenboxen f\u00fcr den Gro\u00dfhandel haben einen stabilen Rahmen, der den Inhalt, wie z. B. empfindlichen Schmuck, Make-up oder Kleidung, sch\u00fctzen kann, so dass sie bei der Lagerung oder beim Versand in gutem Zustand bleiben.<\/p>\n\n\n\n<p><strong>Raffinierte Farboptionen sorgen f\u00fcr Unterscheidungskraft: <\/strong>Die Schubladenboxen f\u00fcr den Gro\u00dfhandel bieten eine Reihe von raffinierten Farboptionen, z. B. dunkles Burgunderrot oder helles Mintgr\u00fcn, die die Box optisch hervorheben und sich f\u00fcr die Verpackung von hochwertigen Produkten wie teuren Kosmetika oder Schmuck eignen.<\/p>\n\n\n\n<p><strong>Vollst\u00e4ndig markenf\u00e4hig: <\/strong>Die Schubladenbox ist in Gr\u00f6\u00dfe, Farbe, Muster, Logo, Oberfl\u00e4chenbeschaffenheit und innerer Konstruktion frei gestaltbar. Sie ist ideal, um verschiedene Branding-Anforderungen f\u00fcr unterschiedliche Produkte zu erf\u00fcllen, wie z. B. Modemarken oder Kosmetikmarken.<\/p>\n<\/div>\n\n\n\n<div class=\"wp-block-column is-layout-flow wp-block-column-is-layout-flow\">\n<figure class=\"wp-block-image size-full\"><img decoding=\"async\" width=\"1328\" height=\"1328\" src=\"https:\/\/www.yishengpack.com\/wp-content\/uploads\/2025\/09\/Wholesale-Bulk-Custom-Storage-Drawer-Boxes-Hot-Sale-Gift-Packaging-Boxes-for-Clothes-and-Shoes-2.webp\" alt=\"gro\u00dfhandel-schubladen-boxen-massenware-geschenk-boxen-f\u00fcr-kleider-2\" class=\"wp-image-1847\" srcset=\"https:\/\/www.yishengpack.com\/wp-content\/uploads\/2025\/09\/Wholesale-Bulk-Custom-Storage-Drawer-Boxes-Hot-Sale-Gift-Packaging-Boxes-for-Clothes-and-Shoes-2.webp 1328w, https:\/\/www.yishengpack.com\/wp-content\/uploads\/2025\/09\/Wholesale-Bulk-Custom-Storage-Drawer-Boxes-Hot-Sale-Gift-Packaging-Boxes-for-Clothes-and-Shoes-2-300x300.webp 300w, https:\/\/www.yishengpack.com\/wp-content\/uploads\/2025\/09\/Wholesale-Bulk-Custom-Storage-Drawer-Boxes-Hot-Sale-Gift-Packaging-Boxes-for-Clothes-and-Shoes-2-150x150.webp 150w, https:\/\/www.yishengpack.com\/wp-content\/uploads\/2025\/09\/Wholesale-Bulk-Custom-Storage-Drawer-Boxes-Hot-Sale-Gift-Packaging-Boxes-for-Clothes-and-Shoes-2-768x768.webp 768w, https:\/\/www.yishengpack.com\/wp-content\/uploads\/2025\/09\/Wholesale-Bulk-Custom-Storage-Drawer-Boxes-Hot-Sale-Gift-Packaging-Boxes-for-Clothes-and-Shoes-2-12x12.webp 12w, https:\/\/www.yishengpack.com\/wp-content\/uploads\/2025\/09\/Wholesale-Bulk-Custom-Storage-Drawer-Boxes-Hot-Sale-Gift-Packaging-Boxes-for-Clothes-and-Shoes-2-1200x1200.webp 1200w, https:\/\/www.yishengpack.com\/wp-content\/uploads\/2025\/09\/Wholesale-Bulk-Custom-Storage-Drawer-Boxes-Hot-Sale-Gift-Packaging-Boxes-for-Clothes-and-Shoes-2-600x600.webp 600w, https:\/\/www.yishengpack.com\/wp-content\/uploads\/2025\/09\/Wholesale-Bulk-Custom-Storage-Drawer-Boxes-Hot-Sale-Gift-Packaging-Boxes-for-Clothes-and-Shoes-2-100x100.webp 100w\" sizes=\"(max-width: 1328px) 100vw, 1328px\" \/><\/figure>\n<\/div>\n<\/div>\n\n\n\n<p><\/p>","protected":false},"excerpt":{"rendered":"<p>Willkommen zum Kauf unserer kundenspezifischen Schubladenboxen. Unsere Gro\u00dfhandels-Schubladenboxen mit Bandgriffen in einer Reihe von atemberaubenden Farben sind perfekt f\u00fcr die Verpackung eines Sortiments von Waren. Mit ihrer leichtg\u00e4ngigen Schubladenoption vereinen sie Luxus und Komfort. Von der Gr\u00f6\u00dfe, den Farben und dem Logo bis hin zu den Inneneins\u00e4tzen sind sie vollst\u00e4ndig anpassbar, damit sie zu Ihrer Marke passen. Wir helfen Ihnen, Ihre Produkte sch\u00f6n und effizient in Szene zu setzen.<\/p>\n<h2>Highlights des Gro\u00dfhandels Schubladenboxen<\/h2>\n<ul>\n<li>Ideal f\u00fcr Kleidung, Schuhe, Schmuck, Kosmetika, etc.<\/li>\n<li>Reibungslos - Schubladendesign<\/li>\n<li>Vollst\u00e4ndige Anpassung verf\u00fcgbar<\/li>\n<li>Mehrere Box-Typen<\/li>\n<li>Verschiedene Farbauswahlen<\/li>\n<li>Anspruchsvoller Druck<\/li>\n<\/ul>\n<p>&nbsp;<\/p>\n<p>&nbsp;<\/p>\n<p>&nbsp;<\/p>","protected":false},"featured_media":1846,"comment_status":"closed","ping_status":"closed","template":"","meta":{"_acf_changed":false},"box-type":[47],"product_brand":[],"product_cat":[19,65,40,39,46],"product_tag":[],"class_list":{"0":"post-1845","1":"product","2":"type-product","3":"status-publish","4":"has-post-thumbnail","6":"box-type-custom-drawer-boxes","7":"product_cat-luxury-gift-boxes-wholesale","8":"product_cat-custom-cosmetic-boxes","9":"product_cat-custom-jewelry-boxes","10":"product_cat-custom-perfume-boxes","11":"product_cat-wholesale-paper-boxes","13":"first","14":"instock","15":"shipping-taxable","16":"product-type-simple"},"acf":[],"_links":{"self":[{"href":"https:\/\/www.yishengpack.com\/de\/wp-json\/wp\/v2\/product\/1845","targetHints":{"allow":["GET"]}}],"collection":[{"href":"https:\/\/www.yishengpack.com\/de\/wp-json\/wp\/v2\/product"}],"about":[{"href":"https:\/\/www.yishengpack.com\/de\/wp-json\/wp\/v2\/types\/product"}],"replies":[{"embeddable":true,"href":"https:\/\/www.yishengpack.com\/de\/wp-json\/wp\/v2\/comments?post=1845"}],"wp:featuredmedia":[{"embeddable":true,"href":"https:\/\/www.yishengpack.com\/de\/wp-json\/wp\/v2\/media\/1846"}],"wp:attachment":[{"href":"https:\/\/www.yishengpack.com\/de\/wp-json\/wp\/v2\/media?parent=1845"}],"wp:term":[{"taxonomy":"box-type","embeddable":true,"href":"https:\/\/www.yishengpack.com\/de\/wp-json\/wp\/v2\/box-type?post=1845"},{"taxonomy":"product_brand","embeddable":true,"href":"https:\/\/www.yishengpack.com\/de\/wp-json\/wp\/v2\/product_brand?post=1845"},{"taxonomy":"product_cat","embeddable":true,"href":"https:\/\/www.yishengpack.com\/de\/wp-json\/wp\/v2\/product_cat?post=1845"},{"taxonomy":"product_tag","embeddable":true,"href":"https:\/\/www.yishengpack.com\/de\/wp-json\/wp\/v2\/product_tag?post=1845"}],"curies":[{"name":"wp","href":"https:\/\/api.w.org\/{rel}","templated":true}]}}