{"id":1632,"date":"2025-07-04T10:43:37","date_gmt":"2025-07-04T10:43:37","guid":{"rendered":"https:\/\/www.yishengpack.com\/?post_type=product&#038;p=1632"},"modified":"2025-08-09T11:16:35","modified_gmt":"2025-08-09T11:16:35","slug":"custom-luxury-rigid-boxes","status":"publish","type":"product","link":"https:\/\/www.yishengpack.com\/de\/produkt\/custom-luxury-rigid-boxes\/","title":{"rendered":"Custom Luxury Rigid Boxen in Olivgr\u00fcn, gepr\u00e4gte Geschenk-Box Gro\u00dfhandel mit Griff Tasche"},"content":{"rendered":"<div class=\"wp-block-columns is-layout-flex wp-container-core-columns-is-layout-9d6595d7 wp-block-columns-is-layout-flex\">\n<div class=\"wp-block-column is-layout-flow wp-block-column-is-layout-flow\">\n<h3 class=\"wp-block-heading\">Merkmale der Custom Luxury Rigid Boxen<\/h3>\n\n\n\n<p><strong>Sch\u00f6ne zweifarbige Farbe: <\/strong>Mit ihren sch\u00f6nen Farben von lebhaftem Orange und Olivgr\u00fcn erzeugen diese ma\u00dfgeschneiderten Luxus-Boxen einen sch\u00f6nen zweifarbigen Effekt, der nach Raffinesse und Eleganz schreit.<\/p>\n\n\n\n<p><strong>Gepr\u00e4gter Luxus-Deckel:<\/strong> Der Deckel dieser Geschenkbox f\u00fcr den Gro\u00dfhandel ist mit einer feinen Pr\u00e4gung versehen, die ihm einen strukturierten Effekt und einen Hauch von Luxus verleiht.<\/p>\n\n\n\n<p><strong>Herausnehmbares Gitterfach: <\/strong>Die herausnehmbaren Trennw\u00e4nde in diesen ma\u00dfgeschneiderten Luxus-Boxen machen die Box ideal f\u00fcr mehrere Geschenk-Sets wie Snacks, S\u00fc\u00dfigkeiten oder Accessoires.<\/p>\n\n\n\n<p><strong>Inklusive passender Geschenkt\u00fcte:<\/strong> Der Gro\u00dfhandels-Geschenkkarton wird mit einer passenden Geschenktasche geliefert, die das Auspacken und Verschenken zu einem einheitlichen und hochwertigen Erlebnis macht.<\/p>\n\n\n\n<p><strong>Vollst\u00e4ndig anpassbarer Service<\/strong>: Der Service bietet kundenspezifische Gr\u00f6\u00dfen, Farben, Muster, Logos und Materialien, um verschiedene Branding-Anforderungen zu erf\u00fcllen.<\/p>\n<\/div>\n\n\n\n<div class=\"wp-block-column is-layout-flow wp-block-column-is-layout-flow\">\n<figure class=\"wp-block-image size-full\"><img decoding=\"async\" width=\"2676\" height=\"2676\" src=\"https:\/\/www.yishengpack.com\/wp-content\/uploads\/2025\/07\/Wholesale-Luxury-Classic-Customized-Embossed-Rigid-Gift-Box-with-Compartments-Olive-Green-Packaging-with-Handle-Bag-Foil-Stamping8.webp\" alt=\"custom-luxury-rigid-boxes-in-olive-green-embossed-gift-box-wholesale-8\" class=\"wp-image-1640\" srcset=\"https:\/\/www.yishengpack.com\/wp-content\/uploads\/2025\/07\/Wholesale-Luxury-Classic-Customized-Embossed-Rigid-Gift-Box-with-Compartments-Olive-Green-Packaging-with-Handle-Bag-Foil-Stamping8.webp 2676w, https:\/\/www.yishengpack.com\/wp-content\/uploads\/2025\/07\/Wholesale-Luxury-Classic-Customized-Embossed-Rigid-Gift-Box-with-Compartments-Olive-Green-Packaging-with-Handle-Bag-Foil-Stamping8-300x300.webp 300w, https:\/\/www.yishengpack.com\/wp-content\/uploads\/2025\/07\/Wholesale-Luxury-Classic-Customized-Embossed-Rigid-Gift-Box-with-Compartments-Olive-Green-Packaging-with-Handle-Bag-Foil-Stamping8-150x150.webp 150w, https:\/\/www.yishengpack.com\/wp-content\/uploads\/2025\/07\/Wholesale-Luxury-Classic-Customized-Embossed-Rigid-Gift-Box-with-Compartments-Olive-Green-Packaging-with-Handle-Bag-Foil-Stamping8-768x768.webp 768w, https:\/\/www.yishengpack.com\/wp-content\/uploads\/2025\/07\/Wholesale-Luxury-Classic-Customized-Embossed-Rigid-Gift-Box-with-Compartments-Olive-Green-Packaging-with-Handle-Bag-Foil-Stamping8-12x12.webp 12w, https:\/\/www.yishengpack.com\/wp-content\/uploads\/2025\/07\/Wholesale-Luxury-Classic-Customized-Embossed-Rigid-Gift-Box-with-Compartments-Olive-Green-Packaging-with-Handle-Bag-Foil-Stamping8-1200x1200.webp 1200w, https:\/\/www.yishengpack.com\/wp-content\/uploads\/2025\/07\/Wholesale-Luxury-Classic-Customized-Embossed-Rigid-Gift-Box-with-Compartments-Olive-Green-Packaging-with-Handle-Bag-Foil-Stamping8-600x600.webp 600w, https:\/\/www.yishengpack.com\/wp-content\/uploads\/2025\/07\/Wholesale-Luxury-Classic-Customized-Embossed-Rigid-Gift-Box-with-Compartments-Olive-Green-Packaging-with-Handle-Bag-Foil-Stamping8-100x100.webp 100w\" sizes=\"(max-width: 2676px) 100vw, 2676px\" \/><\/figure>\n<\/div>\n<\/div>\n\n\n\n<p><\/p>","protected":false},"excerpt":{"rendered":"<p>Willkommen zum Kauf unserer ma\u00dfgeschneiderten Luxus-Boxen. Diese sch\u00f6ne Geschenkbox-Kollektion hat eine gepr\u00e4gte olivgr\u00fcne Oberseite und eine leuchtend orangefarbene Unterseite mit herausnehmbaren Trenngittern, ideal f\u00fcr die ordentliche Aufbewahrung von Leckereien, Tees oder Accessoires. Mit einer passenden Papiert\u00fcte und aus hochwertigem Hartkarton gefertigt, verbindet sie \u00c4sthetik mit Funktionalit\u00e4t.<\/p>\n<h2>Kundenspezifische starre Luxusboxen Spezifikationen:<\/h2>\n<table width=\"528\">\n<tbody>\n<tr>\n<td width=\"215\">Hersteller:<\/td>\n<td colspan=\"2\" width=\"313\">Yisheng<\/td>\n<\/tr>\n<tr>\n<td>Entwurf:<\/td>\n<td colspan=\"2\">Starre Geschenkboxen<\/td>\n<\/tr>\n<tr>\n<td>Material:\u00a0<\/td>\n<td colspan=\"2\">Karton und Kunstdruckpapier<\/td>\n<\/tr>\n<tr>\n<td>Farbe:\u00a0<\/td>\n<td colspan=\"2\">CMYK 4-Farb-Offsetdruck<\/td>\n<\/tr>\n<tr>\n<td>Gr\u00f6\u00dfe:\u00a0<\/td>\n<td colspan=\"2\" width=\"313\">Kundenspezifisch Annehmen<\/td>\n<\/tr>\n<tr>\n<td>Allgemeine Verwendung:<\/td>\n<td colspan=\"2\" width=\"313\">Leckereien, Tee, Geb\u00e4ck, Kekse, etc.<\/td>\n<\/tr>\n<tr>\n<td>Die Form:\u00a0<\/td>\n<td colspan=\"2\" width=\"313\">Rechteckig &amp; Individuell angepasst<\/td>\n<\/tr>\n<tr>\n<td>Logo:\u00a0<\/td>\n<td colspan=\"2\">Akzeptieren Sie kundenspezifischen Logodruck<\/td>\n<\/tr>\n<tr>\n<td>MOQ:\u00a0<\/td>\n<td colspan=\"2\">1000St\u00fcck<\/td>\n<\/tr>\n<tr>\n<td>OEM &amp; ODM:<\/td>\n<td colspan=\"2\">Kundenspezifisch, OEM und ODM willkommen<\/td>\n<\/tr>\n<tr>\n<td>Muster\uff1a<\/td>\n<td colspan=\"2\">5 St\u00fcck kostenlose Muster k\u00f6nnen angefordert werden<\/td>\n<\/tr>\n<\/tbody>\n<\/table>\n<p>\n<script src=\"chrome-extension:\/\/fpelahbljekknahkcaegamhcndkfpfnc\/iFrame.js\" type=\"text\/javascript\"><\/script><\/p>","protected":false},"featured_media":1633,"comment_status":"closed","ping_status":"closed","template":"","meta":{"_acf_changed":false},"box-type":[53,57],"product_brand":[],"product_cat":[19,41,40,34,37],"product_tag":[],"class_list":{"0":"post-1632","1":"product","2":"type-product","3":"status-publish","4":"has-post-thumbnail","6":"box-type-custom-ribbon-handle-paper-bag","7":"box-type-custom-rigid-box-with-lid","8":"product_cat-luxury-gift-boxes-wholesale","9":"product_cat-candy-gift-boxes-wholesale","10":"product_cat-custom-jewelry-boxes","11":"product_cat-paper-bags-wholesale","12":"product_cat-paper-gift-bags-bulk","14":"first","15":"instock","16":"shipping-taxable","17":"product-type-simple"},"acf":[],"_links":{"self":[{"href":"https:\/\/www.yishengpack.com\/de\/wp-json\/wp\/v2\/product\/1632","targetHints":{"allow":["GET"]}}],"collection":[{"href":"https:\/\/www.yishengpack.com\/de\/wp-json\/wp\/v2\/product"}],"about":[{"href":"https:\/\/www.yishengpack.com\/de\/wp-json\/wp\/v2\/types\/product"}],"replies":[{"embeddable":true,"href":"https:\/\/www.yishengpack.com\/de\/wp-json\/wp\/v2\/comments?post=1632"}],"wp:featuredmedia":[{"embeddable":true,"href":"https:\/\/www.yishengpack.com\/de\/wp-json\/wp\/v2\/media\/1633"}],"wp:attachment":[{"href":"https:\/\/www.yishengpack.com\/de\/wp-json\/wp\/v2\/media?parent=1632"}],"wp:term":[{"taxonomy":"box-type","embeddable":true,"href":"https:\/\/www.yishengpack.com\/de\/wp-json\/wp\/v2\/box-type?post=1632"},{"taxonomy":"product_brand","embeddable":true,"href":"https:\/\/www.yishengpack.com\/de\/wp-json\/wp\/v2\/product_brand?post=1632"},{"taxonomy":"product_cat","embeddable":true,"href":"https:\/\/www.yishengpack.com\/de\/wp-json\/wp\/v2\/product_cat?post=1632"},{"taxonomy":"product_tag","embeddable":true,"href":"https:\/\/www.yishengpack.com\/de\/wp-json\/wp\/v2\/product_tag?post=1632"}],"curies":[{"name":"wp","href":"https:\/\/api.w.org\/{rel}","templated":true}]}}