{"id":1620,"date":"2025-08-16T02:35:17","date_gmt":"2025-08-16T02:35:17","guid":{"rendered":"https:\/\/www.yishengpack.com\/?post_type=product&#038;p=1620"},"modified":"2025-09-04T09:01:48","modified_gmt":"2025-09-04T09:01:48","slug":"custom-pull-out-boxes","status":"publish","type":"product","link":"https:\/\/www.yishengpack.com\/de\/produkt\/custom-pull-out-boxes\/","title":{"rendered":"Hei\u00dfer Verkauf benutzerdefinierte Pull-Out-Boxen, Gro\u00dfhandel faltbare Papier-Box f\u00fcr Schokolade Cookies"},"content":{"rendered":"<div class=\"wp-block-columns is-layout-flex wp-container-core-columns-is-layout-9d6595d7 wp-block-columns-is-layout-flex\">\n<div class=\"wp-block-column is-layout-flow wp-block-column-is-layout-flow\">\n<h3 class=\"wp-block-heading\">Merkmale der Custom Pull-Out Boxen<\/h3>\n\n\n\n<p><strong>Elegantes Design im Schubladenstil: <\/strong>Das schubladenartige Design der ma\u00dfgefertigten Ausziehboxen bietet einen reibungslosen, praktischen \u00d6ffnungsmechanismus, der f\u00fcr ein raffiniertes Auspackerlebnis sorgt.<\/p>\n\n\n\n<p><strong>Lebensmittelechtes Innenfach im Lieferumfang enthalten: <\/strong>Die ma\u00dfgefertigten Ausziehboxen enthalten ein herausnehmbares, lebensmittelechtes Papiertablett, das sich ideal f\u00fcr Pralinen, Bonbons oder kleine Desserts eignet und gegen einen Schmuckeinsatz ausgetauscht werden kann.<\/p>\n\n\n\n<p><strong>Flat-Pack-Design f\u00fcr kosteng\u00fcnstigen Versand:<\/strong> Der faltbare Boden der faltbaren Papierverpackungsschachtel f\u00fcr den Gro\u00dfhandel spart Platz beim Versand, was wiederum Lager- und Lieferkosten spart.<\/p>\n\n\n\n<p><strong>Zweifarbige Eleganz in Chocolate &amp; Nude Pink: <\/strong>Der elegante Farbkontrast von schokoladenbraun und nude-rosa auf der Gro\u00dfhandels-Faltschachtel sorgt f\u00fcr einen zierlichen, aber eleganten optischen Reiz der Schachtel, ideal f\u00fcr Luxusgeschenke.<\/p>\n\n\n\n<p><strong>Vollst\u00e4ndig anpassbare Funktionen:<\/strong> Die kundenspezifischen Auszugsk\u00e4sten sind in Gr\u00f6\u00dfe, Farbe, Grafik, Logo, Oberfl\u00e4chenbeschaffenheit und Traykonfiguration vollst\u00e4ndig anpassbar, um verschiedene Markenanforderungen zu erf\u00fcllen.<\/p>\n<\/div>\n\n\n\n<div class=\"wp-block-column is-layout-flow wp-block-column-is-layout-flow\">\n<figure class=\"wp-block-image size-full\"><img decoding=\"async\" width=\"2562\" height=\"2562\" src=\"https:\/\/www.yishengpack.com\/wp-content\/uploads\/2025\/06\/Hot-Sale-Wholesale-Foldable-Chocolate-Cookies-Jewelry-Pillowcase-Paper-Packaging-Box-Drawer-Storage-Boxes-Brand-Promotion3.webp\" alt=\"hot-sale-individuelle-ausziehbare-boxen-gro\u00dfhandel-faltbare-papier-box-f\u00fcr-schokolade-kekse-3\" class=\"wp-image-1623\" srcset=\"https:\/\/www.yishengpack.com\/wp-content\/uploads\/2025\/06\/Hot-Sale-Wholesale-Foldable-Chocolate-Cookies-Jewelry-Pillowcase-Paper-Packaging-Box-Drawer-Storage-Boxes-Brand-Promotion3.webp 2562w, https:\/\/www.yishengpack.com\/wp-content\/uploads\/2025\/06\/Hot-Sale-Wholesale-Foldable-Chocolate-Cookies-Jewelry-Pillowcase-Paper-Packaging-Box-Drawer-Storage-Boxes-Brand-Promotion3-300x300.webp 300w, https:\/\/www.yishengpack.com\/wp-content\/uploads\/2025\/06\/Hot-Sale-Wholesale-Foldable-Chocolate-Cookies-Jewelry-Pillowcase-Paper-Packaging-Box-Drawer-Storage-Boxes-Brand-Promotion3-150x150.webp 150w, https:\/\/www.yishengpack.com\/wp-content\/uploads\/2025\/06\/Hot-Sale-Wholesale-Foldable-Chocolate-Cookies-Jewelry-Pillowcase-Paper-Packaging-Box-Drawer-Storage-Boxes-Brand-Promotion3-768x768.webp 768w, https:\/\/www.yishengpack.com\/wp-content\/uploads\/2025\/06\/Hot-Sale-Wholesale-Foldable-Chocolate-Cookies-Jewelry-Pillowcase-Paper-Packaging-Box-Drawer-Storage-Boxes-Brand-Promotion3-12x12.webp 12w, https:\/\/www.yishengpack.com\/wp-content\/uploads\/2025\/06\/Hot-Sale-Wholesale-Foldable-Chocolate-Cookies-Jewelry-Pillowcase-Paper-Packaging-Box-Drawer-Storage-Boxes-Brand-Promotion3-1200x1200.webp 1200w, https:\/\/www.yishengpack.com\/wp-content\/uploads\/2025\/06\/Hot-Sale-Wholesale-Foldable-Chocolate-Cookies-Jewelry-Pillowcase-Paper-Packaging-Box-Drawer-Storage-Boxes-Brand-Promotion3-600x600.webp 600w, https:\/\/www.yishengpack.com\/wp-content\/uploads\/2025\/06\/Hot-Sale-Wholesale-Foldable-Chocolate-Cookies-Jewelry-Pillowcase-Paper-Packaging-Box-Drawer-Storage-Boxes-Brand-Promotion3-100x100.webp 100w\" sizes=\"(max-width: 2562px) 100vw, 2562px\" \/><\/figure>\n<\/div>\n<\/div>\n\n\n\n<p><\/p>","protected":false},"excerpt":{"rendered":"<p>Willkommen zum Kauf unserer individuellen Ausziehboxen. Entdecken Sie unsere elegante, schokoladen- und nudefarbene Schubladenbox, die sich perfekt f\u00fcr die Verpackung von Schokolade, S\u00fc\u00dfigkeiten oder Schmuck eignet. Mit ihrem glatten Schiebedesign und dem Tablett aus lebensmittelechtem Papier ist sie eine Kombination aus Luxus und Komfort. Von der Gr\u00f6\u00dfe und den Farben bis hin zum Logo und der Einlage ist sie vollst\u00e4ndig anpassbar, damit sie zu Ihrer Marke passt. Wir helfen Ihnen dabei, Ihr Produkt auf sch\u00f6ne und effiziente Weise hervorzuheben.<\/p>\n<h2>Highlights des Gro\u00dfhandels Faltschachteln<\/h2>\n<ul>\n<li>Vollst\u00e4ndige Anpassung<\/li>\n<li>Hochwertige Materialien<\/li>\n<li>Exquisiter Druck<\/li>\n<li>Mehrere Box-Typen<\/li>\n<li>Lebendige Farben<\/li>\n<li>OEM&amp;ODM-Dienstleistung<\/li>\n<\/ul>\n<p>&nbsp;<\/p><\/p>","protected":false},"featured_media":1621,"comment_status":"closed","ping_status":"closed","template":"","meta":{"_acf_changed":false},"box-type":[47,55,61],"product_brand":[],"product_cat":[19,41,40,46,33,44],"product_tag":[],"class_list":{"0":"post-1620","1":"product","2":"type-product","3":"status-publish","4":"has-post-thumbnail","6":"box-type-custom-drawer-boxes","7":"box-type-custom-foldable-boxes","8":"box-type-custom-two-piece-boxes","9":"product_cat-luxury-gift-boxes-wholesale","10":"product_cat-candy-gift-boxes-wholesale","11":"product_cat-custom-jewelry-boxes","12":"product_cat-wholesale-paper-boxes","13":"product_cat-food-packaging-boxes-wholesale","14":"product_cat-custom-snack-box","16":"first","17":"instock","18":"shipping-taxable","19":"product-type-simple"},"acf":[],"_links":{"self":[{"href":"https:\/\/www.yishengpack.com\/de\/wp-json\/wp\/v2\/product\/1620","targetHints":{"allow":["GET"]}}],"collection":[{"href":"https:\/\/www.yishengpack.com\/de\/wp-json\/wp\/v2\/product"}],"about":[{"href":"https:\/\/www.yishengpack.com\/de\/wp-json\/wp\/v2\/types\/product"}],"replies":[{"embeddable":true,"href":"https:\/\/www.yishengpack.com\/de\/wp-json\/wp\/v2\/comments?post=1620"}],"wp:featuredmedia":[{"embeddable":true,"href":"https:\/\/www.yishengpack.com\/de\/wp-json\/wp\/v2\/media\/1621"}],"wp:attachment":[{"href":"https:\/\/www.yishengpack.com\/de\/wp-json\/wp\/v2\/media?parent=1620"}],"wp:term":[{"taxonomy":"box-type","embeddable":true,"href":"https:\/\/www.yishengpack.com\/de\/wp-json\/wp\/v2\/box-type?post=1620"},{"taxonomy":"product_brand","embeddable":true,"href":"https:\/\/www.yishengpack.com\/de\/wp-json\/wp\/v2\/product_brand?post=1620"},{"taxonomy":"product_cat","embeddable":true,"href":"https:\/\/www.yishengpack.com\/de\/wp-json\/wp\/v2\/product_cat?post=1620"},{"taxonomy":"product_tag","embeddable":true,"href":"https:\/\/www.yishengpack.com\/de\/wp-json\/wp\/v2\/product_tag?post=1620"}],"curies":[{"name":"wp","href":"https:\/\/api.w.org\/{rel}","templated":true}]}}