{"id":162,"date":"2024-12-26T10:07:20","date_gmt":"2024-12-26T10:07:20","guid":{"rendered":"https:\/\/www.yishengpack.com\/?post_type=product&#038;p=162"},"modified":"2025-10-29T02:35:19","modified_gmt":"2025-10-29T02:35:19","slug":"wholesale-cake-box-rectangular","status":"publish","type":"product","link":"https:\/\/www.yishengpack.com\/de\/produkt\/wholesale-cake-box-rectangular\/","title":{"rendered":"Gro\u00dfhandel Kuchen Box rechteckig, Anti-Fog Verpackung Box Bulk"},"content":{"rendered":"<div class=\"wp-block-columns is-layout-flex wp-container-core-columns-is-layout-9d6595d7 wp-block-columns-is-layout-flex\">\n<div class=\"wp-block-column is-layout-flow wp-block-column-is-layout-flow\">\n<h3 class=\"wp-block-heading\">Features of Wholesale Cake Box Rectangular<\/h3>\n\n\n\n<p><strong>Langlebige Konstruktion: <\/strong>This wholesale cake box rectangular is made from high-quality, food-safe PET materials to securely package cakes\u3001 baked goods Sushi, etc.<\/p>\n\n\n\n<p><strong>Anti-Beschlag-Deckel:<\/strong> Sie verhindern die Ansammlung von Feuchtigkeit und sorgen daf\u00fcr, dass der Deckel klar bleibt und ein attraktives Erscheinungsbild beh\u00e4lt.<\/p>\n\n\n\n<p><strong>Kristallklare Transparenz: <\/strong>Der transparente Deckel bietet eine hervorragende Sichtbarkeit und zeigt die Frische und Qualit\u00e4t Ihrer Torten oder Backwaren.<\/p>\n\n\n\n<p><strong>Sicherer Verschluss: <\/strong>Bietet einen dichten Verschluss, um ein Auslaufen zu verhindern und Ihre Produkte w\u00e4hrend des Transports und der Auslage frisch zu halten.<\/p>\n\n\n\n<p><strong>Vielseitig einsetzbar:<\/strong> Dieser Verpackungskarton eignet sich perfekt f\u00fcr B\u00e4ckereien, Catering, Einzelhandel und den Hausgebrauch und bietet Platz f\u00fcr eine Vielzahl von Backwaren\u3001, Desserts und Lebensmitteln.<\/p>\n\n\n\n<p><strong>Anti-Rutsch-Boden: <\/strong>These wholesale cake box rectangular can effectively prevent the box from slipping during transport or putting in place and ensure stable and safe storage of cakes, sushi, etc. while protecting the bottom surface from scratches or damage.<\/p>\n<\/div>\n\n\n\n<div class=\"wp-block-column is-layout-flow wp-block-column-is-layout-flow\">\n<figure class=\"wp-block-image size-full\"><img decoding=\"async\" width=\"750\" height=\"684\" src=\"https:\/\/www.yishengpack.com\/wp-content\/uploads\/2024\/12\/Wholesale-Cake-Box-Rectangular-Anti-fog-Packaging-Box-with-Transparent-Lid-5.webp\" alt=\"Gro\u00dfhandel Kuchen Box rechteckige Anti-Nebel-Verpackung Box mit transparentem Deckel (5)\" class=\"wp-image-168\" srcset=\"https:\/\/www.yishengpack.com\/wp-content\/uploads\/2024\/12\/Wholesale-Cake-Box-Rectangular-Anti-fog-Packaging-Box-with-Transparent-Lid-5.webp 750w, https:\/\/www.yishengpack.com\/wp-content\/uploads\/2024\/12\/Wholesale-Cake-Box-Rectangular-Anti-fog-Packaging-Box-with-Transparent-Lid-5-300x274.webp 300w, https:\/\/www.yishengpack.com\/wp-content\/uploads\/2024\/12\/Wholesale-Cake-Box-Rectangular-Anti-fog-Packaging-Box-with-Transparent-Lid-5-600x547.webp 600w\" sizes=\"(max-width: 750px) 100vw, 750px\" \/><\/figure>\n<\/div>\n<\/div>","protected":false},"excerpt":{"rendered":"<p>Yisheng supplies these wholesale cake box rectangular with an anti-fog transparent lid, offering the perfect solution for displaying and packaging cakes, pastries, and other baked goods. Designed for durability and convenience, this high-quality box ensures that your products stay fresh while still providing a clear view of your delicious creations.<\/p>\n<h2>Kuchenbox rechteckig Spezifikationen:<\/h2>\n<table width=\"528\">\n<tbody>\n<tr>\n<td width=\"215\">Hersteller:<\/td>\n<td colspan=\"2\" width=\"313\">Yisheng<\/td>\n<\/tr>\n<tr>\n<td>Modell:<\/td>\n<td colspan=\"2\">H9<\/td>\n<\/tr>\n<tr>\n<td>Material:\u00a0<\/td>\n<td colspan=\"2\">PET<\/td>\n<\/tr>\n<tr>\n<td>Farbe:\u00a0<\/td>\n<td colspan=\"2\">Schwarz<\/td>\n<\/tr>\n<tr>\n<td>Gr\u00f6\u00dfe:\u00a0<\/td>\n<td colspan=\"2\" width=\"313\">23,5cm*13,5cm*7,5cm<\/td>\n<\/tr>\n<tr>\n<td>Gewicht:\u00a0<\/td>\n<td colspan=\"2\">47,2 g\/Stk<\/td>\n<\/tr>\n<tr>\n<td>Die Form:\u00a0<\/td>\n<td colspan=\"2\">Rechteck<\/td>\n<\/tr>\n<tr>\n<td>Verpacken:\u00a0<\/td>\n<td colspan=\"2\">50St\u00fcck\/Beutel<\/td>\n<\/tr>\n<tr>\n<td>MOQ:\u00a0<\/td>\n<td colspan=\"2\">600St\u00fcck<\/td>\n<\/tr>\n<tr>\n<td>OEM&amp;ODM:\u00a0<\/td>\n<td colspan=\"2\">Kundenspezifisch, Willkommen OEM&amp;ODM<\/td>\n<\/tr>\n<tr>\n<td>Muster\uff1a<\/td>\n<td colspan=\"2\">10 St\u00fcck kostenlose Probe kann angefordert werden<\/td>\n<\/tr>\n<\/tbody>\n<\/table>\n<p>&nbsp;<\/p>","protected":false},"featured_media":166,"comment_status":"closed","ping_status":"closed","template":"","meta":{"_acf_changed":false},"box-type":[61],"product_brand":[],"product_cat":[21,30,33,45],"product_tag":[],"class_list":{"0":"post-162","1":"product","2":"type-product","3":"status-publish","4":"has-post-thumbnail","6":"box-type-custom-two-piece-boxes","7":"product_cat-plastic-cake-containers-wholesale","8":"product_cat-cake-containers-wholesale","9":"product_cat-food-packaging-boxes-wholesale","10":"product_cat-bulk-disposable-food-containers","12":"first","13":"instock","14":"shipping-taxable","15":"product-type-simple"},"acf":[],"_links":{"self":[{"href":"https:\/\/www.yishengpack.com\/de\/wp-json\/wp\/v2\/product\/162","targetHints":{"allow":["GET"]}}],"collection":[{"href":"https:\/\/www.yishengpack.com\/de\/wp-json\/wp\/v2\/product"}],"about":[{"href":"https:\/\/www.yishengpack.com\/de\/wp-json\/wp\/v2\/types\/product"}],"replies":[{"embeddable":true,"href":"https:\/\/www.yishengpack.com\/de\/wp-json\/wp\/v2\/comments?post=162"}],"wp:featuredmedia":[{"embeddable":true,"href":"https:\/\/www.yishengpack.com\/de\/wp-json\/wp\/v2\/media\/166"}],"wp:attachment":[{"href":"https:\/\/www.yishengpack.com\/de\/wp-json\/wp\/v2\/media?parent=162"}],"wp:term":[{"taxonomy":"box-type","embeddable":true,"href":"https:\/\/www.yishengpack.com\/de\/wp-json\/wp\/v2\/box-type?post=162"},{"taxonomy":"product_brand","embeddable":true,"href":"https:\/\/www.yishengpack.com\/de\/wp-json\/wp\/v2\/product_brand?post=162"},{"taxonomy":"product_cat","embeddable":true,"href":"https:\/\/www.yishengpack.com\/de\/wp-json\/wp\/v2\/product_cat?post=162"},{"taxonomy":"product_tag","embeddable":true,"href":"https:\/\/www.yishengpack.com\/de\/wp-json\/wp\/v2\/product_tag?post=162"}],"curies":[{"name":"wp","href":"https:\/\/api.w.org\/{rel}","templated":true}]}}