{"id":1553,"date":"2025-06-06T10:44:44","date_gmt":"2025-06-06T10:44:44","guid":{"rendered":"https:\/\/www.yishengpack.com\/?post_type=product&#038;p=1553"},"modified":"2025-11-04T06:57:47","modified_gmt":"2025-11-04T06:57:47","slug":"magnetic-boxes-wholesale","status":"publish","type":"product","link":"https:\/\/www.yishengpack.com\/de\/produkt\/magnetic-boxes-wholesale\/","title":{"rendered":"Luxuri\u00f6se magnetische Boxen Gro\u00dfhandel, benutzerdefinierte Geschenk-Tasche f\u00fcr Schmuck"},"content":{"rendered":"<div class=\"wp-block-columns is-layout-flex wp-container-core-columns-is-layout-9d6595d7 wp-block-columns-is-layout-flex\">\n<div class=\"wp-block-column is-layout-flow wp-block-column-is-layout-flow\">\n<h3 class=\"wp-block-heading\">Eigenschaften von Luxus Magnetic Boxen Gro\u00dfhandel<\/h3>\n\n\n\n<p><strong>Magnetischer Verschluss:<\/strong> Diese individuellen magnetischen Geschenkpapierschachteln verf\u00fcgen au\u00dferdem \u00fcber Magnete an den Griffseiten, die die Schachtel w\u00e4hrend des Transports oder der Ausstellung sicher verschlie\u00dfen und ein versehentliches \u00d6ffnen verhindern.<\/p>\n\n\n\n<p><strong>Einzigartiges Design:<\/strong> Diese Magnetboxen haben eine trapezf\u00f6rmige\/vertikale Form mit einem stabilen Boden. Das moderne, minimalistische Design mit runden Griffl\u00f6chern sorgt f\u00fcr ein sauberes, glattes Erscheinungsbild und ist gleichzeitig einfach zu handhaben.<\/p>\n\n\n\n<p><strong>Zusammenklappbares Flat-Pack-Design:<\/strong> Diese magnetischen Boxen Gro\u00dfhandel vollst\u00e4ndig falten flach f\u00fcr optimalen Versand und Erhaltung. Wir sahen fit f\u00fcr Exporteure, Internet-Verk\u00e4ufer, und eine gute L\u00f6sung f\u00fcr verpackte Produkte.<\/p>\n\n\n\n<p><strong>Verf\u00fcgbare kundenspezifische Oberfl\u00e4chenausf\u00fchrungen:<\/strong> Diese Magnetboxen k\u00f6nnen im Gro\u00dfhandel mit matten, gl\u00e4nzenden, perlgl\u00e4nzenden, foliengepr\u00e4gten oder strukturierten Oberfl\u00e4chen versehen werden, um Ihr optimales Branding zu erzielen.<\/p>\n\n\n\n<p><strong>Vollst\u00e4ndig anpassbar:<\/strong> Diese kundenspezifischen Papiergeschenkboxen sind in verschiedenen Gr\u00f6\u00dfen, Farben, Druckvorlagen und sogar mit Zus\u00e4tzen wie B\u00e4ndern, Anh\u00e4ngern oder einem Metallfolienlogo erh\u00e4ltlich, damit sie zu den verschiedenen Kapiteln f\u00fcr Ihre Produkte passen.<\/p>\n<\/div>\n\n\n\n<div class=\"wp-block-column is-layout-flow wp-block-column-is-layout-flow\">\n<figure class=\"wp-block-image size-full\"><img decoding=\"async\" width=\"2048\" height=\"2048\" src=\"https:\/\/www.yishengpack.com\/wp-content\/uploads\/2025\/06\/luxury-magnetic-boxes-wholesale-custom-gift-bag-for-jewelry-4.webp\" alt=\"Luxus-Magnetboxen-Gro\u00dfhandel-Sondergeschenk-Tasche-f\u00fcr-Schmuck-4\" class=\"wp-image-2514\" srcset=\"https:\/\/www.yishengpack.com\/wp-content\/uploads\/2025\/06\/luxury-magnetic-boxes-wholesale-custom-gift-bag-for-jewelry-4.webp 2048w, https:\/\/www.yishengpack.com\/wp-content\/uploads\/2025\/06\/luxury-magnetic-boxes-wholesale-custom-gift-bag-for-jewelry-4-300x300.webp 300w, https:\/\/www.yishengpack.com\/wp-content\/uploads\/2025\/06\/luxury-magnetic-boxes-wholesale-custom-gift-bag-for-jewelry-4-150x150.webp 150w, https:\/\/www.yishengpack.com\/wp-content\/uploads\/2025\/06\/luxury-magnetic-boxes-wholesale-custom-gift-bag-for-jewelry-4-768x768.webp 768w, https:\/\/www.yishengpack.com\/wp-content\/uploads\/2025\/06\/luxury-magnetic-boxes-wholesale-custom-gift-bag-for-jewelry-4-12x12.webp 12w, https:\/\/www.yishengpack.com\/wp-content\/uploads\/2025\/06\/luxury-magnetic-boxes-wholesale-custom-gift-bag-for-jewelry-4-1200x1200.webp 1200w, https:\/\/www.yishengpack.com\/wp-content\/uploads\/2025\/06\/luxury-magnetic-boxes-wholesale-custom-gift-bag-for-jewelry-4-600x600.webp 600w, https:\/\/www.yishengpack.com\/wp-content\/uploads\/2025\/06\/luxury-magnetic-boxes-wholesale-custom-gift-bag-for-jewelry-4-100x100.webp 100w\" sizes=\"(max-width: 2048px) 100vw, 2048px\" \/><\/figure>\n<\/div>\n<\/div>\n\n\n\n<div class=\"wp-block-columns is-layout-flex wp-container-core-columns-is-layout-9d6595d7 wp-block-columns-is-layout-flex\">\n<div class=\"wp-block-column is-layout-flow wp-block-column-is-layout-flow\">\n<figure class=\"wp-block-image size-full\"><img decoding=\"async\" width=\"2048\" height=\"2048\" src=\"https:\/\/www.yishengpack.com\/wp-content\/uploads\/2025\/06\/luxury-magnetic-boxes-wholesale-custom-gift-bag-for-jewelry-3.webp\" alt=\"Luxus-Magnetboxen-Gro\u00dfhandel-Sondergeschenk-Tasche-f\u00fcr-Schmuck-3\" class=\"wp-image-2513\" srcset=\"https:\/\/www.yishengpack.com\/wp-content\/uploads\/2025\/06\/luxury-magnetic-boxes-wholesale-custom-gift-bag-for-jewelry-3.webp 2048w, https:\/\/www.yishengpack.com\/wp-content\/uploads\/2025\/06\/luxury-magnetic-boxes-wholesale-custom-gift-bag-for-jewelry-3-300x300.webp 300w, https:\/\/www.yishengpack.com\/wp-content\/uploads\/2025\/06\/luxury-magnetic-boxes-wholesale-custom-gift-bag-for-jewelry-3-150x150.webp 150w, https:\/\/www.yishengpack.com\/wp-content\/uploads\/2025\/06\/luxury-magnetic-boxes-wholesale-custom-gift-bag-for-jewelry-3-768x768.webp 768w, https:\/\/www.yishengpack.com\/wp-content\/uploads\/2025\/06\/luxury-magnetic-boxes-wholesale-custom-gift-bag-for-jewelry-3-12x12.webp 12w, https:\/\/www.yishengpack.com\/wp-content\/uploads\/2025\/06\/luxury-magnetic-boxes-wholesale-custom-gift-bag-for-jewelry-3-1200x1200.webp 1200w, https:\/\/www.yishengpack.com\/wp-content\/uploads\/2025\/06\/luxury-magnetic-boxes-wholesale-custom-gift-bag-for-jewelry-3-600x600.webp 600w, https:\/\/www.yishengpack.com\/wp-content\/uploads\/2025\/06\/luxury-magnetic-boxes-wholesale-custom-gift-bag-for-jewelry-3-100x100.webp 100w\" sizes=\"(max-width: 2048px) 100vw, 2048px\" \/><\/figure>\n\n\n\n<div class=\"wp-block-buttons has-custom-font-size has-small-font-size is-content-justification-center is-layout-flex wp-container-core-buttons-is-layout-16018d1d wp-block-buttons-is-layout-flex\">\n<div class=\"wp-block-button has-custom-width wp-block-button__width-75\"><a class=\"wp-block-button__link has-background has-small-font-size has-custom-font-size wp-element-button\" href=\"https:\/\/www.yishengpack.com\/de\/custom-printed-box\/\" style=\"background:linear-gradient(135deg,rgb(254,205,165) 0%,rgb(254,45,45) 0%,rgb(94,15,15) 0%,rgb(94,15,15) 100%)\" target=\"_blank\" rel=\"noreferrer noopener\"><strong>Entdecken Sie individuell bedruckte Boxen<\/strong><\/a><\/div>\n<\/div>\n<\/div>\n\n\n\n<div class=\"wp-block-column is-layout-flow wp-block-column-is-layout-flow\">\n<figure class=\"wp-block-image size-full\"><img decoding=\"async\" width=\"1694\" height=\"1694\" src=\"https:\/\/www.yishengpack.com\/wp-content\/uploads\/2025\/06\/luxury-magnetic-boxes-wholesale-custom-gift-bag-for-jewelry-2.webp\" alt=\"Luxus-Magnetboxen-Gro\u00dfhandel-Sondergeschenk-Tasche-f\u00fcr-Schmuck-2\" class=\"wp-image-2512\" srcset=\"https:\/\/www.yishengpack.com\/wp-content\/uploads\/2025\/06\/luxury-magnetic-boxes-wholesale-custom-gift-bag-for-jewelry-2.webp 1694w, https:\/\/www.yishengpack.com\/wp-content\/uploads\/2025\/06\/luxury-magnetic-boxes-wholesale-custom-gift-bag-for-jewelry-2-300x300.webp 300w, https:\/\/www.yishengpack.com\/wp-content\/uploads\/2025\/06\/luxury-magnetic-boxes-wholesale-custom-gift-bag-for-jewelry-2-150x150.webp 150w, https:\/\/www.yishengpack.com\/wp-content\/uploads\/2025\/06\/luxury-magnetic-boxes-wholesale-custom-gift-bag-for-jewelry-2-768x768.webp 768w, https:\/\/www.yishengpack.com\/wp-content\/uploads\/2025\/06\/luxury-magnetic-boxes-wholesale-custom-gift-bag-for-jewelry-2-12x12.webp 12w, https:\/\/www.yishengpack.com\/wp-content\/uploads\/2025\/06\/luxury-magnetic-boxes-wholesale-custom-gift-bag-for-jewelry-2-1200x1200.webp 1200w, https:\/\/www.yishengpack.com\/wp-content\/uploads\/2025\/06\/luxury-magnetic-boxes-wholesale-custom-gift-bag-for-jewelry-2-600x600.webp 600w, https:\/\/www.yishengpack.com\/wp-content\/uploads\/2025\/06\/luxury-magnetic-boxes-wholesale-custom-gift-bag-for-jewelry-2-100x100.webp 100w\" sizes=\"(max-width: 1694px) 100vw, 1694px\" \/><\/figure>\n\n\n\n<div class=\"wp-block-buttons is-content-justification-center is-layout-flex wp-container-core-buttons-is-layout-16018d1d wp-block-buttons-is-layout-flex\">\n<div class=\"wp-block-button has-custom-width wp-block-button__width-75\"><a class=\"wp-block-button__link has-background has-small-font-size has-custom-font-size wp-element-button\" href=\"https:\/\/www.yishengpack.com\/de\/custom-box-inserts-accessories\/\" style=\"background:linear-gradient(135deg,rgb(254,205,165) 0%,rgb(254,45,45) 0%,rgb(94,15,15) 0%)\" target=\"_blank\" rel=\"noreferrer noopener\"><strong>Custom Box Inserts erforschen<\/strong><\/a><\/div>\n<\/div>\n<\/div>\n<\/div>","protected":false},"excerpt":{"rendered":"<p>Willkommen zum Kauf unserer magnetischen Boxen Gro\u00dfhandel. Unsere Pyramide magnetische Faltung Geschenk-Boxen Gro\u00dfhandel sind zweckm\u00e4\u00dfig, um Ihre Verpackung zu erh\u00f6hen. Wir entwarfen eine Struktur, die eine luxuri\u00f6se Flat-Pack ist und kommt mit einem starken Griff, der ideal f\u00fcr Sauce oder die geekiest Marke verpackt Artikel haben wir, ist kompakt und platzbewusst<\/p>\n<h2>Highlight der Luxus-Magnetboxen Gro\u00dfhandel:<\/h2>\n<ul>\n<li>Hochwertige Materialien<br \/>Rundes Griffloch<br \/>Praktische aufrechte Form<br \/>Einzigartiger Magnetverschluss<br \/>Tragbares Faltdesign<br \/>Vielf\u00e4ltige Farboptionen<br \/>Exquisite Oberfl\u00e4chenqualit\u00e4t<br \/>Mehrere Boxentypen verf\u00fcgbar<br \/>Anpassbare multifunktionale F\u00e4cher<\/li>\n<\/ul>","protected":false},"featured_media":2516,"comment_status":"closed","ping_status":"closed","template":"","meta":{"_acf_changed":false},"box-type":[49,55,54],"product_brand":[],"product_cat":[19,40,34,37],"product_tag":[],"class_list":{"0":"post-1553","1":"product","2":"type-product","3":"status-publish","4":"has-post-thumbnail","6":"box-type-custom-die-cut-paper-bag","7":"box-type-custom-foldable-boxes","8":"box-type-custom-magnetic-closure-boxes","9":"product_cat-luxury-gift-boxes-wholesale","10":"product_cat-custom-jewelry-boxes","11":"product_cat-paper-bags-wholesale","12":"product_cat-paper-gift-bags-bulk","14":"first","15":"instock","16":"shipping-taxable","17":"product-type-simple"},"acf":[],"_links":{"self":[{"href":"https:\/\/www.yishengpack.com\/de\/wp-json\/wp\/v2\/product\/1553","targetHints":{"allow":["GET"]}}],"collection":[{"href":"https:\/\/www.yishengpack.com\/de\/wp-json\/wp\/v2\/product"}],"about":[{"href":"https:\/\/www.yishengpack.com\/de\/wp-json\/wp\/v2\/types\/product"}],"replies":[{"embeddable":true,"href":"https:\/\/www.yishengpack.com\/de\/wp-json\/wp\/v2\/comments?post=1553"}],"wp:featuredmedia":[{"embeddable":true,"href":"https:\/\/www.yishengpack.com\/de\/wp-json\/wp\/v2\/media\/2516"}],"wp:attachment":[{"href":"https:\/\/www.yishengpack.com\/de\/wp-json\/wp\/v2\/media?parent=1553"}],"wp:term":[{"taxonomy":"box-type","embeddable":true,"href":"https:\/\/www.yishengpack.com\/de\/wp-json\/wp\/v2\/box-type?post=1553"},{"taxonomy":"product_brand","embeddable":true,"href":"https:\/\/www.yishengpack.com\/de\/wp-json\/wp\/v2\/product_brand?post=1553"},{"taxonomy":"product_cat","embeddable":true,"href":"https:\/\/www.yishengpack.com\/de\/wp-json\/wp\/v2\/product_cat?post=1553"},{"taxonomy":"product_tag","embeddable":true,"href":"https:\/\/www.yishengpack.com\/de\/wp-json\/wp\/v2\/product_tag?post=1553"}],"curies":[{"name":"wp","href":"https:\/\/api.w.org\/{rel}","templated":true}]}}