{"id":1510,"date":"2025-06-05T10:06:05","date_gmt":"2025-06-05T10:06:05","guid":{"rendered":"https:\/\/www.yishengpack.com\/?post_type=product&#038;p=1510"},"modified":"2025-09-13T06:53:42","modified_gmt":"2025-09-13T06:53:42","slug":"custom-candy-gift-box","status":"publish","type":"product","link":"https:\/\/www.yishengpack.com\/de\/produkt\/custom-candy-gift-box\/","title":{"rendered":"Benutzerdefinierte S\u00fc\u00dfigkeiten Geschenk-Box mit abnehmbaren Trennw\u00e4nde und Folie Finish, Gro\u00dfhandel magnetische Geschenk-Boxen"},"content":{"rendered":"<div class=\"wp-block-columns is-layout-flex wp-container-core-columns-is-layout-9d6595d7 wp-block-columns-is-layout-flex\">\n<div class=\"wp-block-column is-layout-flow wp-block-column-is-layout-flow\">\n<h3 class=\"wp-block-heading\">Merkmale der individuellen Geschenkbox f\u00fcr S\u00fc\u00dfigkeiten<\/h3>\n\n\n\n<p><strong>Vollst\u00e4ndig anpassbares Design: <\/strong>Diese individuell gestaltete Geschenkbox f\u00fcr S\u00fc\u00dfigkeiten spiegelt jedes Detail Ihrer Marke wider, von der Gr\u00f6\u00dfe und Farbe der Box \u00fcber das Muster und die Inneneinteilung bis hin zu Oberfl\u00e4chenveredelungen wie Folienpr\u00e4gung, Pr\u00e4gung oder Spot-UV-Lackierung.<\/p>\n\n\n\n<p><strong>Hochwertiges Magnetverschluss-Design:<\/strong> Gro\u00dfhandels-Magnetgeschenkboxen sind zusammenklappbar und bieten ein erstklassiges Auspackerlebnis, ideal zum Verschenken von Pralinen, Tr\u00fcffeln und anderen S\u00fc\u00dfigkeiten.<\/p>\n\n\n\n<p><strong>Modulare F\u00e4cher mit vielseitiger Verwendungsm\u00f6glichkeit: <\/strong>Gro\u00dfhandels-Magnetgeschenkboxen sind Trennw\u00e4nde, die herausnehmbar und neu anordbar sind, um verschiedenen Konfigurationen zu entsprechen, sodass mehrere S\u00fc\u00dfigkeiten oder kleine Delikatessen stilvoll und \u00fcbersichtlich untergebracht werden k\u00f6nnen.<\/p>\n\n\n\n<p><strong>Luxuri\u00f6ses Erscheinungsbild mit individuellen Oberfl\u00e4chenveredelungen:<\/strong> Diese individuell gestaltete Geschenkbox f\u00fcr S\u00fc\u00dfigkeiten ist mit Folienakzenten, gepr\u00e4gten Logos, matter oder gl\u00e4nzender Laminierung oder individuellen Strukturveredelungen erh\u00e4ltlich, um Ihrer Markenpr\u00e4sentation einen luxuri\u00f6sen Look zu verleihen.<\/p>\n\n\n\n<p><strong>Langlebige und geschenktaugliche stabile Konstruktion: <\/strong>Diese ma\u00dfgefertigte Geschenkbox f\u00fcr S\u00fc\u00dfigkeiten besteht aus robustem Graupappe und ist mit hochwertigem beschichtetem Papier \u00fcberzogen. Diese Box vereint starken Schutz mit luxuri\u00f6sem Aussehen und eignet sich perfekt f\u00fcr luxuri\u00f6se Verpackungen.<\/p>\n<\/div>\n\n\n\n<div class=\"wp-block-column is-layout-flow wp-block-column-is-layout-flow\">\n<figure class=\"wp-block-image size-full\"><img decoding=\"async\" width=\"2892\" height=\"2892\" src=\"https:\/\/www.yishengpack.com\/wp-content\/uploads\/2025\/05\/Wholesale-Custom-Luxury-Magnetic-Confectionery-Chocolate-Rigid-Paper-Packaging-Gift-Box-with-Removable-Dividers-and-Foil-Finish10.webp\" alt=\"Individuell gestaltete Geschenkbox f\u00fcr S\u00fc\u00dfigkeiten mit herausnehmbaren Trennw\u00e4nden und Folienveredelung, 10 St\u00fcck\" class=\"wp-image-1520\" srcset=\"https:\/\/www.yishengpack.com\/wp-content\/uploads\/2025\/05\/Wholesale-Custom-Luxury-Magnetic-Confectionery-Chocolate-Rigid-Paper-Packaging-Gift-Box-with-Removable-Dividers-and-Foil-Finish10.webp 2892w, https:\/\/www.yishengpack.com\/wp-content\/uploads\/2025\/05\/Wholesale-Custom-Luxury-Magnetic-Confectionery-Chocolate-Rigid-Paper-Packaging-Gift-Box-with-Removable-Dividers-and-Foil-Finish10-300x300.webp 300w, https:\/\/www.yishengpack.com\/wp-content\/uploads\/2025\/05\/Wholesale-Custom-Luxury-Magnetic-Confectionery-Chocolate-Rigid-Paper-Packaging-Gift-Box-with-Removable-Dividers-and-Foil-Finish10-150x150.webp 150w, https:\/\/www.yishengpack.com\/wp-content\/uploads\/2025\/05\/Wholesale-Custom-Luxury-Magnetic-Confectionery-Chocolate-Rigid-Paper-Packaging-Gift-Box-with-Removable-Dividers-and-Foil-Finish10-768x768.webp 768w, https:\/\/www.yishengpack.com\/wp-content\/uploads\/2025\/05\/Wholesale-Custom-Luxury-Magnetic-Confectionery-Chocolate-Rigid-Paper-Packaging-Gift-Box-with-Removable-Dividers-and-Foil-Finish10-12x12.webp 12w, https:\/\/www.yishengpack.com\/wp-content\/uploads\/2025\/05\/Wholesale-Custom-Luxury-Magnetic-Confectionery-Chocolate-Rigid-Paper-Packaging-Gift-Box-with-Removable-Dividers-and-Foil-Finish10-1200x1200.webp 1200w, https:\/\/www.yishengpack.com\/wp-content\/uploads\/2025\/05\/Wholesale-Custom-Luxury-Magnetic-Confectionery-Chocolate-Rigid-Paper-Packaging-Gift-Box-with-Removable-Dividers-and-Foil-Finish10-600x600.webp 600w, https:\/\/www.yishengpack.com\/wp-content\/uploads\/2025\/05\/Wholesale-Custom-Luxury-Magnetic-Confectionery-Chocolate-Rigid-Paper-Packaging-Gift-Box-with-Removable-Dividers-and-Foil-Finish10-100x100.webp 100w\" sizes=\"(max-width: 2892px) 100vw, 2892px\" \/><\/figure>\n<\/div>\n<\/div>\n\n\n\n<p><\/p>","protected":false},"excerpt":{"rendered":"<p>Willkommen beim Kauf unserer ma\u00dfgeschneiderten Geschenkbox f\u00fcr S\u00fc\u00dfigkeiten. Diese magnetischen Geschenkboxen sind ideal f\u00fcr hochwertige S\u00fc\u00dfwaren wie Schokoladenst\u00fcckchen und Tr\u00fcffel. Sie verf\u00fcgen \u00fcber einen sauberen Magnetverschluss, herausnehmbare Inneneinteilungen und eine hochwertige rote Oberfl\u00e4che, die optional mit Folienpr\u00e4gung und Pr\u00e4gung veredelt werden kann. Alle Merkmale k\u00f6nnen an die Spezifikationen Ihres Unternehmens angepasst werden, von Gr\u00f6\u00dfe, Farbe und Konfiguration bis hin zu Einlagen und Oberfl\u00e4chenbehandlung, die Ihren Kunden ein unvergessliches Auspackerlebnis bieten.<\/p>\n<h2>Highlights der individuellen S\u00fc\u00dfigkeiten-Geschenkbox<\/h2>\n<ul>\n<li>Vollst\u00e4ndige Anpassung<\/li>\n<li>Hochwertige Materialien<\/li>\n<li>Exquisiter Druck<\/li>\n<li>Verschiedene Boxgr\u00f6\u00dfen<\/li>\n<li>Mehrere Farboptionen<\/li>\n<li>Mehrere Einf\u00fcgeoptionen<\/li>\n<li>Magnetischer Verschluss<\/li>\n<li>OEM&amp;ODM-Dienstleistung<\/li>\n<\/ul>","protected":false},"featured_media":1511,"comment_status":"closed","ping_status":"closed","template":"","meta":{"_acf_changed":false},"box-type":[54],"product_brand":[],"product_cat":[19,41,46,33,44],"product_tag":[],"class_list":{"0":"post-1510","1":"product","2":"type-product","3":"status-publish","4":"has-post-thumbnail","6":"box-type-custom-magnetic-closure-boxes","7":"product_cat-luxury-gift-boxes-wholesale","8":"product_cat-candy-gift-boxes-wholesale","9":"product_cat-wholesale-paper-boxes","10":"product_cat-food-packaging-boxes-wholesale","11":"product_cat-custom-snack-box","13":"first","14":"instock","15":"shipping-taxable","16":"product-type-simple"},"acf":[],"_links":{"self":[{"href":"https:\/\/www.yishengpack.com\/de\/wp-json\/wp\/v2\/product\/1510","targetHints":{"allow":["GET"]}}],"collection":[{"href":"https:\/\/www.yishengpack.com\/de\/wp-json\/wp\/v2\/product"}],"about":[{"href":"https:\/\/www.yishengpack.com\/de\/wp-json\/wp\/v2\/types\/product"}],"replies":[{"embeddable":true,"href":"https:\/\/www.yishengpack.com\/de\/wp-json\/wp\/v2\/comments?post=1510"}],"wp:featuredmedia":[{"embeddable":true,"href":"https:\/\/www.yishengpack.com\/de\/wp-json\/wp\/v2\/media\/1511"}],"wp:attachment":[{"href":"https:\/\/www.yishengpack.com\/de\/wp-json\/wp\/v2\/media?parent=1510"}],"wp:term":[{"taxonomy":"box-type","embeddable":true,"href":"https:\/\/www.yishengpack.com\/de\/wp-json\/wp\/v2\/box-type?post=1510"},{"taxonomy":"product_brand","embeddable":true,"href":"https:\/\/www.yishengpack.com\/de\/wp-json\/wp\/v2\/product_brand?post=1510"},{"taxonomy":"product_cat","embeddable":true,"href":"https:\/\/www.yishengpack.com\/de\/wp-json\/wp\/v2\/product_cat?post=1510"},{"taxonomy":"product_tag","embeddable":true,"href":"https:\/\/www.yishengpack.com\/de\/wp-json\/wp\/v2\/product_tag?post=1510"}],"curies":[{"name":"wp","href":"https:\/\/api.w.org\/{rel}","templated":true}]}}