{"id":1501,"date":"2025-06-05T08:30:06","date_gmt":"2025-06-05T08:30:06","guid":{"rendered":"https:\/\/www.yishengpack.com\/?post_type=product&#038;p=1501"},"modified":"2025-09-13T06:46:53","modified_gmt":"2025-09-13T06:46:53","slug":"customized-chocolate-gift-boxes","status":"publish","type":"product","link":"https:\/\/www.yishengpack.com\/de\/produkt\/customized-chocolate-gift-boxes\/","title":{"rendered":"Kundenspezifische Schokoladen-Geschenkboxen, Bulk Magnetic Box 3\/6\/12 St\u00fcck"},"content":{"rendered":"<div class=\"wp-block-columns is-layout-flex wp-container-core-columns-is-layout-9d6595d7 wp-block-columns-is-layout-flex\">\n<div class=\"wp-block-column is-layout-flow wp-block-column-is-layout-flow\">\n<h3 class=\"wp-block-heading\">Merkmale von individuell gestalteten Schokoladen-Geschenkboxen<\/h3>\n\n\n\n<p><strong>Luxuri\u00f6ser magnetischer Klappdeckel f\u00fcr hochwertiges Unboxing:<\/strong> Diese ma\u00dfgeschneiderten Schokoladen-Geschenkboxen mit magnetischem Verschluss lassen sich m\u00fchelos \u00f6ffnen und schlie\u00dfen und bieten ein erstklassiges Auspackerlebnis f\u00fcr Schokolade, S\u00fc\u00dfigkeiten oder Schmuck.<\/p>\n\n\n\n<p><strong>Gepr\u00e4gte Oberfl\u00e4che sorgt f\u00fcr Raffinesse:<\/strong> Die magnetischen Gro\u00dfhandelsboxen verf\u00fcgen \u00fcber ein gepr\u00e4gtes Reliefmuster, das dem Gesamterscheinungsbild eine raffinierte Note verleiht und sich perfekt eignet, um Ihr Produkt als Luxusartikel und Geschenkartikel zu positionieren.<\/p>\n\n\n\n<p><strong>Innere F\u00e4cher halten Schokolade ordentlich und sicher:<\/strong> Diese ma\u00dfgeschneiderten Schokoladen-Geschenkboxen verf\u00fcgen \u00fcber individuelle Inneneinteilungen, mit denen Schokolade, Tr\u00fcffel oder andere S\u00fc\u00dfigkeiten sicher und ohne Verrutschen angeordnet werden k\u00f6nnen, sodass eine ordentliche Pr\u00e4sentation und ein sicherer Transport gew\u00e4hrleistet sind.<\/p>\n\n\n\n<p><strong>Optionales Band oder Griff f\u00fcr zus\u00e4tzlichen Charme: <\/strong>Die magnetischen Gro\u00dfhandelsboxen k\u00f6nnen mit einer seitlich eingen\u00e4hten Schleife oder einem Tragegriff versehen werden, wodurch sie eleganter zum Verschenken und bequemer zum Tragen sind.<\/p>\n\n\n\n<p><strong>Vollst\u00e4ndig anpassbar f\u00fcr unterschiedliche Produktanforderungen: <\/strong>Diese individuell gestaltbaren Schokoladen-Geschenkboxen k\u00f6nnen in Gr\u00f6\u00dfe, Farbe, Oberfl\u00e4chenveredelung (Pr\u00e4gung, Folienpr\u00e4gung, UV-Lackierung), Logo und sogar Box-Typ (Schublade, Klappe, Griffbox) individuell angepasst werden \u2013 egal ob f\u00fcr Schokolade oder Schmuck.<\/p>\n<\/div>\n\n\n\n<div class=\"wp-block-column is-layout-flow wp-block-column-is-layout-flow\">\n<figure class=\"wp-block-image size-full\"><img decoding=\"async\" width=\"3024\" height=\"3026\" src=\"https:\/\/www.yishengpack.com\/wp-content\/uploads\/2025\/05\/Wholesale-Romantic-Customized-Embossing-Cardboard-3-6-12-Piece-Premium-Nut-Brittle-Truffle-Chocolate-Packaging-Magnetic-Closure-Boxes2.webp\" alt=\"Individuell gestaltete Schokoladen-Geschenkboxen \u2013 Gro\u00dfhandel \u2013 Magnetboxen \u2013 3, 6 oder 12 St\u00fcck\" class=\"wp-image-1503\" srcset=\"https:\/\/www.yishengpack.com\/wp-content\/uploads\/2025\/05\/Wholesale-Romantic-Customized-Embossing-Cardboard-3-6-12-Piece-Premium-Nut-Brittle-Truffle-Chocolate-Packaging-Magnetic-Closure-Boxes2.webp 3024w, https:\/\/www.yishengpack.com\/wp-content\/uploads\/2025\/05\/Wholesale-Romantic-Customized-Embossing-Cardboard-3-6-12-Piece-Premium-Nut-Brittle-Truffle-Chocolate-Packaging-Magnetic-Closure-Boxes2-300x300.webp 300w, https:\/\/www.yishengpack.com\/wp-content\/uploads\/2025\/05\/Wholesale-Romantic-Customized-Embossing-Cardboard-3-6-12-Piece-Premium-Nut-Brittle-Truffle-Chocolate-Packaging-Magnetic-Closure-Boxes2-150x150.webp 150w, https:\/\/www.yishengpack.com\/wp-content\/uploads\/2025\/05\/Wholesale-Romantic-Customized-Embossing-Cardboard-3-6-12-Piece-Premium-Nut-Brittle-Truffle-Chocolate-Packaging-Magnetic-Closure-Boxes2-768x769.webp 768w, https:\/\/www.yishengpack.com\/wp-content\/uploads\/2025\/05\/Wholesale-Romantic-Customized-Embossing-Cardboard-3-6-12-Piece-Premium-Nut-Brittle-Truffle-Chocolate-Packaging-Magnetic-Closure-Boxes2-12x12.webp 12w, https:\/\/www.yishengpack.com\/wp-content\/uploads\/2025\/05\/Wholesale-Romantic-Customized-Embossing-Cardboard-3-6-12-Piece-Premium-Nut-Brittle-Truffle-Chocolate-Packaging-Magnetic-Closure-Boxes2-1200x1200.webp 1200w, https:\/\/www.yishengpack.com\/wp-content\/uploads\/2025\/05\/Wholesale-Romantic-Customized-Embossing-Cardboard-3-6-12-Piece-Premium-Nut-Brittle-Truffle-Chocolate-Packaging-Magnetic-Closure-Boxes2-600x600.webp 600w, https:\/\/www.yishengpack.com\/wp-content\/uploads\/2025\/05\/Wholesale-Romantic-Customized-Embossing-Cardboard-3-6-12-Piece-Premium-Nut-Brittle-Truffle-Chocolate-Packaging-Magnetic-Closure-Boxes2-100x100.webp 100w\" sizes=\"(max-width: 3024px) 100vw, 3024px\" \/><\/figure>\n<\/div>\n<\/div>\n\n\n\n<p><\/p>","protected":false},"excerpt":{"rendered":"<p>Willkommen beim Kauf unserer magnetischen Gro\u00dfhandelsboxen. Diese ma\u00dfgeschneiderten Schokoladengeschenkboxen sind f\u00fcr Tr\u00fcffel, Kekse und kandierte Fr\u00fcchte konzipiert. Mit einem magnetischen Klappenverschluss, der sicherstellt, dass die Lebensmittel beim Versand nicht herausfallen. Eine stilvolle und funktionale Verpackungsoption f\u00fcr Luxusschokolade oder Schmuck \u2013 vollst\u00e4ndig anpassbar, um Ihre Marke und Ihr Geschenk-Erlebnis zu st\u00e4rken. Sie eignet sich perfekt f\u00fcr Gro\u00dfeink\u00e4ufe und ist in verschiedenen Gr\u00f6\u00dfen erh\u00e4ltlich, um den Verpackungsanforderungen unterschiedlicher Situationen gerecht zu werden.<\/p>\n<h2>Highlights von individuell gestalteten Schokoladen-Geschenkboxen<\/h2>\n<ul>\n<li>Vollst\u00e4ndige Anpassung<\/li>\n<li>Hochwertige Materialien<\/li>\n<li>Exquisiter Druck<\/li>\n<li>Verschiedene Boxgr\u00f6\u00dfen<\/li>\n<li>Robuste Konstruktion<\/li>\n<li>Magnetischer Verschluss<\/li>\n<li>OEM&amp;ODM-Dienstleistung<\/li>\n<\/ul>","protected":false},"featured_media":1502,"comment_status":"closed","ping_status":"closed","template":"","meta":{"_acf_changed":false},"box-type":[54],"product_brand":[],"product_cat":[19,41,33,44],"product_tag":[],"class_list":{"0":"post-1501","1":"product","2":"type-product","3":"status-publish","4":"has-post-thumbnail","6":"box-type-custom-magnetic-closure-boxes","7":"product_cat-luxury-gift-boxes-wholesale","8":"product_cat-candy-gift-boxes-wholesale","9":"product_cat-food-packaging-boxes-wholesale","10":"product_cat-custom-snack-box","12":"first","13":"instock","14":"shipping-taxable","15":"product-type-simple"},"acf":[],"_links":{"self":[{"href":"https:\/\/www.yishengpack.com\/de\/wp-json\/wp\/v2\/product\/1501","targetHints":{"allow":["GET"]}}],"collection":[{"href":"https:\/\/www.yishengpack.com\/de\/wp-json\/wp\/v2\/product"}],"about":[{"href":"https:\/\/www.yishengpack.com\/de\/wp-json\/wp\/v2\/types\/product"}],"replies":[{"embeddable":true,"href":"https:\/\/www.yishengpack.com\/de\/wp-json\/wp\/v2\/comments?post=1501"}],"wp:featuredmedia":[{"embeddable":true,"href":"https:\/\/www.yishengpack.com\/de\/wp-json\/wp\/v2\/media\/1502"}],"wp:attachment":[{"href":"https:\/\/www.yishengpack.com\/de\/wp-json\/wp\/v2\/media?parent=1501"}],"wp:term":[{"taxonomy":"box-type","embeddable":true,"href":"https:\/\/www.yishengpack.com\/de\/wp-json\/wp\/v2\/box-type?post=1501"},{"taxonomy":"product_brand","embeddable":true,"href":"https:\/\/www.yishengpack.com\/de\/wp-json\/wp\/v2\/product_brand?post=1501"},{"taxonomy":"product_cat","embeddable":true,"href":"https:\/\/www.yishengpack.com\/de\/wp-json\/wp\/v2\/product_cat?post=1501"},{"taxonomy":"product_tag","embeddable":true,"href":"https:\/\/www.yishengpack.com\/de\/wp-json\/wp\/v2\/product_tag?post=1501"}],"curies":[{"name":"wp","href":"https:\/\/api.w.org\/{rel}","templated":true}]}}