{"id":1380,"date":"2025-05-06T10:26:03","date_gmt":"2025-05-06T10:26:03","guid":{"rendered":"https:\/\/www.yishengpack.com\/?post_type=product&#038;p=1380"},"modified":"2025-08-11T06:16:11","modified_gmt":"2025-08-11T06:16:11","slug":"custom-cardboard-beer-carrier","status":"publish","type":"product","link":"https:\/\/www.yishengpack.com\/de\/produkt\/custom-cardboard-beer-carrier\/","title":{"rendered":"Benutzerdefinierte Karton Bier Tr\u00e4ger mit Griff, benutzerdefinierte Getr\u00e4nketr\u00e4ger Boxen 6 Pack"},"content":{"rendered":"<div class=\"wp-block-columns is-layout-flex wp-container-core-columns-is-layout-9d6595d7 wp-block-columns-is-layout-flex\">\n<div class=\"wp-block-column is-layout-flow wp-block-column-is-layout-flow\">\n<h3 class=\"wp-block-heading\">Merkmale des individuellen Bierkartons<\/h3>\n\n\n\n<p><strong>Umweltfreundliche Materialien: <\/strong>Diese ma\u00dfgefertigten Bierkartons bestehen aus strapazierf\u00e4higem, recycelbarem Kraftpapier ohne Kunststoffanteile und erf\u00fcllen damit moderne Nachhaltigkeitsstandards.<\/p>\n\n\n\n<p><strong>Solider Schutz:<\/strong> Diese ma\u00dfgefertigten Getr\u00e4nketransportboxen verf\u00fcgen \u00fcber einzelne F\u00e4cher, die ein Aneinanderschlagen und Zerbrechen der Flaschen w\u00e4hrend des Transports verhindern und Glasgetr\u00e4nke sicher pr\u00e4sentieren.<\/p>\n\n\n\n<p><strong>Leicht zu halten: <\/strong>Der gestanzte Griff der ma\u00dfgefertigten Bierkartontr\u00e4ger sorgt f\u00fcr einen festen Halt und stabile Festigkeit, sodass Benutzer sie leicht transportieren k\u00f6nnen.<\/p>\n\n\n\n<p><strong>Raffinierte Handwerkskunst: <\/strong>Diese ma\u00dfgefertigten Bierkartonhalter sind pr\u00e4zise gestanzt, um scharfe Falzen und Schlitze zu erzielen, und werden mit einfarbigem Siebdruck bedruckt, um eine starke Farbhaftung und Lesbarkeit auf Kraftpapier zu gew\u00e4hrleisten. Sie bieten Stabilit\u00e4t und Markenidentifikation.<\/p>\n\n\n\n<p><strong>Markenpersonalisierung:<\/strong> Diese individuell gestalteten Getr\u00e4nketr\u00e4gerboxen sind mit verschiedenen Biermarken bedruckt, um ein ansprechendes Erscheinungsbild und eine einheitliche Optik zu erzielen. Sie k\u00f6nnen mit individuellen Logos und Werbegrafiken versehen werden.<\/p>\n<\/div>\n\n\n\n<div class=\"wp-block-column is-layout-flow wp-block-column-is-layout-flow\">\n<figure class=\"wp-block-image size-full\"><img decoding=\"async\" width=\"750\" height=\"750\" src=\"https:\/\/www.yishengpack.com\/wp-content\/uploads\/2025\/05\/Eco-friendly-Beverage-Organic-Juice-Carrier-Boxes-with-Handle-Kraft-Paper-Drink-Holder-for-Smoothies-Cold-Brew-Beer-Fresh-Juices9.webp\" alt=\"Umweltfreundliche Getr\u00e4nkekartons aus Kraftpapier mit Griff f\u00fcr Bio-S\u00e4fte, Smoothies, kaltgebr\u00fchter Bier und frische S\u00e4fte9\" class=\"wp-image-1389\" srcset=\"https:\/\/www.yishengpack.com\/wp-content\/uploads\/2025\/05\/Eco-friendly-Beverage-Organic-Juice-Carrier-Boxes-with-Handle-Kraft-Paper-Drink-Holder-for-Smoothies-Cold-Brew-Beer-Fresh-Juices9.webp 750w, https:\/\/www.yishengpack.com\/wp-content\/uploads\/2025\/05\/Eco-friendly-Beverage-Organic-Juice-Carrier-Boxes-with-Handle-Kraft-Paper-Drink-Holder-for-Smoothies-Cold-Brew-Beer-Fresh-Juices9-300x300.webp 300w, https:\/\/www.yishengpack.com\/wp-content\/uploads\/2025\/05\/Eco-friendly-Beverage-Organic-Juice-Carrier-Boxes-with-Handle-Kraft-Paper-Drink-Holder-for-Smoothies-Cold-Brew-Beer-Fresh-Juices9-150x150.webp 150w, https:\/\/www.yishengpack.com\/wp-content\/uploads\/2025\/05\/Eco-friendly-Beverage-Organic-Juice-Carrier-Boxes-with-Handle-Kraft-Paper-Drink-Holder-for-Smoothies-Cold-Brew-Beer-Fresh-Juices9-12x12.webp 12w, https:\/\/www.yishengpack.com\/wp-content\/uploads\/2025\/05\/Eco-friendly-Beverage-Organic-Juice-Carrier-Boxes-with-Handle-Kraft-Paper-Drink-Holder-for-Smoothies-Cold-Brew-Beer-Fresh-Juices9-600x600.webp 600w, https:\/\/www.yishengpack.com\/wp-content\/uploads\/2025\/05\/Eco-friendly-Beverage-Organic-Juice-Carrier-Boxes-with-Handle-Kraft-Paper-Drink-Holder-for-Smoothies-Cold-Brew-Beer-Fresh-Juices9-100x100.webp 100w\" sizes=\"(max-width: 750px) 100vw, 750px\" \/><\/figure>\n<\/div>\n<\/div>\n\n\n\n<p><\/p>","protected":false},"excerpt":{"rendered":"<p>Willkommen beim Kauf unserer ma\u00dfgeschneiderten Getr\u00e4nketr\u00e4gerboxen. Diese umweltfreundlichen, ma\u00dfgeschneiderten Bierkartontr\u00e4ger bieten sowohl Funktionalit\u00e4t als auch ein dezentes Design, mit einem ausgestanzten Griff f\u00fcr mehr Komfort und inneren Trennw\u00e4nden f\u00fcr einen sicheren Halt der Flaschen. Ideal zum Transportieren von Smoothies, S\u00e4ften oder Cold-Brew-Glasflaschen, ideal f\u00fcr Saftl\u00e4den, Saftbars, Bauernm\u00e4rkte oder umweltbewusste Verpackungsunternehmen. Kompatibel mit Ihrem individuellen Logo, ist es die ideale Kombination aus St\u00e4rke, Werbung und \u00d6kologie.<\/p>\n<h2>Spezifikationen f\u00fcr individuelle Bierkisten aus Karton:<\/h2>\n<table width=\"528\">\n<tbody>\n<tr>\n<td width=\"215\">Hersteller:<\/td>\n<td colspan=\"2\" width=\"313\">Yisheng<\/td>\n<\/tr>\n<tr>\n<td>Entwurf:<\/td>\n<td colspan=\"2\">Innere Trennw\u00e4nde<\/td>\n<\/tr>\n<tr>\n<td>Material:\u00a0<\/td>\n<td colspan=\"2\">Karton und Kunstdruckpapier<\/td>\n<\/tr>\n<tr>\n<td>Farbe:\u00a0<\/td>\n<td colspan=\"2\">CMYK 4-Farb-Offsetdruck<\/td>\n<\/tr>\n<tr>\n<td>Gr\u00f6\u00dfe:\u00a0<\/td>\n<td colspan=\"2\" width=\"313\">Individuell angepasst Akzeptieren<\/td>\n<\/tr>\n<tr>\n<td>Allgemeine Verwendung:<\/td>\n<td colspan=\"2\" width=\"313\">Wein, Bier, Saft usw.<\/td>\n<\/tr>\n<tr>\n<td>Die Form:\u00a0<\/td>\n<td colspan=\"2\" width=\"313\">Rechteckig &amp; Individuell angepasst<\/td>\n<\/tr>\n<tr>\n<td>Logo:\u00a0<\/td>\n<td colspan=\"2\">Benutzerdefiniert<\/td>\n<\/tr>\n<tr>\n<td>MOQ:\u00a0<\/td>\n<td colspan=\"2\">1000St\u00fcck<\/td>\n<\/tr>\n<tr>\n<td>OEM &amp; ODM:<\/td>\n<td colspan=\"2\">Kundenspezifisch, OEM und ODM willkommen<\/td>\n<\/tr>\n<tr>\n<td>Muster\uff1a<\/td>\n<td colspan=\"2\">5 St\u00fcck kostenlose Muster k\u00f6nnen angefordert werden<\/td>\n<\/tr>\n<\/tbody>\n<\/table>\n<p>\n<script src=\"chrome-extension:\/\/fpelahbljekknahkcaegamhcndkfpfnc\/iFrame.js\" type=\"text\/javascript\"><\/script><\/p>","protected":false},"featured_media":1381,"comment_status":"closed","ping_status":"closed","template":"","meta":{"_acf_changed":false},"box-type":[49],"product_brand":[],"product_cat":[33,19,36],"product_tag":[],"class_list":{"0":"post-1380","1":"product","2":"type-product","3":"status-publish","4":"has-post-thumbnail","6":"box-type-custom-die-cut-paper-bag","7":"product_cat-food-packaging-boxes-wholesale","8":"product_cat-luxury-gift-boxes-wholesale","9":"product_cat-wine-boxes-wholesale","11":"first","12":"instock","13":"shipping-taxable","14":"product-type-simple"},"acf":[],"_links":{"self":[{"href":"https:\/\/www.yishengpack.com\/de\/wp-json\/wp\/v2\/product\/1380","targetHints":{"allow":["GET"]}}],"collection":[{"href":"https:\/\/www.yishengpack.com\/de\/wp-json\/wp\/v2\/product"}],"about":[{"href":"https:\/\/www.yishengpack.com\/de\/wp-json\/wp\/v2\/types\/product"}],"replies":[{"embeddable":true,"href":"https:\/\/www.yishengpack.com\/de\/wp-json\/wp\/v2\/comments?post=1380"}],"wp:featuredmedia":[{"embeddable":true,"href":"https:\/\/www.yishengpack.com\/de\/wp-json\/wp\/v2\/media\/1381"}],"wp:attachment":[{"href":"https:\/\/www.yishengpack.com\/de\/wp-json\/wp\/v2\/media?parent=1380"}],"wp:term":[{"taxonomy":"box-type","embeddable":true,"href":"https:\/\/www.yishengpack.com\/de\/wp-json\/wp\/v2\/box-type?post=1380"},{"taxonomy":"product_brand","embeddable":true,"href":"https:\/\/www.yishengpack.com\/de\/wp-json\/wp\/v2\/product_brand?post=1380"},{"taxonomy":"product_cat","embeddable":true,"href":"https:\/\/www.yishengpack.com\/de\/wp-json\/wp\/v2\/product_cat?post=1380"},{"taxonomy":"product_tag","embeddable":true,"href":"https:\/\/www.yishengpack.com\/de\/wp-json\/wp\/v2\/product_tag?post=1380"}],"curies":[{"name":"wp","href":"https:\/\/api.w.org\/{rel}","templated":true}]}}