{"id":1372,"date":"2025-05-06T06:23:21","date_gmt":"2025-05-06T06:23:21","guid":{"rendered":"https:\/\/www.yishengpack.com\/?post_type=product&#038;p=1372"},"modified":"2025-08-11T06:16:22","modified_gmt":"2025-08-11T06:16:22","slug":"wine-gift-boxes-wholesale","status":"publish","type":"product","link":"https:\/\/www.yishengpack.com\/de\/produkt\/wine-gift-boxes-wholesale\/","title":{"rendered":"High-End-Wein-Geschenk-Boxen Gro\u00dfhandel, benutzerdefinierte magnetische Boxen f\u00fcr einzelne Weinflasche"},"content":{"rendered":"<div class=\"wp-block-columns is-layout-flex wp-container-core-columns-is-layout-9d6595d7 wp-block-columns-is-layout-flex\">\n<div class=\"wp-block-column is-layout-flow wp-block-column-is-layout-flow\">\n<h3 class=\"wp-block-heading\">Eigenschaften von Wein-Geschenk-Boxen Gro\u00dfhandel<\/h3>\n\n\n\n<p><strong>Hochwertiges magnetisches Design:<\/strong> Diese High-End-Wein-Geschenk-Boxen Gro\u00dfhandel nehmen eine magnetische Flip-Cover-Struktur, die reibungslos \u00f6ffnet und verbessert das Gef\u00fchl der unboxing Zeremonie. Weit verbreitet in Festival Geschenk-Boxen, E-Commerce, und Corporate ma\u00dfgeschneiderte Geschenke verwendet<\/p>\n\n\n\n<p><strong>Eine Vielzahl von personalisierten Anpassungen: <\/strong>Diese High-End-Wein-Geschenk-Boxen Gro\u00dfhandel kann auch vollst\u00e4ndig personalisiert werden, so weit wie Gr\u00f6\u00dfe, Farbe und Layout mit m\u00f6glichen Optionen variieren von Hei\u00dfpr\u00e4gung, UV-, Siebdruck, und Pr\u00e4gung zu vermitteln Marke Einzigartigkeit.<\/p>\n\n\n\n<p><strong>Stabile Struktur:<\/strong> Unsere kundenspezifischen Magnetboxen werden aus hochqualitativem Karton hergestellt, um eine maximale Struktur und einen maximalen Produktschutz w\u00e4hrend des Versands und der Lagerung zu gew\u00e4hrleisten.<\/p>\n\n\n\n<p><strong>Luxuri\u00f6ses Design der Geschenkbox: <\/strong>Unsere kundenspezifischen Magnetboxen steigern den Markenwert. Durch die Verwendung von \u00d6ko-Materialien erh\u00e4lt die Box ein hochwertiges Aussehen mit einer stabilen und eleganten Struktur, die den wahrgenommenen Wert von Produkten des mittleren bis oberen Marktsegments steigert.<\/p>\n\n\n\n<p><strong>Nachhaltige Entwicklung: <\/strong>Diese luxuri\u00f6sen Weingeschenkkartons f\u00fcr den Gro\u00dfhandel werden aus biologisch abbaubaren Materialien wie Recyclingkarton, Kraftpapier oder umweltfreundlichem Karton hergestellt, die den globalen Trends zur Nachhaltigkeit und den Anforderungen des EU\/US-Marktes entsprechen.<\/p>\n<\/div>\n\n\n\n<div class=\"wp-block-column is-layout-flow wp-block-column-is-layout-flow\">\n<figure class=\"wp-block-image size-full\"><img decoding=\"async\" width=\"720\" height=\"720\" src=\"https:\/\/www.yishengpack.com\/wp-content\/uploads\/2025\/05\/Wholesale-High-end-Luxury-Customized-Paper-Cardboard-Single-Wine-Bottle-Magnetic-Container-Folding-Gift-Packaging-Box7.webp\" alt=\"high-end-wein-geschenk-boxen-gro\u00dfhandel-magnetische-boxen-f\u00fcr-eine-einzelne-wein-flasche-1\" class=\"wp-image-1379\" srcset=\"https:\/\/www.yishengpack.com\/wp-content\/uploads\/2025\/05\/Wholesale-High-end-Luxury-Customized-Paper-Cardboard-Single-Wine-Bottle-Magnetic-Container-Folding-Gift-Packaging-Box7.webp 720w, https:\/\/www.yishengpack.com\/wp-content\/uploads\/2025\/05\/Wholesale-High-end-Luxury-Customized-Paper-Cardboard-Single-Wine-Bottle-Magnetic-Container-Folding-Gift-Packaging-Box7-300x300.webp 300w, https:\/\/www.yishengpack.com\/wp-content\/uploads\/2025\/05\/Wholesale-High-end-Luxury-Customized-Paper-Cardboard-Single-Wine-Bottle-Magnetic-Container-Folding-Gift-Packaging-Box7-150x150.webp 150w, https:\/\/www.yishengpack.com\/wp-content\/uploads\/2025\/05\/Wholesale-High-end-Luxury-Customized-Paper-Cardboard-Single-Wine-Bottle-Magnetic-Container-Folding-Gift-Packaging-Box7-12x12.webp 12w, https:\/\/www.yishengpack.com\/wp-content\/uploads\/2025\/05\/Wholesale-High-end-Luxury-Customized-Paper-Cardboard-Single-Wine-Bottle-Magnetic-Container-Folding-Gift-Packaging-Box7-600x600.webp 600w, https:\/\/www.yishengpack.com\/wp-content\/uploads\/2025\/05\/Wholesale-High-end-Luxury-Customized-Paper-Cardboard-Single-Wine-Bottle-Magnetic-Container-Folding-Gift-Packaging-Box7-100x100.webp 100w\" sizes=\"(max-width: 720px) 100vw, 720px\" \/><\/figure>\n<\/div>\n<\/div>\n\n\n\n<p><\/p>","protected":false},"excerpt":{"rendered":"<p>Willkommen bei unseren kundenspezifischen magnetischen Boxen zu kaufen. Erh\u00f6hen Sie Ihre Geschenk-Erfahrung mit diesen High-End-Wein-Geschenk-Boxen Gro\u00dfhandel, die eine schlanke schwarz-wei\u00dfe geometrische Design und eine sichere Schaumstoffeinlage f\u00fcr h\u00f6chsten Schutz haben. Ob Wein, Whiskey oder Spirituosen, die Box verleiht Ihrem Geschenk nicht nur einen zus\u00e4tzlichen Pr\u00e4sentationsschub, sondern sorgt auch f\u00fcr eine sichere Lieferung. Sie ist wiederverwendbar und umweltfreundlich und eignet sich perfekt f\u00fcr gehobene Geschenke, Hochzeiten, Firmengeschenke oder Weihnachtsfeiern.<\/p>\n<h2>Wein-Geschenk-Boxen Gro\u00dfhandel Spezifikationen:<\/h2>\n<table width=\"528\">\n<tbody>\n<tr>\n<td width=\"215\">Hersteller:<\/td>\n<td colspan=\"2\" width=\"313\">Yisheng<\/td>\n<\/tr>\n<tr>\n<td>Entwurf:<\/td>\n<td colspan=\"2\">Magnetische Boxen<\/td>\n<\/tr>\n<tr>\n<td>Material:\u00a0<\/td>\n<td colspan=\"2\">Karton und Kunstdruckpapier<\/td>\n<\/tr>\n<tr>\n<td>Farbe:\u00a0<\/td>\n<td colspan=\"2\">CMYK 4-Farb-Offsetdruck<\/td>\n<\/tr>\n<tr>\n<td>Gr\u00f6\u00dfe:\u00a0<\/td>\n<td colspan=\"2\" width=\"313\">Individuell angepasst Akzeptieren<\/td>\n<\/tr>\n<tr>\n<td>Allgemeine Verwendung:<\/td>\n<td colspan=\"2\" width=\"313\">Wein, Whiskey, Brandy, Tequila, etc.<\/td>\n<\/tr>\n<tr>\n<td>Die Form:\u00a0<\/td>\n<td colspan=\"2\" width=\"313\">Rechteckig &amp; Individuell angepasst<\/td>\n<\/tr>\n<tr>\n<td>Logo:\u00a0<\/td>\n<td colspan=\"2\">Benutzerdefiniert<\/td>\n<\/tr>\n<tr>\n<td>MOQ:\u00a0<\/td>\n<td colspan=\"2\">1000St\u00fcck<\/td>\n<\/tr>\n<tr>\n<td>OEM &amp; ODM:<\/td>\n<td colspan=\"2\">Kundenspezifisch, OEM und ODM willkommen<\/td>\n<\/tr>\n<tr>\n<td>Muster\uff1a<\/td>\n<td colspan=\"2\">5 St\u00fcck kostenlose Muster k\u00f6nnen angefordert werden<\/td>\n<\/tr>\n<\/tbody>\n<\/table>\n<p>\n<script src=\"chrome-extension:\/\/fpelahbljekknahkcaegamhcndkfpfnc\/iFrame.js\" type=\"text\/javascript\"><\/script><\/p>","protected":false},"featured_media":1373,"comment_status":"closed","ping_status":"closed","template":"","meta":{"_acf_changed":false},"box-type":[54],"product_brand":[],"product_cat":[36,19],"product_tag":[],"class_list":{"0":"post-1372","1":"product","2":"type-product","3":"status-publish","4":"has-post-thumbnail","6":"box-type-custom-magnetic-closure-boxes","7":"product_cat-wine-boxes-wholesale","8":"product_cat-luxury-gift-boxes-wholesale","10":"first","11":"instock","12":"shipping-taxable","13":"product-type-simple"},"acf":[],"_links":{"self":[{"href":"https:\/\/www.yishengpack.com\/de\/wp-json\/wp\/v2\/product\/1372","targetHints":{"allow":["GET"]}}],"collection":[{"href":"https:\/\/www.yishengpack.com\/de\/wp-json\/wp\/v2\/product"}],"about":[{"href":"https:\/\/www.yishengpack.com\/de\/wp-json\/wp\/v2\/types\/product"}],"replies":[{"embeddable":true,"href":"https:\/\/www.yishengpack.com\/de\/wp-json\/wp\/v2\/comments?post=1372"}],"wp:featuredmedia":[{"embeddable":true,"href":"https:\/\/www.yishengpack.com\/de\/wp-json\/wp\/v2\/media\/1373"}],"wp:attachment":[{"href":"https:\/\/www.yishengpack.com\/de\/wp-json\/wp\/v2\/media?parent=1372"}],"wp:term":[{"taxonomy":"box-type","embeddable":true,"href":"https:\/\/www.yishengpack.com\/de\/wp-json\/wp\/v2\/box-type?post=1372"},{"taxonomy":"product_brand","embeddable":true,"href":"https:\/\/www.yishengpack.com\/de\/wp-json\/wp\/v2\/product_brand?post=1372"},{"taxonomy":"product_cat","embeddable":true,"href":"https:\/\/www.yishengpack.com\/de\/wp-json\/wp\/v2\/product_cat?post=1372"},{"taxonomy":"product_tag","embeddable":true,"href":"https:\/\/www.yishengpack.com\/de\/wp-json\/wp\/v2\/product_tag?post=1372"}],"curies":[{"name":"wp","href":"https:\/\/api.w.org\/{rel}","templated":true}]}}