{"id":1353,"date":"2025-04-27T10:36:55","date_gmt":"2025-04-27T10:36:55","guid":{"rendered":"https:\/\/www.yishengpack.com\/?post_type=product&#038;p=1353"},"modified":"2025-08-11T06:16:56","modified_gmt":"2025-08-11T06:16:56","slug":"custom-printed-gift-boxes","status":"publish","type":"product","link":"https:\/\/www.yishengpack.com\/de\/produkt\/custom-printed-gift-boxes\/","title":{"rendered":"Individuell bedruckte Geschenkboxen mit Goldfolie, individuelle Schokoladen-Geschenkbox mit F\u00e4chern"},"content":{"rendered":"<div class=\"wp-block-columns is-layout-flex wp-container-core-columns-is-layout-9d6595d7 wp-block-columns-is-layout-flex\">\n<div class=\"wp-block-column is-layout-flow wp-block-column-is-layout-flow\">\n<h3 class=\"wp-block-heading\">Merkmale von individuell bedruckten Geschenkboxen<\/h3>\n\n\n\n<p><strong>Goldfolie Handwerk:<\/strong> Diese individuell bedruckten Geschenkboxen verf\u00fcgen \u00fcber ein luxuri\u00f6ses, mattes Goldfoliendesign, das der Box Zartheit und Eleganz verleiht und die M\u00f6glichkeit bietet, hochwertige Geschenke mit exquisiter Sch\u00f6nheit zu pr\u00e4sentieren.<\/p>\n\n\n\n<p><strong>Kundenspezifischer Druck:<\/strong> Diese individuell bedruckten Geschenkboxen k\u00f6nnen mit Ihrem Markenlogo, einer Botschaft oder einem einzigartigen Design bedruckt werden, um ein individuelles Geschenkverpackungserlebnis zu bieten.<\/p>\n\n\n\n<p><strong>Mit F\u00e4cherdesign:<\/strong> Unsere benutzerdefinierte Schokolade Geschenk-Box hat F\u00e4cher, die es bequemer zu ordnen Pralinen, Geb\u00e4ck, Datteln, und andere Leckereien in einer ordentlichen Art und Weise zu erhalten ideale Geschenk-Pr\u00e4sentation macht.<\/p>\n\n\n\n<p><strong>Strapazierf\u00e4higes Kartonmaterial:<\/strong> Unsere individuelle Schokoladen-Geschenkbox ist aus hochwertigem Karton gefertigt, so dass die Box langlebig und stabil ist und den Inhalt effektiv sch\u00fctzen kann.<\/p>\n\n\n\n<p><strong>In verschiedenen Gr\u00f6\u00dfen erh\u00e4ltlich:<\/strong> Unsere individuell bedruckten Geschenkschachteln bieten verschiedene Spezifikationen und Gr\u00f6\u00dfen f\u00fcr eine breite Palette von Lebensmittelverpackungen, von Keksen, Macarons, Schokolade bis hin zu kandierten Fr\u00fcchten, getrockneten Fruchtscheiben usw., und k\u00f6nnen je nach Gesch\u00e4ftsumfeld flexibel ver\u00e4ndert werden.<\/p>\n<\/div>\n\n\n\n<div class=\"wp-block-column is-layout-flow wp-block-column-is-layout-flow\">\n<figure class=\"wp-block-image size-full\"><img decoding=\"async\" width=\"720\" height=\"720\" src=\"https:\/\/www.yishengpack.com\/wp-content\/uploads\/2025\/04\/Gold-Foil-Matt-Box-Manufacturer-Custom-Printed-Luxury-Cardboard-Pastry-Date-Chocolate-Gift-Packaging-Paper-Box-with-Compartments5.webp\" alt=\"gold-folie-individuell-bedruckte-geschenk-boxen-bulk-schokolade-geschenk-box-1\" class=\"wp-image-1358\" srcset=\"https:\/\/www.yishengpack.com\/wp-content\/uploads\/2025\/04\/Gold-Foil-Matt-Box-Manufacturer-Custom-Printed-Luxury-Cardboard-Pastry-Date-Chocolate-Gift-Packaging-Paper-Box-with-Compartments5.webp 720w, https:\/\/www.yishengpack.com\/wp-content\/uploads\/2025\/04\/Gold-Foil-Matt-Box-Manufacturer-Custom-Printed-Luxury-Cardboard-Pastry-Date-Chocolate-Gift-Packaging-Paper-Box-with-Compartments5-300x300.webp 300w, https:\/\/www.yishengpack.com\/wp-content\/uploads\/2025\/04\/Gold-Foil-Matt-Box-Manufacturer-Custom-Printed-Luxury-Cardboard-Pastry-Date-Chocolate-Gift-Packaging-Paper-Box-with-Compartments5-150x150.webp 150w, https:\/\/www.yishengpack.com\/wp-content\/uploads\/2025\/04\/Gold-Foil-Matt-Box-Manufacturer-Custom-Printed-Luxury-Cardboard-Pastry-Date-Chocolate-Gift-Packaging-Paper-Box-with-Compartments5-12x12.webp 12w, https:\/\/www.yishengpack.com\/wp-content\/uploads\/2025\/04\/Gold-Foil-Matt-Box-Manufacturer-Custom-Printed-Luxury-Cardboard-Pastry-Date-Chocolate-Gift-Packaging-Paper-Box-with-Compartments5-600x600.webp 600w, https:\/\/www.yishengpack.com\/wp-content\/uploads\/2025\/04\/Gold-Foil-Matt-Box-Manufacturer-Custom-Printed-Luxury-Cardboard-Pastry-Date-Chocolate-Gift-Packaging-Paper-Box-with-Compartments5-100x100.webp 100w\" sizes=\"(max-width: 720px) 100vw, 720px\" \/><\/figure>\n<\/div>\n<\/div>\n\n\n\n<p><\/p>","protected":false},"excerpt":{"rendered":"<p>Willkommen zum Kauf unserer individuell bedruckten Geschenkboxen. Unsere Goldfolie matte Boxen f\u00fcgen Sie ein Gef\u00fchl von Luxus und Raffinesse, um Ihre Schokolade Geschenk-Box. Durch die Anpassung der gedruckten Logo, das robuste Kartonmaterial und Fach Design machen es perfekt f\u00fcr die Verpackung von Pralinen, Geb\u00e4ck und andere High-End-Geschenke. Ob es sich um ein Firmengeschenk oder ein festliches Werbegeschenk handelt, diese Box verleiht Ihren Geschenken einen einzigartigen Charme!<\/p>\n<h2>Individuell bedruckte Geschenkboxen Spezifikationen:<\/h2>\n<table width=\"528\">\n<tbody>\n<tr>\n<td width=\"215\">Hersteller:<\/td>\n<td colspan=\"2\" width=\"313\">Yisheng<\/td>\n<\/tr>\n<tr>\n<td>Entwurf:<\/td>\n<td colspan=\"2\">Top Bottom Boxen<\/td>\n<\/tr>\n<tr>\n<td>Material:\u00a0<\/td>\n<td colspan=\"2\">Karton und Kunstdruckpapier<\/td>\n<\/tr>\n<tr>\n<td>Farbe:\u00a0<\/td>\n<td colspan=\"2\">CMYK 4-Farb-Offsetdruck<\/td>\n<\/tr>\n<tr>\n<td>Gr\u00f6\u00dfe:\u00a0<\/td>\n<td colspan=\"2\" width=\"313\">Individuell angepasst Akzeptieren<\/td>\n<\/tr>\n<tr>\n<td>Allgemeine Verwendung:<\/td>\n<td colspan=\"2\" width=\"313\">Tr\u00fcffel, Desserts, Geb\u00e4ck, Kekse, etc.<\/td>\n<\/tr>\n<tr>\n<td>Die Form:\u00a0<\/td>\n<td colspan=\"2\" width=\"313\">Rechteckig &amp; Individuell angepasst<\/td>\n<\/tr>\n<tr>\n<td>Logo:\u00a0<\/td>\n<td colspan=\"2\">Benutzerdefiniert<\/td>\n<\/tr>\n<tr>\n<td>MOQ:\u00a0<\/td>\n<td colspan=\"2\">1000St\u00fcck<\/td>\n<\/tr>\n<tr>\n<td>OEM &amp; ODM:<\/td>\n<td colspan=\"2\">Kundenspezifisch, OEM und ODM willkommen<\/td>\n<\/tr>\n<tr>\n<td>Muster\uff1a<\/td>\n<td colspan=\"2\">5 St\u00fcck kostenlose Muster k\u00f6nnen angefordert werden<\/td>\n<\/tr>\n<\/tbody>\n<\/table>\n<p>\n<script src=\"chrome-extension:\/\/fpelahbljekknahkcaegamhcndkfpfnc\/iFrame.js\" type=\"text\/javascript\"><\/script><\/p>","protected":false},"featured_media":1361,"comment_status":"closed","ping_status":"closed","template":"","meta":{"_acf_changed":false},"box-type":[57,61],"product_brand":[],"product_cat":[32,19,41,46],"product_tag":[],"class_list":{"0":"post-1353","1":"product","2":"type-product","3":"status-publish","4":"has-post-thumbnail","6":"box-type-custom-rigid-box-with-lid","7":"box-type-custom-two-piece-boxes","8":"product_cat-bakery-packaging-wholesale","9":"product_cat-luxury-gift-boxes-wholesale","10":"product_cat-candy-gift-boxes-wholesale","11":"product_cat-wholesale-paper-boxes","13":"first","14":"instock","15":"shipping-taxable","16":"product-type-simple"},"acf":[],"_links":{"self":[{"href":"https:\/\/www.yishengpack.com\/de\/wp-json\/wp\/v2\/product\/1353","targetHints":{"allow":["GET"]}}],"collection":[{"href":"https:\/\/www.yishengpack.com\/de\/wp-json\/wp\/v2\/product"}],"about":[{"href":"https:\/\/www.yishengpack.com\/de\/wp-json\/wp\/v2\/types\/product"}],"replies":[{"embeddable":true,"href":"https:\/\/www.yishengpack.com\/de\/wp-json\/wp\/v2\/comments?post=1353"}],"wp:featuredmedia":[{"embeddable":true,"href":"https:\/\/www.yishengpack.com\/de\/wp-json\/wp\/v2\/media\/1361"}],"wp:attachment":[{"href":"https:\/\/www.yishengpack.com\/de\/wp-json\/wp\/v2\/media?parent=1353"}],"wp:term":[{"taxonomy":"box-type","embeddable":true,"href":"https:\/\/www.yishengpack.com\/de\/wp-json\/wp\/v2\/box-type?post=1353"},{"taxonomy":"product_brand","embeddable":true,"href":"https:\/\/www.yishengpack.com\/de\/wp-json\/wp\/v2\/product_brand?post=1353"},{"taxonomy":"product_cat","embeddable":true,"href":"https:\/\/www.yishengpack.com\/de\/wp-json\/wp\/v2\/product_cat?post=1353"},{"taxonomy":"product_tag","embeddable":true,"href":"https:\/\/www.yishengpack.com\/de\/wp-json\/wp\/v2\/product_tag?post=1353"}],"curies":[{"name":"wp","href":"https:\/\/api.w.org\/{rel}","templated":true}]}}