{"id":1345,"date":"2025-04-27T09:49:52","date_gmt":"2025-04-27T09:49:52","guid":{"rendered":"https:\/\/www.yishengpack.com\/?post_type=product&#038;p=1345"},"modified":"2025-08-11T06:17:13","modified_gmt":"2025-08-11T06:17:13","slug":"custom-luxury-gift-boxes","status":"publish","type":"product","link":"https:\/\/www.yishengpack.com\/de\/produkt\/custom-luxury-gift-boxes\/","title":{"rendered":"Benutzerdefinierte Luxus-Geschenk-Boxen mit Logo, starre magnetische Boxen Gro\u00dfhandel mit Teiler"},"content":{"rendered":"<div class=\"wp-block-columns is-layout-flex wp-container-core-columns-is-layout-9d6595d7 wp-block-columns-is-layout-flex\">\n<div class=\"wp-block-column is-layout-flow wp-block-column-is-layout-flow\">\n<h3 class=\"wp-block-heading\">Merkmale von Luxus-Geschenkboxen nach Ma\u00df<\/h3>\n\n\n\n<p><strong>Ausf\u00fchrung mit Trennw\u00e4nden:<\/strong> Die kundenspezifischen Luxus-Geschenkboxen k\u00f6nnen mit einer Zwischenschicht ausgestattet werden, die das Eindringen von Fett und Feuchtigkeit verhindert und den Inhalt, wie z. B. kandierte Fr\u00fcchte, Schokolade und Kekse, frisch und sauber h\u00e4lt und den Kontakt untereinander verhindert.<\/p>\n\n\n\n<p><strong>Verst\u00e4rkte Papierstruktur:<\/strong> Unsere starren magnetischen Boxen Gro\u00dfhandel sind aus High-Gewicht-Karton, die sehr resistent gegen Druck und geeignet f\u00fcr schwere und Langstreckentransport ist gemacht. Sorgenfreie Massenlieferung, geeignet f\u00fcr Superm\u00e4rkte, Dessert-Shops, Event-Partys, Weihnachtsgeschenke und andere Szenen.<\/p>\n\n\n\n<p><strong>Magnetisch saugendes Design: <\/strong>Die benutzerdefinierten Luxus-Geschenk-Boxen sind aus hochwertigen magnetischen Verschl\u00fcssen, \u00f6ffnen und schlie\u00dfen reibungslos, die Verbesserung der allgemeinen Sinn f\u00fcr Klasse der Geschenkverpackung. Stellen Sie sicher, dass die Lebensmittel in der Box nicht leicht zu fallen, und ist sorgenfrei w\u00e4hrend des Transports.<\/p>\n\n\n\n<p><strong>In verschiedenen Gr\u00f6\u00dfen erh\u00e4ltlich:<\/strong> Unsere ma\u00dfgefertigten Luxus-Geschenkboxen bieten eine Vielzahl von Spezifikationen und Gr\u00f6\u00dfen, um den verschiedenen Anforderungen an Lebensmittelverpackungen gerecht zu werden - von Keksen, Macarons, Pralinen bis hin zu kandierten Fr\u00fcchten, Trockenobstscheiben usw. - und k\u00f6nnen flexibel an unterschiedliche Gesch\u00e4ftsszenarien angepasst werden.<\/p>\n\n\n\n<p><strong>Unterst\u00fctzt individuelles Logo: <\/strong>Unsere starren Magnetboxen f\u00fcr den Gro\u00dfhandel k\u00f6nnen mit exklusiven Markenlogos, Mustern und Informationen nach Kundenwunsch bedruckt werden, um die Markenbekanntheit zu erh\u00f6hen, den Kundeneindruck zu verbessern und das Markenmarketing zu unterst\u00fctzen.<\/p>\n<\/div>\n\n\n\n<div class=\"wp-block-column is-layout-flow wp-block-column-is-layout-flow\">\n<figure class=\"wp-block-image size-full\"><img decoding=\"async\" width=\"640\" height=\"640\" src=\"https:\/\/www.yishengpack.com\/wp-content\/uploads\/2025\/04\/Custom-Logo-Luxury-Rectangular-Rigid-Paper-Dried-Fruit-Slices-Magnetic-Packaging-Boxes-with-Cover-Cookies-Candy-Box-with-Divider3.webp\" alt=\"Luxus-Geschenkboxen-mit-Logo-rigid-magnetischen-Boxen-Gro\u00dfhandel-1\" class=\"wp-image-1348\" srcset=\"https:\/\/www.yishengpack.com\/wp-content\/uploads\/2025\/04\/Custom-Logo-Luxury-Rectangular-Rigid-Paper-Dried-Fruit-Slices-Magnetic-Packaging-Boxes-with-Cover-Cookies-Candy-Box-with-Divider3.webp 640w, https:\/\/www.yishengpack.com\/wp-content\/uploads\/2025\/04\/Custom-Logo-Luxury-Rectangular-Rigid-Paper-Dried-Fruit-Slices-Magnetic-Packaging-Boxes-with-Cover-Cookies-Candy-Box-with-Divider3-300x300.webp 300w, https:\/\/www.yishengpack.com\/wp-content\/uploads\/2025\/04\/Custom-Logo-Luxury-Rectangular-Rigid-Paper-Dried-Fruit-Slices-Magnetic-Packaging-Boxes-with-Cover-Cookies-Candy-Box-with-Divider3-150x150.webp 150w, https:\/\/www.yishengpack.com\/wp-content\/uploads\/2025\/04\/Custom-Logo-Luxury-Rectangular-Rigid-Paper-Dried-Fruit-Slices-Magnetic-Packaging-Boxes-with-Cover-Cookies-Candy-Box-with-Divider3-12x12.webp 12w, https:\/\/www.yishengpack.com\/wp-content\/uploads\/2025\/04\/Custom-Logo-Luxury-Rectangular-Rigid-Paper-Dried-Fruit-Slices-Magnetic-Packaging-Boxes-with-Cover-Cookies-Candy-Box-with-Divider3-600x600.webp 600w, https:\/\/www.yishengpack.com\/wp-content\/uploads\/2025\/04\/Custom-Logo-Luxury-Rectangular-Rigid-Paper-Dried-Fruit-Slices-Magnetic-Packaging-Boxes-with-Cover-Cookies-Candy-Box-with-Divider3-100x100.webp 100w\" sizes=\"(max-width: 640px) 100vw, 640px\" \/><\/figure>\n<\/div>\n<\/div>\n\n\n\n<p><\/p>","protected":false},"excerpt":{"rendered":"<p>Willkommen zum Kauf unserer benutzerdefinierten Luxus-Geschenk-Boxen. Diese starren magnetischen Boxen Gro\u00dfhandel sind f\u00fcr Tr\u00fcffel, Kekse und kandierte Fr\u00fcchte konzipiert. Es ist aus hochfestem \u00f6lbest\u00e4ndigem und wasserdichtem Material hergestellt, mit einer magnetischen Klappe Design, um sicherzustellen, dass Lebensmittel nicht w\u00e4hrend des Transports herausfallen wird. Es unterst\u00fctzt Markenlogo Anpassung an das Markenimage zu verbessern, ist geeignet f\u00fcr Gro\u00dfeink\u00e4ufe, und ist in einer Vielzahl von Gr\u00f6\u00dfen erh\u00e4ltlich, um die Verpackung Bed\u00fcrfnisse der verschiedenen Szenarien zu erf\u00fcllen.<\/p>\n<h2>Kundenspezifische Luxus-Geschenkboxen Spezifikationen:<\/h2>\n<table width=\"528\">\n<tbody>\n<tr>\n<td width=\"215\">Hersteller:<\/td>\n<td colspan=\"2\" width=\"313\">Yisheng<\/td>\n<\/tr>\n<tr>\n<td>Entwurf:<\/td>\n<td colspan=\"2\">Magnetische Boxen<\/td>\n<\/tr>\n<tr>\n<td>Material:\u00a0<\/td>\n<td colspan=\"2\">Karton und Kunstdruckpapier<\/td>\n<\/tr>\n<tr>\n<td>Farbe:\u00a0<\/td>\n<td colspan=\"2\">CMYK 4-Farb-Offsetdruck<\/td>\n<\/tr>\n<tr>\n<td>Gr\u00f6\u00dfe:\u00a0<\/td>\n<td colspan=\"2\" width=\"313\">Individuell angepasst Akzeptieren<\/td>\n<\/tr>\n<tr>\n<td>Allgemeine Verwendung:<\/td>\n<td colspan=\"2\" width=\"313\">Tr\u00fcffel, Desserts, Geb\u00e4ck, Kekse, etc.<\/td>\n<\/tr>\n<tr>\n<td>Die Form:\u00a0<\/td>\n<td colspan=\"2\" width=\"313\">Rechteckig &amp; Individuell angepasst<\/td>\n<\/tr>\n<tr>\n<td>Logo:\u00a0<\/td>\n<td colspan=\"2\">Benutzerdefiniert<\/td>\n<\/tr>\n<tr>\n<td>MOQ:\u00a0<\/td>\n<td colspan=\"2\">1000St\u00fcck<\/td>\n<\/tr>\n<tr>\n<td>OEM &amp; ODM:<\/td>\n<td colspan=\"2\">Kundenspezifisch, OEM und ODM willkommen<\/td>\n<\/tr>\n<tr>\n<td>Muster\uff1a<\/td>\n<td colspan=\"2\">5 St\u00fcck kostenlose Muster k\u00f6nnen angefordert werden<\/td>\n<\/tr>\n<\/tbody>\n<\/table>\n<p>\n<script src=\"chrome-extension:\/\/fpelahbljekknahkcaegamhcndkfpfnc\/iFrame.js\" type=\"text\/javascript\"><\/script><\/p>","protected":false},"featured_media":1347,"comment_status":"closed","ping_status":"closed","template":"","meta":{"_acf_changed":false},"box-type":[54],"product_brand":[],"product_cat":[19,41,46,33,44],"product_tag":[],"class_list":{"0":"post-1345","1":"product","2":"type-product","3":"status-publish","4":"has-post-thumbnail","6":"box-type-custom-magnetic-closure-boxes","7":"product_cat-luxury-gift-boxes-wholesale","8":"product_cat-candy-gift-boxes-wholesale","9":"product_cat-wholesale-paper-boxes","10":"product_cat-food-packaging-boxes-wholesale","11":"product_cat-custom-snack-box","13":"first","14":"instock","15":"shipping-taxable","16":"product-type-simple"},"acf":[],"_links":{"self":[{"href":"https:\/\/www.yishengpack.com\/de\/wp-json\/wp\/v2\/product\/1345","targetHints":{"allow":["GET"]}}],"collection":[{"href":"https:\/\/www.yishengpack.com\/de\/wp-json\/wp\/v2\/product"}],"about":[{"href":"https:\/\/www.yishengpack.com\/de\/wp-json\/wp\/v2\/types\/product"}],"replies":[{"embeddable":true,"href":"https:\/\/www.yishengpack.com\/de\/wp-json\/wp\/v2\/comments?post=1345"}],"wp:featuredmedia":[{"embeddable":true,"href":"https:\/\/www.yishengpack.com\/de\/wp-json\/wp\/v2\/media\/1347"}],"wp:attachment":[{"href":"https:\/\/www.yishengpack.com\/de\/wp-json\/wp\/v2\/media?parent=1345"}],"wp:term":[{"taxonomy":"box-type","embeddable":true,"href":"https:\/\/www.yishengpack.com\/de\/wp-json\/wp\/v2\/box-type?post=1345"},{"taxonomy":"product_brand","embeddable":true,"href":"https:\/\/www.yishengpack.com\/de\/wp-json\/wp\/v2\/product_brand?post=1345"},{"taxonomy":"product_cat","embeddable":true,"href":"https:\/\/www.yishengpack.com\/de\/wp-json\/wp\/v2\/product_cat?post=1345"},{"taxonomy":"product_tag","embeddable":true,"href":"https:\/\/www.yishengpack.com\/de\/wp-json\/wp\/v2\/product_tag?post=1345"}],"curies":[{"name":"wp","href":"https:\/\/api.w.org\/{rel}","templated":true}]}}