{"id":1310,"date":"2025-04-16T10:06:46","date_gmt":"2025-04-16T10:06:46","guid":{"rendered":"https:\/\/www.yishengpack.com\/?post_type=product&#038;p=1310"},"modified":"2025-08-11T06:25:15","modified_gmt":"2025-08-11T06:25:15","slug":"customized-cake-boxes","status":"publish","type":"product","link":"https:\/\/www.yishengpack.com\/de\/produkt\/customized-cake-boxes\/","title":{"rendered":"Ma\u00dfgeschneiderte Kuchenboxen Lebensmittelverpackungen, quadratische Charcuterie-Boxen Gro\u00dfhandel"},"content":{"rendered":"<div class=\"wp-block-columns is-layout-flex wp-container-core-columns-is-layout-9d6595d7 wp-block-columns-is-layout-flex\">\n<div class=\"wp-block-column is-layout-flow wp-block-column-is-layout-flow\">\n<h3 class=\"wp-block-heading\">Merkmale von individuell gestalteten Tortenschachteln<\/h3>\n\n\n\n<p><strong>Einfach zu bedienen:<\/strong> Diese ma\u00dfgefertigten Tortenschachteln sind faltenfrei und sofort einsatzbereit, so dass m\u00fchsame Faltvorg\u00e4nge entfallen und die Verpackungseffizienz erheblich verbessert wird.<\/p>\n\n\n\n<p><strong>Transparentes Display: <\/strong>Unsere Charcuterie-Boxen Gro\u00dfhandel sind mit transparenten Kunststoff-Deckel, insgesamt einfach und sch\u00f6n, kann deutlich zeigen die Lebensmittel im Inneren der Box, verbessern die visuelle Attraktivit\u00e4t des Produkts, und effektiv zu stimulieren den Wunsch des Kunden zu kaufen.<\/p>\n\n\n\n<p><strong>Lebensmittelgerechtes, umweltfreundliches Material:<\/strong> Diese kundenspezifischen Tortenschachteln bestehen aus verdicktem, umweltfreundlichem Papier in Lebensmittelqualit\u00e4t, das keinen Geruch und keine Verschmutzung verursacht, um die Sicherheit beim Kontakt mit Lebensmitteln zu gew\u00e4hrleisten.<\/p>\n\n\n\n<p><strong>\u00d6lbest\u00e4ndig und sickerdicht: <\/strong>Diese ma\u00dfgefertigten Kuchenkartons sind speziell mit einer \u00f6lbest\u00e4ndigen Beschichtung an der Innenwand versehen, die Fett und So\u00dfe wirksam isoliert, ein Auslaufen oder einen weichen Zusammenbruch verhindert und die Verpackung sch\u00f6n und ordentlich h\u00e4lt. Geeignet f\u00fcr Desserts, Kuchen, Fleisch, K\u00e4seplatten und andere \u00f6lhaltige Lebensmittel.<\/p>\n\n\n\n<p><strong>Unterst\u00fctzung von Anpassungen:<\/strong> Unsere Charcuterie-Boxen Gro\u00dfhandel k\u00f6nnen auf verschiedene Weise nach Ihren Bed\u00fcrfnissen Marke angepasst werden, einschlie\u00dflich Logo-Druck, Vollfarbdruck, Gr\u00f6\u00dfen\u00e4nderung, etc., um die Verpackung Bed\u00fcrfnisse der verschiedenen Kategorien und Stile zu erf\u00fcllen und schaffen unverwechselbare Marke Verpackung.<\/p>\n<\/div>\n\n\n\n<div class=\"wp-block-column is-layout-flow wp-block-column-is-layout-flow\">\n<figure class=\"wp-block-image size-full\"><img decoding=\"async\" width=\"800\" height=\"800\" src=\"https:\/\/www.yishengpack.com\/wp-content\/uploads\/2025\/04\/wholesale-customized-cake-boxes-food-packaging-square-charcuterie-boxes3.jpg\" alt=\"kundenindividuelle-kuchen-boxen-lebensmittel-verpackungen-quadrat-charcuterie-boxen-grosshandel-1\" class=\"wp-image-1313\" srcset=\"https:\/\/www.yishengpack.com\/wp-content\/uploads\/2025\/04\/wholesale-customized-cake-boxes-food-packaging-square-charcuterie-boxes3.jpg 800w, https:\/\/www.yishengpack.com\/wp-content\/uploads\/2025\/04\/wholesale-customized-cake-boxes-food-packaging-square-charcuterie-boxes3-300x300.jpg 300w, https:\/\/www.yishengpack.com\/wp-content\/uploads\/2025\/04\/wholesale-customized-cake-boxes-food-packaging-square-charcuterie-boxes3-150x150.jpg 150w, https:\/\/www.yishengpack.com\/wp-content\/uploads\/2025\/04\/wholesale-customized-cake-boxes-food-packaging-square-charcuterie-boxes3-768x768.jpg 768w, https:\/\/www.yishengpack.com\/wp-content\/uploads\/2025\/04\/wholesale-customized-cake-boxes-food-packaging-square-charcuterie-boxes3-12x12.jpg 12w, https:\/\/www.yishengpack.com\/wp-content\/uploads\/2025\/04\/wholesale-customized-cake-boxes-food-packaging-square-charcuterie-boxes3-600x600.jpg 600w, https:\/\/www.yishengpack.com\/wp-content\/uploads\/2025\/04\/wholesale-customized-cake-boxes-food-packaging-square-charcuterie-boxes3-100x100.jpg 100w\" sizes=\"(max-width: 800px) 100vw, 800px\" \/><\/figure>\n<\/div>\n<\/div>\n\n\n\n<p><\/p>","protected":false},"excerpt":{"rendered":"<p>Willkommen bei unseren ma\u00dfgeschneiderten Kuchen-Boxen zu kaufen. Diese quadratische Charcuterie-Boxen Gro\u00dfhandel mit einem klaren Deckel ist ein Papier ready-to-eat-Box f\u00fcr Desserts, Kuchen und andere Snacks entwickelt. Stellen Sie sicher, dass Ihr Essen ist robust mit guter Bel\u00fcftung, um das Essen frisch zu halten. Geeignet f\u00fcr B\u00e4ckereien, Konditoreien, Caf\u00e9s und Imbissbuden. Kaufen Sie noch heute in gro\u00dfen Mengen und profitieren Sie von ausgezeichneten Preisen und schneller Lieferung!<\/p>\n<h2>Kundenspezifische Tortenschachteln Spezifikationen:<\/h2>\n<table width=\"528\">\n<tbody>\n<tr>\n<td width=\"215\">Hersteller:<\/td>\n<td colspan=\"2\" width=\"313\">Yisheng<\/td>\n<\/tr>\n<tr>\n<td>Modell:<\/td>\n<td colspan=\"2\">1212\uff08011\uff09<\/td>\n<\/tr>\n<tr>\n<td>Material:\u00a0<\/td>\n<td colspan=\"2\">Papier+PET<\/td>\n<\/tr>\n<tr>\n<td>Farbe:\u00a0<\/td>\n<td colspan=\"2\">Wei\u00df\u00a0<\/td>\n<\/tr>\n<tr>\n<td>Gr\u00f6\u00dfe:\u00a0<\/td>\n<td colspan=\"2\" width=\"313\">11,5*11,5*6,5cm<\/td>\n<\/tr>\n<tr>\n<td>Gewicht:\u00a0<\/td>\n<td colspan=\"2\" width=\"313\">17g, 17,5g\/Stk.<\/td>\n<\/tr>\n<tr>\n<td>Die Form:\u00a0<\/td>\n<td colspan=\"2\" width=\"313\">Quadratisch<\/td>\n<\/tr>\n<tr>\n<td>Logo:\u00a0<\/td>\n<td colspan=\"2\">Benutzerdefiniert<\/td>\n<\/tr>\n<tr>\n<td>MOQ:\u00a0<\/td>\n<td colspan=\"2\">1000St\u00fcck<\/td>\n<\/tr>\n<tr>\n<td>OEM&amp;ODM:\u00a0<\/td>\n<td colspan=\"2\">Kundenspezifisch, OEM und ODM willkommen<\/td>\n<\/tr>\n<tr>\n<td>Muster\uff1a<\/td>\n<td colspan=\"2\">5 St\u00fcck kostenlose Muster k\u00f6nnen angefordert werden<\/td>\n<\/tr>\n<\/tbody>\n<\/table>\n<p>\n<script src=\"chrome-extension:\/\/fpelahbljekknahkcaegamhcndkfpfnc\/iFrame.js\" type=\"text\/javascript\"><\/script><\/p>","protected":false},"featured_media":1315,"comment_status":"closed","ping_status":"closed","template":"","meta":{"_acf_changed":false},"box-type":[64,61],"product_brand":[],"product_cat":[30,31],"product_tag":[],"class_list":{"0":"post-1310","1":"product","2":"type-product","3":"status-publish","4":"has-post-thumbnail","6":"box-type-custom-clear-lid-paper-boxes","7":"box-type-custom-two-piece-boxes","8":"product_cat-cake-containers-wholesale","9":"product_cat-wholesale-charcuterie-boxes","11":"first","12":"instock","13":"shipping-taxable","14":"product-type-simple"},"acf":[],"_links":{"self":[{"href":"https:\/\/www.yishengpack.com\/de\/wp-json\/wp\/v2\/product\/1310","targetHints":{"allow":["GET"]}}],"collection":[{"href":"https:\/\/www.yishengpack.com\/de\/wp-json\/wp\/v2\/product"}],"about":[{"href":"https:\/\/www.yishengpack.com\/de\/wp-json\/wp\/v2\/types\/product"}],"replies":[{"embeddable":true,"href":"https:\/\/www.yishengpack.com\/de\/wp-json\/wp\/v2\/comments?post=1310"}],"wp:featuredmedia":[{"embeddable":true,"href":"https:\/\/www.yishengpack.com\/de\/wp-json\/wp\/v2\/media\/1315"}],"wp:attachment":[{"href":"https:\/\/www.yishengpack.com\/de\/wp-json\/wp\/v2\/media?parent=1310"}],"wp:term":[{"taxonomy":"box-type","embeddable":true,"href":"https:\/\/www.yishengpack.com\/de\/wp-json\/wp\/v2\/box-type?post=1310"},{"taxonomy":"product_brand","embeddable":true,"href":"https:\/\/www.yishengpack.com\/de\/wp-json\/wp\/v2\/product_brand?post=1310"},{"taxonomy":"product_cat","embeddable":true,"href":"https:\/\/www.yishengpack.com\/de\/wp-json\/wp\/v2\/product_cat?post=1310"},{"taxonomy":"product_tag","embeddable":true,"href":"https:\/\/www.yishengpack.com\/de\/wp-json\/wp\/v2\/product_tag?post=1310"}],"curies":[{"name":"wp","href":"https:\/\/api.w.org\/{rel}","templated":true}]}}