{"id":1296,"date":"2025-04-11T08:10:07","date_gmt":"2025-04-11T08:10:07","guid":{"rendered":"https:\/\/www.yishengpack.com\/?post_type=product&#038;p=1296"},"modified":"2025-08-11T06:32:56","modified_gmt":"2025-08-11T06:32:56","slug":"custom-printed-boxes","status":"publish","type":"product","link":"https:\/\/www.yishengpack.com\/de\/produkt\/custom-printed-boxes\/","title":{"rendered":"Luxuri\u00f6se, individuell bedruckte Boxen f\u00fcr Marken und Einzelh\u00e4ndler, tragbare Geschenkboxen f\u00fcr den Gro\u00dfhandel"},"content":{"rendered":"<div class=\"wp-block-columns is-layout-flex wp-container-core-columns-is-layout-9d6595d7 wp-block-columns-is-layout-flex\">\n<div class=\"wp-block-column is-layout-flow wp-block-column-is-layout-flow\">\n<h3 class=\"wp-block-heading\">Merkmale von individuell bedruckten Boxen<\/h3>\n\n\n\n<p><strong>Hochwertiger individueller Druck: <\/strong>Diese tragbare Geschenkbox f\u00fcr den Gro\u00dfhandel unterst\u00fctzt Vollfarbdruck, Hei\u00dfpr\u00e4gung, UV- und andere Oberfl\u00e4chenbehandlungen, um die Markenerkennung zu verbessern.<\/p>\n\n\n\n<p><strong>Tragbares Handheld-Design: <\/strong>Unsere individuell bedruckten Schachteln k\u00f6nnen mit Kordel-, Band- oder Papiergriffen versehen werden, was sowohl sch\u00f6n als auch praktisch ist und die Benutzerfreundlichkeit erh\u00f6ht. Sie eignen sich f\u00fcr Geschenkverpackungen.<\/p>\n\n\n\n<p><strong>Verschiedene Materialien verf\u00fcgbar: <\/strong>Unsere individuell bedruckten Schachteln sind aus hochwertigem Graukarton + Kunstdruckpapier, Kraftpapier oder umweltfreundlichen Materialien gefertigt, stabil und sch\u00f6n.<\/p>\n\n\n\n<p><strong>Unterst\u00fctzung OEM\/ODM: <\/strong>Diese tragbare Geschenkbox Gro\u00dfhandel Gr\u00f6\u00dfe, Farbe, Struktur und LOGO kann personalisiert werden, um die exklusiven Bed\u00fcrfnisse der Marke zu erf\u00fcllen.<\/p>\n\n\n\n<p><strong>Innovative Faltstruktur: <\/strong>Unsere individuell bedruckten Kartons k\u00f6nnen so gefaltet und verstaut werden, dass das Transportvolumen und die Kosten reduziert werden, und eignen sich f\u00fcr E-Commerce-Sendungen oder Massenausfuhren.<\/p>\n<\/div>\n\n\n\n<div class=\"wp-block-column is-layout-flow wp-block-column-is-layout-flow\">\n<figure class=\"wp-block-image size-full\"><img decoding=\"async\" width=\"1024\" height=\"1024\" src=\"https:\/\/www.yishengpack.com\/wp-content\/uploads\/2025\/04\/luxury-custom-printed-boxes-portable-gift-box-wholesale-7.webp\" alt=\"luxuri\u00f6se-bedruckte-boxen-tragbare-geschenke-box-gro\u00dfhandel-7\" class=\"wp-image-1304\" srcset=\"https:\/\/www.yishengpack.com\/wp-content\/uploads\/2025\/04\/luxury-custom-printed-boxes-portable-gift-box-wholesale-7.webp 1024w, https:\/\/www.yishengpack.com\/wp-content\/uploads\/2025\/04\/luxury-custom-printed-boxes-portable-gift-box-wholesale-7-300x300.webp 300w, https:\/\/www.yishengpack.com\/wp-content\/uploads\/2025\/04\/luxury-custom-printed-boxes-portable-gift-box-wholesale-7-150x150.webp 150w, https:\/\/www.yishengpack.com\/wp-content\/uploads\/2025\/04\/luxury-custom-printed-boxes-portable-gift-box-wholesale-7-768x768.webp 768w, https:\/\/www.yishengpack.com\/wp-content\/uploads\/2025\/04\/luxury-custom-printed-boxes-portable-gift-box-wholesale-7-12x12.webp 12w, https:\/\/www.yishengpack.com\/wp-content\/uploads\/2025\/04\/luxury-custom-printed-boxes-portable-gift-box-wholesale-7-600x600.webp 600w, https:\/\/www.yishengpack.com\/wp-content\/uploads\/2025\/04\/luxury-custom-printed-boxes-portable-gift-box-wholesale-7-100x100.webp 100w\" sizes=\"(max-width: 1024px) 100vw, 1024px\" \/><\/figure>\n<\/div>\n<\/div>\n\n\n\n<p><\/p>","protected":false},"excerpt":{"rendered":"<p>Gro\u00dfbestellungen unserer luxuri\u00f6sen, individuell bedruckten Schachteln sind f\u00fcr Marken gedacht, die hochwertige tragbare Verpackungen suchen. Diese Geschenkbox Gro\u00dfhandel sind aus hochwertigen Materialien hergestellt, sind faltbar im Design, sind kosteng\u00fcnstig f\u00fcr den Transport, sind aus umweltfreundlichen Materialien hergestellt, sind elegant, und eignen sich f\u00fcr Marken-Geschenk-Boxen, Urlaub Geschenk, Luxus-Verpackung, High-End-Flash-Verpackung und viele andere Szenarien.<\/p>\n<h2>Individuell bedruckte Boxen Spezifikation:<\/h2>\n<table width=\"554\">\n<tbody>\n<tr>\n<td width=\"215\">Hersteller:<\/td>\n<td colspan=\"2\" width=\"339\">Yisheng<\/td>\n<\/tr>\n<tr>\n<td>Stil:<\/td>\n<td colspan=\"2\">Faltschachteln<\/td>\n<\/tr>\n<tr>\n<td>Material:\u00a0<\/td>\n<td colspan=\"2\">Kraftpapier, Wellpappe, Pappe, Kunstdruckpapier, etc.<\/td>\n<\/tr>\n<tr>\n<td>Gr\u00f6\u00dfe:<\/td>\n<td colspan=\"2\">Kundenspezifisch<\/td>\n<\/tr>\n<tr>\n<td>Farbe:\u00a0<\/td>\n<td colspan=\"2\">Kundenspezifisch<\/td>\n<\/tr>\n<tr>\n<td>Die Form:\u00a0<\/td>\n<td colspan=\"2\">Rechteck, kundenspezifisch<\/td>\n<\/tr>\n<tr>\n<td>MOQ:\u00a0<\/td>\n<td colspan=\"2\">1000St\u00fcck<\/td>\n<\/tr>\n<tr>\n<td>OEM&amp;ODM:\u00a0<\/td>\n<td colspan=\"2\">Kundenspezifisch, Willkommen OEM&amp;ODM<\/td>\n<\/tr>\n<tr>\n<td>Anwendungen:<\/td>\n<td colspan=\"2\">Schmuckverpackungen, Kosmetik- und Sch\u00f6nheitsproben, hochwertige Desserts, Teegeschenkboxen usw.<\/td>\n<\/tr>\n<\/tbody>\n<\/table>\n<p>&nbsp;<\/p>\n<p>\n<script src=\"chrome-extension:\/\/fpelahbljekknahkcaegamhcndkfpfnc\/iFrame.js\" type=\"text\/javascript\"><\/script><\/p>","protected":false},"featured_media":1300,"comment_status":"closed","ping_status":"closed","template":"","meta":{"_acf_changed":false},"box-type":[55],"product_brand":[],"product_cat":[19,41,39],"product_tag":[],"class_list":{"0":"post-1296","1":"product","2":"type-product","3":"status-publish","4":"has-post-thumbnail","6":"box-type-custom-foldable-boxes","7":"product_cat-luxury-gift-boxes-wholesale","8":"product_cat-candy-gift-boxes-wholesale","9":"product_cat-custom-perfume-boxes","11":"first","12":"instock","13":"shipping-taxable","14":"product-type-simple"},"acf":[],"_links":{"self":[{"href":"https:\/\/www.yishengpack.com\/de\/wp-json\/wp\/v2\/product\/1296","targetHints":{"allow":["GET"]}}],"collection":[{"href":"https:\/\/www.yishengpack.com\/de\/wp-json\/wp\/v2\/product"}],"about":[{"href":"https:\/\/www.yishengpack.com\/de\/wp-json\/wp\/v2\/types\/product"}],"replies":[{"embeddable":true,"href":"https:\/\/www.yishengpack.com\/de\/wp-json\/wp\/v2\/comments?post=1296"}],"wp:featuredmedia":[{"embeddable":true,"href":"https:\/\/www.yishengpack.com\/de\/wp-json\/wp\/v2\/media\/1300"}],"wp:attachment":[{"href":"https:\/\/www.yishengpack.com\/de\/wp-json\/wp\/v2\/media?parent=1296"}],"wp:term":[{"taxonomy":"box-type","embeddable":true,"href":"https:\/\/www.yishengpack.com\/de\/wp-json\/wp\/v2\/box-type?post=1296"},{"taxonomy":"product_brand","embeddable":true,"href":"https:\/\/www.yishengpack.com\/de\/wp-json\/wp\/v2\/product_brand?post=1296"},{"taxonomy":"product_cat","embeddable":true,"href":"https:\/\/www.yishengpack.com\/de\/wp-json\/wp\/v2\/product_cat?post=1296"},{"taxonomy":"product_tag","embeddable":true,"href":"https:\/\/www.yishengpack.com\/de\/wp-json\/wp\/v2\/product_tag?post=1296"}],"curies":[{"name":"wp","href":"https:\/\/api.w.org\/{rel}","templated":true}]}}