{"id":1291,"date":"2025-04-11T06:56:36","date_gmt":"2025-04-11T06:56:36","guid":{"rendered":"https:\/\/www.yishengpack.com\/?post_type=product&#038;p=1291"},"modified":"2025-08-11T06:38:57","modified_gmt":"2025-08-11T06:38:57","slug":"custom-shoulder-rigid-boxes","status":"publish","type":"product","link":"https:\/\/www.yishengpack.com\/de\/produkt\/custom-shoulder-rigid-boxes\/","title":{"rendered":"Fabrik direkte benutzerdefinierte Schulter starren Boxen Gro\u00dfhandel, benutzerdefinierte Gr\u00f6\u00dfen, Farben"},"content":{"rendered":"<div class=\"wp-block-columns is-layout-flex wp-container-core-columns-is-layout-9d6595d7 wp-block-columns-is-layout-flex\">\n<div class=\"wp-block-column is-layout-flow wp-block-column-is-layout-flow\">\n<h3 class=\"wp-block-heading\">Features of Custom Shoulder Rigid Boxes<\/h3>\n\n\n\n<p><strong>Support full-size customization: <\/strong>These rigid boxes wholesale support customized sizes to meet different product packaging needs.<\/p>\n\n\n\n<p><strong>Rich surface process options: <\/strong>Our custom shoulder rigid boxes can be selected from matte film, glossy film, hot stamping, UV, embossing, etc., to enhance the brand texture and visual appeal.<\/p>\n\n\n\n<p><strong>Customizable brand logos and patterns: <\/strong>Our custom shoulder rigid boxes support silkscreen, hot stamping, embossing and other logo presentation methods to create an exclusive brand image.<\/p>\n\n\n\n<p><strong>Stable and durable: <\/strong>These rigid boxes wholesale have a variety of materials to choose from, using high-strength gray board + art paper, specialty paper, leather paper, etc., with both aesthetic and protective properties. Not only enhance the product grade, but also not easy to deform the transportation safer.<\/p>\n\n\n\n<p><strong>Factory direct supply: <\/strong>Our custom shoulder rigid boxes support mass production, with a complete production line and quality management system, stable delivery and competitive price.<\/p>\n<\/div>\n\n\n\n<div class=\"wp-block-column is-layout-flow wp-block-column-is-layout-flow\">\n<figure class=\"wp-block-image size-full\"><img decoding=\"async\" width=\"600\" height=\"600\" src=\"https:\/\/www.yishengpack.com\/wp-content\/uploads\/2025\/04\/factory-direct-custom-shoulder-rigid-boxes-wholesale-custom-sizes-colors-4.webp\" alt=\"werkseitig-direkt-benutzerdefinierte-schulter-boxen-gro\u00dfhandel-benutzerdefinierte-gr\u00f6\u00dfen-farben-4\" class=\"wp-image-1295\" srcset=\"https:\/\/www.yishengpack.com\/wp-content\/uploads\/2025\/04\/factory-direct-custom-shoulder-rigid-boxes-wholesale-custom-sizes-colors-4.webp 600w, https:\/\/www.yishengpack.com\/wp-content\/uploads\/2025\/04\/factory-direct-custom-shoulder-rigid-boxes-wholesale-custom-sizes-colors-4-300x300.webp 300w, https:\/\/www.yishengpack.com\/wp-content\/uploads\/2025\/04\/factory-direct-custom-shoulder-rigid-boxes-wholesale-custom-sizes-colors-4-150x150.webp 150w, https:\/\/www.yishengpack.com\/wp-content\/uploads\/2025\/04\/factory-direct-custom-shoulder-rigid-boxes-wholesale-custom-sizes-colors-4-12x12.webp 12w, https:\/\/www.yishengpack.com\/wp-content\/uploads\/2025\/04\/factory-direct-custom-shoulder-rigid-boxes-wholesale-custom-sizes-colors-4-100x100.webp 100w\" sizes=\"(max-width: 600px) 100vw, 600px\" \/><\/figure>\n<\/div>\n<\/div>\n\n\n\n<p><\/p>","protected":false},"excerpt":{"rendered":"<p>Welcome to purchase our factory-direct custom shoulder rigid boxes to enhance your product presentation. Designed for luxury retail, gift sets and promotional packaging, these boxes are fully customizable in size, color, construction and finish. We offer a wide range of material and print options to showcase your brand with elegance and precision. Perfect for brands looking for a high-end, durable and visually striking packaging solution.<\/p>\n<h2>Custom Shoulder Rigid Boxes Specification:<\/h2>\n<table width=\"554\">\n<tbody>\n<tr>\n<td width=\"215\">Hersteller:<\/td>\n<td colspan=\"2\" width=\"339\">Yisheng<\/td>\n<\/tr>\n<tr>\n<td>Stil:<\/td>\n<td colspan=\"2\">Starre Schachteln<\/td>\n<\/tr>\n<tr>\n<td>Material:\u00a0<\/td>\n<td colspan=\"2\">Kraftpapier, Wellpappe, Pappe, Kunstdruckpapier, etc.<\/td>\n<\/tr>\n<tr>\n<td>Gr\u00f6\u00dfe:<\/td>\n<td colspan=\"2\">Kundenspezifisch<\/td>\n<\/tr>\n<tr>\n<td>Farbe:\u00a0<\/td>\n<td colspan=\"2\">Kundenspezifisch<\/td>\n<\/tr>\n<tr>\n<td>Die Form:\u00a0<\/td>\n<td colspan=\"2\">Rechteck, kundenspezifisch<\/td>\n<\/tr>\n<tr>\n<td>MOQ:\u00a0<\/td>\n<td colspan=\"2\">1000St\u00fcck<\/td>\n<\/tr>\n<tr>\n<td>OEM&amp;ODM:\u00a0<\/td>\n<td colspan=\"2\">Kundenspezifisch, Willkommen OEM&amp;ODM<\/td>\n<\/tr>\n<tr>\n<td>Anwendungen:<\/td>\n<td colspan=\"2\">Schmuckverpackungen, Kosmetik- und Sch\u00f6nheitsproben, hochwertige Desserts, Teegeschenkboxen usw.<\/td>\n<\/tr>\n<\/tbody>\n<\/table>\n<p>&nbsp;<\/p>\n<p>\n<script src=\"chrome-extension:\/\/fpelahbljekknahkcaegamhcndkfpfnc\/iFrame.js\" type=\"text\/javascript\"><\/script><\/p>","protected":false},"featured_media":1294,"comment_status":"closed","ping_status":"closed","template":"","meta":{"_acf_changed":false},"box-type":[57],"product_brand":[],"product_cat":[19,40],"product_tag":[],"class_list":{"0":"post-1291","1":"product","2":"type-product","3":"status-publish","4":"has-post-thumbnail","6":"box-type-custom-rigid-box-with-lid","7":"product_cat-luxury-gift-boxes-wholesale","8":"product_cat-custom-jewelry-boxes","10":"first","11":"instock","12":"shipping-taxable","13":"product-type-simple"},"acf":[],"_links":{"self":[{"href":"https:\/\/www.yishengpack.com\/de\/wp-json\/wp\/v2\/product\/1291","targetHints":{"allow":["GET"]}}],"collection":[{"href":"https:\/\/www.yishengpack.com\/de\/wp-json\/wp\/v2\/product"}],"about":[{"href":"https:\/\/www.yishengpack.com\/de\/wp-json\/wp\/v2\/types\/product"}],"replies":[{"embeddable":true,"href":"https:\/\/www.yishengpack.com\/de\/wp-json\/wp\/v2\/comments?post=1291"}],"wp:featuredmedia":[{"embeddable":true,"href":"https:\/\/www.yishengpack.com\/de\/wp-json\/wp\/v2\/media\/1294"}],"wp:attachment":[{"href":"https:\/\/www.yishengpack.com\/de\/wp-json\/wp\/v2\/media?parent=1291"}],"wp:term":[{"taxonomy":"box-type","embeddable":true,"href":"https:\/\/www.yishengpack.com\/de\/wp-json\/wp\/v2\/box-type?post=1291"},{"taxonomy":"product_brand","embeddable":true,"href":"https:\/\/www.yishengpack.com\/de\/wp-json\/wp\/v2\/product_brand?post=1291"},{"taxonomy":"product_cat","embeddable":true,"href":"https:\/\/www.yishengpack.com\/de\/wp-json\/wp\/v2\/product_cat?post=1291"},{"taxonomy":"product_tag","embeddable":true,"href":"https:\/\/www.yishengpack.com\/de\/wp-json\/wp\/v2\/product_tag?post=1291"}],"curies":[{"name":"wp","href":"https:\/\/api.w.org\/{rel}","templated":true}]}}