{"id":1284,"date":"2025-04-06T09:05:49","date_gmt":"2025-04-06T09:05:49","guid":{"rendered":"https:\/\/www.yishengpack.com\/?post_type=product&#038;p=1284"},"modified":"2025-08-11T06:48:48","modified_gmt":"2025-08-11T06:48:48","slug":"custom-sushi-boxes","status":"publish","type":"product","link":"https:\/\/www.yishengpack.com\/de\/produkt\/custom-sushi-boxes\/","title":{"rendered":"Faltbare benutzerdefinierte Sushi-Boxen, verschiedene Gr\u00f6\u00dfen Lebensmittelverpackung Boxen Gro\u00dfhandel"},"content":{"rendered":"<div class=\"wp-block-columns is-layout-flex wp-container-core-columns-is-layout-9d6595d7 wp-block-columns-is-layout-flex\">\n<div class=\"wp-block-column is-layout-flow wp-block-column-is-layout-flow\">\n<h3 class=\"wp-block-heading\">Features of Custom Sushi Boxes<\/h3>\n\n\n\n<p><strong>Faltbares Design:<\/strong> These custom sushi boxes save transportation and storage space, and are convenient for batch use and quick assembly.<\/p>\n\n\n\n<p><strong>Sizes available: <\/strong>These custom sushi boxes are appropriate for the packaging need of sushi and takeaway food with varying specifications.<\/p>\n\n\n\n<p><strong>Customizable printing: <\/strong>Our food packaging boxes wholesale allow exclusive personalization of brand logo, design, color, etc. for enhanced brand recognition.<\/p>\n\n\n\n<p><strong>Food grade material: <\/strong>These custom sushi boxes are safe, environmentally friendly, and odorless, keeping the food fresh and clean.<\/p>\n\n\n\n<p><strong>Perfect for a variety of occasions:<\/strong> Our food packing boxes wholesale not only perfect for sushi, but also for bento, pastries and other types of food packaging.<\/p>\n<\/div>\n\n\n\n<div class=\"wp-block-column is-layout-flow wp-block-column-is-layout-flow\">\n<figure class=\"wp-block-image size-full\"><img decoding=\"async\" width=\"720\" height=\"720\" src=\"https:\/\/www.yishengpack.com\/wp-content\/uploads\/2025\/04\/foldable-custom-sushi-boxes-various-sizes-food-packaging-boxes-wholesale-1.webp\" alt=\"foldable-custom-sushi-boxes-various-sizes-food-packaging-boxes-wholesale-1\" class=\"wp-image-1288\" srcset=\"https:\/\/www.yishengpack.com\/wp-content\/uploads\/2025\/04\/foldable-custom-sushi-boxes-various-sizes-food-packaging-boxes-wholesale-1.webp 720w, https:\/\/www.yishengpack.com\/wp-content\/uploads\/2025\/04\/foldable-custom-sushi-boxes-various-sizes-food-packaging-boxes-wholesale-1-300x300.webp 300w, https:\/\/www.yishengpack.com\/wp-content\/uploads\/2025\/04\/foldable-custom-sushi-boxes-various-sizes-food-packaging-boxes-wholesale-1-150x150.webp 150w, https:\/\/www.yishengpack.com\/wp-content\/uploads\/2025\/04\/foldable-custom-sushi-boxes-various-sizes-food-packaging-boxes-wholesale-1-12x12.webp 12w, https:\/\/www.yishengpack.com\/wp-content\/uploads\/2025\/04\/foldable-custom-sushi-boxes-various-sizes-food-packaging-boxes-wholesale-1-600x600.webp 600w, https:\/\/www.yishengpack.com\/wp-content\/uploads\/2025\/04\/foldable-custom-sushi-boxes-various-sizes-food-packaging-boxes-wholesale-1-100x100.webp 100w\" sizes=\"(max-width: 720px) 100vw, 720px\" \/><\/figure>\n<\/div>\n<\/div>\n\n\n\n<p><\/p>","protected":false},"excerpt":{"rendered":"<p>Welcome to our food packaging boxes wholesale. The foldable custom sushi boxes are constructed of food-grade eco-friendly material, allow multiple sizes and private printing customization, and are suitable for sushi, bento and other food takeaway. The foldable design is easy for storage and shipping and is a suitable choice for catering brands to achieve efficient packaging and brand promotion.<\/p>\n<h2>Custom Sushi Boxes Specification:<\/h2>\n<table width=\"554\">\n<tbody>\n<tr>\n<td width=\"215\">Hersteller:<\/td>\n<td colspan=\"2\" width=\"339\">Yisheng<\/td>\n<\/tr>\n<tr>\n<td>Stil:<\/td>\n<td colspan=\"2\">Faltschachteln<\/td>\n<\/tr>\n<tr>\n<td>Material:\u00a0<\/td>\n<td colspan=\"2\">Kraftpapier, Wellpappe, Pappe, Kunstdruckpapier, etc.<\/td>\n<\/tr>\n<tr>\n<td>Gr\u00f6\u00dfe:<\/td>\n<td colspan=\"2\">Kundenspezifisch<\/td>\n<\/tr>\n<tr>\n<td>Farbe:\u00a0<\/td>\n<td colspan=\"2\">Kundenspezifisch<\/td>\n<\/tr>\n<tr>\n<td>Die Form:\u00a0<\/td>\n<td colspan=\"2\">Rechteck, kundenspezifisch<\/td>\n<\/tr>\n<tr>\n<td>MOQ:\u00a0<\/td>\n<td colspan=\"2\">1000St\u00fcck<\/td>\n<\/tr>\n<tr>\n<td>OEM&amp;ODM:\u00a0<\/td>\n<td colspan=\"2\">Kundenspezifisch, Willkommen OEM&amp;ODM<\/td>\n<\/tr>\n<tr>\n<td>Anwendungen:<\/td>\n<td colspan=\"2\">Sushi and Japanese restaurants, bento take-out services, supermarket deli areas, dessert and light food brands, etc.<\/td>\n<\/tr>\n<\/tbody>\n<\/table>\n<p>\n<script src=\"chrome-extension:\/\/fpelahbljekknahkcaegamhcndkfpfnc\/iFrame.js\" type=\"text\/javascript\"><\/script><\/p>","protected":false},"featured_media":1289,"comment_status":"closed","ping_status":"closed","template":"","meta":{"_acf_changed":false},"box-type":[55,48],"product_brand":[],"product_cat":[33,46,45],"product_tag":[],"class_list":{"0":"post-1284","1":"product","2":"type-product","3":"status-publish","4":"has-post-thumbnail","6":"box-type-custom-foldable-boxes","7":"box-type-custom-tuck-top-boxes","8":"product_cat-food-packaging-boxes-wholesale","9":"product_cat-wholesale-paper-boxes","10":"product_cat-bulk-disposable-food-containers","12":"first","13":"instock","14":"shipping-taxable","15":"product-type-simple"},"acf":[],"_links":{"self":[{"href":"https:\/\/www.yishengpack.com\/de\/wp-json\/wp\/v2\/product\/1284","targetHints":{"allow":["GET"]}}],"collection":[{"href":"https:\/\/www.yishengpack.com\/de\/wp-json\/wp\/v2\/product"}],"about":[{"href":"https:\/\/www.yishengpack.com\/de\/wp-json\/wp\/v2\/types\/product"}],"replies":[{"embeddable":true,"href":"https:\/\/www.yishengpack.com\/de\/wp-json\/wp\/v2\/comments?post=1284"}],"wp:featuredmedia":[{"embeddable":true,"href":"https:\/\/www.yishengpack.com\/de\/wp-json\/wp\/v2\/media\/1289"}],"wp:attachment":[{"href":"https:\/\/www.yishengpack.com\/de\/wp-json\/wp\/v2\/media?parent=1284"}],"wp:term":[{"taxonomy":"box-type","embeddable":true,"href":"https:\/\/www.yishengpack.com\/de\/wp-json\/wp\/v2\/box-type?post=1284"},{"taxonomy":"product_brand","embeddable":true,"href":"https:\/\/www.yishengpack.com\/de\/wp-json\/wp\/v2\/product_brand?post=1284"},{"taxonomy":"product_cat","embeddable":true,"href":"https:\/\/www.yishengpack.com\/de\/wp-json\/wp\/v2\/product_cat?post=1284"},{"taxonomy":"product_tag","embeddable":true,"href":"https:\/\/www.yishengpack.com\/de\/wp-json\/wp\/v2\/product_tag?post=1284"}],"curies":[{"name":"wp","href":"https:\/\/api.w.org\/{rel}","templated":true}]}}