{"id":1254,"date":"2025-03-28T03:40:54","date_gmt":"2025-03-28T03:40:54","guid":{"rendered":"https:\/\/www.yishengpack.com\/?post_type=product&#038;p=1254"},"modified":"2026-02-25T08:43:15","modified_gmt":"2026-02-25T08:43:15","slug":"custom-printed-paper-bags","status":"publish","type":"product","link":"https:\/\/www.yishengpack.com\/de\/produkt\/custom-printed-paper-bags\/","title":{"rendered":"Individuell bedruckte Papiert\u00fcten Gestanzte Papiert\u00fcten mit Griff in loser Sch\u00fcttung"},"content":{"rendered":"<div class=\"wp-block-columns is-layout-flex wp-container-core-columns-is-layout-9d6595d7 wp-block-columns-is-layout-flex\">\n<div class=\"wp-block-column is-layout-flow wp-block-column-is-layout-flow\">\n<h3 class=\"wp-block-heading\">Features of Custom Printed Paper Bags<\/h3>\n\n\n\n<p><strong>Customized printing design:<\/strong> These die-cut handle paper bags wholesale support personalized LOGO, pattern and brand logo printing to enhance brand publicity effect.<\/p>\n\n\n\n<p><strong>Die-cut handle design:<\/strong> Our custom printed paper bags include trendy die-cut handle designs, which are comfortable, convenient and easy to grip.<\/p>\n\n\n\n<p><strong>Premium quality paper: <\/strong>Our custom printed paper bags are crafted from high-quality, eco-friendly paper that is durable and robust enough to carry heavy loads.<\/p>\n\n\n\n<p><strong>Multiple sizes: <\/strong>These paper bags wholesale are available in different specifications to suit various packaging needs and are suitable for the sale of a multitude of commodities.<\/p>\n\n\n\n<p><strong>Bulk wholesale supply:<\/strong> Our custom printed paper bags are bulk printed to meet the packaging needs of various merchants and retail stores in order to provide efficient supply.<\/p>\n<\/div>\n\n\n\n<div class=\"wp-block-column is-layout-flow wp-block-column-is-layout-flow\">\n<figure class=\"wp-block-image size-full\"><img decoding=\"async\" width=\"1000\" height=\"1000\" src=\"https:\/\/www.yishengpack.com\/wp-content\/uploads\/2025\/03\/custom-printed-paper-bags-die-cut-handle-paper-bags-wholesale-1_1.webp\" alt=\"custom-printed-paper-bags-die-cut-handle-paper-bags-wholesale-2\" class=\"wp-image-1257\" srcset=\"https:\/\/www.yishengpack.com\/wp-content\/uploads\/2025\/03\/custom-printed-paper-bags-die-cut-handle-paper-bags-wholesale-1_1.webp 1000w, https:\/\/www.yishengpack.com\/wp-content\/uploads\/2025\/03\/custom-printed-paper-bags-die-cut-handle-paper-bags-wholesale-1_1-300x300.webp 300w, https:\/\/www.yishengpack.com\/wp-content\/uploads\/2025\/03\/custom-printed-paper-bags-die-cut-handle-paper-bags-wholesale-1_1-150x150.webp 150w, https:\/\/www.yishengpack.com\/wp-content\/uploads\/2025\/03\/custom-printed-paper-bags-die-cut-handle-paper-bags-wholesale-1_1-768x768.webp 768w, https:\/\/www.yishengpack.com\/wp-content\/uploads\/2025\/03\/custom-printed-paper-bags-die-cut-handle-paper-bags-wholesale-1_1-12x12.webp 12w, https:\/\/www.yishengpack.com\/wp-content\/uploads\/2025\/03\/custom-printed-paper-bags-die-cut-handle-paper-bags-wholesale-1_1-600x600.webp 600w, https:\/\/www.yishengpack.com\/wp-content\/uploads\/2025\/03\/custom-printed-paper-bags-die-cut-handle-paper-bags-wholesale-1_1-100x100.webp 100w\" sizes=\"(max-width: 1000px) 100vw, 1000px\" \/><\/figure>\n<\/div>\n<\/div>\n\n\n\n<div class=\"wp-block-columns is-layout-flex wp-container-core-columns-is-layout-9d6595d7 wp-block-columns-is-layout-flex\">\n<div class=\"wp-block-column is-layout-flow wp-block-column-is-layout-flow\">\n<figure class=\"wp-block-image size-full\"><img decoding=\"async\" width=\"720\" height=\"720\" src=\"https:\/\/www.yishengpack.com\/wp-content\/uploads\/2025\/03\/custom-printed-paper-bags-die-cut-handle-paper-bags-wholesale-2.webp\" alt=\"Individuell bedruckte Papiert\u00fcten \u2013 gestanzte Papiert\u00fcten mit Griff \u2013 Gro\u00dfhandel \u2013 3\" class=\"wp-image-1258\" srcset=\"https:\/\/www.yishengpack.com\/wp-content\/uploads\/2025\/03\/custom-printed-paper-bags-die-cut-handle-paper-bags-wholesale-2.webp 720w, https:\/\/www.yishengpack.com\/wp-content\/uploads\/2025\/03\/custom-printed-paper-bags-die-cut-handle-paper-bags-wholesale-2-300x300.webp 300w, https:\/\/www.yishengpack.com\/wp-content\/uploads\/2025\/03\/custom-printed-paper-bags-die-cut-handle-paper-bags-wholesale-2-150x150.webp 150w, https:\/\/www.yishengpack.com\/wp-content\/uploads\/2025\/03\/custom-printed-paper-bags-die-cut-handle-paper-bags-wholesale-2-12x12.webp 12w, https:\/\/www.yishengpack.com\/wp-content\/uploads\/2025\/03\/custom-printed-paper-bags-die-cut-handle-paper-bags-wholesale-2-600x600.webp 600w, https:\/\/www.yishengpack.com\/wp-content\/uploads\/2025\/03\/custom-printed-paper-bags-die-cut-handle-paper-bags-wholesale-2-100x100.webp 100w\" sizes=\"(max-width: 720px) 100vw, 720px\" \/><\/figure>\n\n\n\n<div class=\"wp-block-buttons has-custom-font-size has-small-font-size is-content-justification-center is-layout-flex wp-container-core-buttons-is-layout-16018d1d wp-block-buttons-is-layout-flex\">\n<div class=\"wp-block-button has-custom-width wp-block-button__width-75\"><a class=\"wp-block-button__link has-background has-small-font-size has-custom-font-size wp-element-button\" href=\"https:\/\/www.yishengpack.com\/de\/custom-printed-box\/\" style=\"background:linear-gradient(135deg,rgb(254,205,165) 0%,rgb(254,45,45) 0%,rgb(94,15,15) 0%,rgb(94,15,15) 100%)\" target=\"_blank\" rel=\"noreferrer noopener\"><strong>Entdecken Sie individuell bedruckte Boxen<\/strong><\/a><\/div>\n<\/div>\n<\/div>\n\n\n\n<div class=\"wp-block-column is-layout-flow wp-block-column-is-layout-flow\">\n<figure class=\"wp-block-image size-full\"><img decoding=\"async\" width=\"1000\" height=\"1000\" src=\"https:\/\/www.yishengpack.com\/wp-content\/uploads\/2025\/03\/custom-printed-paper-bags-die-cut-handle-paper-bags-wholesale-1_1.webp\" alt=\"custom-printed-paper-bags-die-cut-handle-paper-bags-wholesale-2\" class=\"wp-image-1257\" srcset=\"https:\/\/www.yishengpack.com\/wp-content\/uploads\/2025\/03\/custom-printed-paper-bags-die-cut-handle-paper-bags-wholesale-1_1.webp 1000w, https:\/\/www.yishengpack.com\/wp-content\/uploads\/2025\/03\/custom-printed-paper-bags-die-cut-handle-paper-bags-wholesale-1_1-300x300.webp 300w, https:\/\/www.yishengpack.com\/wp-content\/uploads\/2025\/03\/custom-printed-paper-bags-die-cut-handle-paper-bags-wholesale-1_1-150x150.webp 150w, https:\/\/www.yishengpack.com\/wp-content\/uploads\/2025\/03\/custom-printed-paper-bags-die-cut-handle-paper-bags-wholesale-1_1-768x768.webp 768w, https:\/\/www.yishengpack.com\/wp-content\/uploads\/2025\/03\/custom-printed-paper-bags-die-cut-handle-paper-bags-wholesale-1_1-12x12.webp 12w, https:\/\/www.yishengpack.com\/wp-content\/uploads\/2025\/03\/custom-printed-paper-bags-die-cut-handle-paper-bags-wholesale-1_1-600x600.webp 600w, https:\/\/www.yishengpack.com\/wp-content\/uploads\/2025\/03\/custom-printed-paper-bags-die-cut-handle-paper-bags-wholesale-1_1-100x100.webp 100w\" sizes=\"(max-width: 1000px) 100vw, 1000px\" \/><\/figure>\n\n\n\n<div class=\"wp-block-buttons has-custom-font-size has-small-font-size is-content-justification-center is-layout-flex wp-container-core-buttons-is-layout-16018d1d wp-block-buttons-is-layout-flex\">\n<div class=\"wp-block-button has-custom-width wp-block-button__width-75\"><a class=\"wp-block-button__link has-background has-small-font-size has-custom-font-size wp-element-button\" href=\"https:\/\/www.yishengpack.com\/de\/custom-product-boxes-types\/\" style=\"background:linear-gradient(135deg,rgb(254,205,165) 0%,rgb(254,45,45) 0%,rgb(94,15,15) 0%,rgb(94,15,15) 100%)\" target=\"_blank\" rel=\"noreferrer noopener\"><strong>Benutzerdefinierte Box-Typen erkunden<\/strong><\/a><\/div>\n<\/div>\n<\/div>\n<\/div>","protected":false},"excerpt":{"rendered":"<p>Welcome to buy these custom printed paper bags. Our paper bags wholesale have a die-cut handle design. They are durable and green and can be applied to the packaging of any product. We provide a variety of sizes and printing, bulk customization to meet the needs of merchants, and enhance brand image and customer experience as much as possible.<\/p>\n<h2>Specification of Custom Printed Paper Bags :<\/h2>\n<table width=\"554\">\n<tbody>\n<tr>\n<td width=\"215\">Hersteller:<\/td>\n<td colspan=\"2\" width=\"339\">Yisheng<\/td>\n<\/tr>\n<tr>\n<td>Stil:<\/td>\n<td colspan=\"2\">Papiert\u00fcte<\/td>\n<\/tr>\n<tr>\n<td>Material:\u00a0<\/td>\n<td colspan=\"2\">Kraftpapier, Wellpappe, Pappe, Kunstdruckpapier, etc.<\/td>\n<\/tr>\n<tr>\n<td>Farbe:\u00a0<\/td>\n<td colspan=\"2\">Wei\u00df, Schwarz, Individuell<\/td>\n<\/tr>\n<tr>\n<td>Gr\u00f6\u00dfe:<\/td>\n<td colspan=\"2\">Kundenspezifisch<\/td>\n<\/tr>\n<tr>\n<td>MOQ:\u00a0<\/td>\n<td colspan=\"2\">1000St\u00fcck<\/td>\n<\/tr>\n<tr>\n<td>OEM&amp;ODM:\u00a0<\/td>\n<td colspan=\"2\">Kundenspezifisch, Willkommen OEM&amp;ODM<\/td>\n<\/tr>\n<tr>\n<td>Anwendungen:<\/td>\n<td colspan=\"2\">Branded retail stores, high-end gift packaging, catering takeaways and coffee shops, wedding and party favors<\/td>\n<\/tr>\n<\/tbody>\n<\/table>\n<p><script src=\"chrome-extension:\/\/fpelahbljekknahkcaegamhcndkfpfnc\/iFrame.js\" type=\"text\/javascript\"><\/script><\/p>\n<p><script src=\"chrome-extension:\/\/fpelahbljekknahkcaegamhcndkfpfnc\/iFrame.js\" type=\"text\/javascript\"><\/script><\/p>","protected":false},"featured_media":1256,"comment_status":"closed","ping_status":"closed","template":"","meta":{"_acf_changed":false},"box-type":[49],"product_brand":[],"product_cat":[34,37],"product_tag":[],"class_list":{"0":"post-1254","1":"product","2":"type-product","3":"status-publish","4":"has-post-thumbnail","6":"box-type-custom-die-cut-paper-bag","7":"product_cat-paper-bags-wholesale","8":"product_cat-paper-gift-bags-bulk","10":"first","11":"instock","12":"shipping-taxable","13":"product-type-simple"},"acf":[],"_links":{"self":[{"href":"https:\/\/www.yishengpack.com\/de\/wp-json\/wp\/v2\/product\/1254","targetHints":{"allow":["GET"]}}],"collection":[{"href":"https:\/\/www.yishengpack.com\/de\/wp-json\/wp\/v2\/product"}],"about":[{"href":"https:\/\/www.yishengpack.com\/de\/wp-json\/wp\/v2\/types\/product"}],"replies":[{"embeddable":true,"href":"https:\/\/www.yishengpack.com\/de\/wp-json\/wp\/v2\/comments?post=1254"}],"wp:featuredmedia":[{"embeddable":true,"href":"https:\/\/www.yishengpack.com\/de\/wp-json\/wp\/v2\/media\/1256"}],"wp:attachment":[{"href":"https:\/\/www.yishengpack.com\/de\/wp-json\/wp\/v2\/media?parent=1254"}],"wp:term":[{"taxonomy":"box-type","embeddable":true,"href":"https:\/\/www.yishengpack.com\/de\/wp-json\/wp\/v2\/box-type?post=1254"},{"taxonomy":"product_brand","embeddable":true,"href":"https:\/\/www.yishengpack.com\/de\/wp-json\/wp\/v2\/product_brand?post=1254"},{"taxonomy":"product_cat","embeddable":true,"href":"https:\/\/www.yishengpack.com\/de\/wp-json\/wp\/v2\/product_cat?post=1254"},{"taxonomy":"product_tag","embeddable":true,"href":"https:\/\/www.yishengpack.com\/de\/wp-json\/wp\/v2\/product_tag?post=1254"}],"curies":[{"name":"wp","href":"https:\/\/api.w.org\/{rel}","templated":true}]}}