{"id":1220,"date":"2025-03-14T09:19:53","date_gmt":"2025-03-14T09:19:53","guid":{"rendered":"https:\/\/www.yishengpack.com\/?post_type=product&#038;p=1220"},"modified":"2025-08-16T02:39:07","modified_gmt":"2025-08-16T02:39:07","slug":"custom-tea-boxes","status":"publish","type":"product","link":"https:\/\/www.yishengpack.com\/de\/produkt\/custom-tea-boxes\/","title":{"rendered":"Premium Custom Tea Boxen, bedruckbare Schubladenboxen Gro\u00dfhandel"},"content":{"rendered":"<div class=\"wp-block-columns is-layout-flex wp-container-core-columns-is-layout-9d6595d7 wp-block-columns-is-layout-flex\">\n<div class=\"wp-block-column is-layout-flow wp-block-column-is-layout-flow\">\n<h3 class=\"wp-block-heading\">Features of Custom Tea Boxes<\/h3>\n\n\n\n<p><strong>Customized Design: <\/strong>Our custom tea boxes support full customization of size, color, printing and craftsmanship to meet the unique needs of brands.<\/p>\n\n\n\n<p><strong>Drawer Structure:<\/strong> Our custom tea boxes are easy to open, resilient and durable to enhance the user&#8217;s experience in opening.<\/p>\n\n\n\n<p><strong>Hochwertiges Material: <\/strong>The drawer boxes wholesale are made from heavy-duty and biodegradable cardboard that ensures safe storage of tea leaves and is protected from pressure and moisture.<\/p>\n\n\n\n<p><strong>Exquisite Printing Process: <\/strong>All these wholesale drawer boxes might be combined with hot stamping, UV, embossing and so forth to create a classy visual outcome.<\/p>\n\n\n\n<p><strong>Bulk Wholesale Advantage: <\/strong>Our custom tea boxes support mass production and offer competitive prices, suitable for brands and tea merchants.<\/p>\n<\/div>\n\n\n\n<div class=\"wp-block-column is-layout-flow wp-block-column-is-layout-flow\">\n<figure class=\"wp-block-image size-full\"><img decoding=\"async\" width=\"2000\" height=\"1644\" src=\"https:\/\/www.yishengpack.com\/wp-content\/uploads\/2025\/03\/custom-tea-boxes-printable-drawer-boxes-wholesale.webp\" alt=\"Teeboxen-bedruckbare-Schubladenboxen-Gro\u00dfhandel\" class=\"wp-image-1221\" srcset=\"https:\/\/www.yishengpack.com\/wp-content\/uploads\/2025\/03\/custom-tea-boxes-printable-drawer-boxes-wholesale.webp 2000w, https:\/\/www.yishengpack.com\/wp-content\/uploads\/2025\/03\/custom-tea-boxes-printable-drawer-boxes-wholesale-300x247.webp 300w, https:\/\/www.yishengpack.com\/wp-content\/uploads\/2025\/03\/custom-tea-boxes-printable-drawer-boxes-wholesale-768x631.webp 768w, https:\/\/www.yishengpack.com\/wp-content\/uploads\/2025\/03\/custom-tea-boxes-printable-drawer-boxes-wholesale-15x12.webp 15w, https:\/\/www.yishengpack.com\/wp-content\/uploads\/2025\/03\/custom-tea-boxes-printable-drawer-boxes-wholesale-1200x986.webp 1200w, https:\/\/www.yishengpack.com\/wp-content\/uploads\/2025\/03\/custom-tea-boxes-printable-drawer-boxes-wholesale-600x493.webp 600w\" sizes=\"(max-width: 2000px) 100vw, 2000px\" \/><\/figure>\n<\/div>\n<\/div>\n\n\n\n<p><\/p>","protected":false},"excerpt":{"rendered":"<p>Willkommen zum Kauf Schublade Boxen Gro\u00dfhandel. Unsere benutzerdefinierte Tee-Boxen sind f\u00fcr Marken-Gro\u00dfhandel konzipiert, unterst\u00fctzen mehrere Gr\u00f6\u00dfen und Druck-L\u00f6sungen, und sind aus robusten und umweltfreundlichen Materialien mit High-End-Handwerk, die sowohl praktisch als auch sch\u00f6n ist gemacht. Die Schublade Design ist bequem und langlebig, perfekt ausgewogene Funktion und Textur, ideal f\u00fcr Tee-Verpackung!<\/p>\n<h2>Kundenspezifische Teeboxen Spezifikation:<\/h2>\n<table width=\"554\">\n<tbody>\n<tr>\n<td width=\"215\">Hersteller:<\/td>\n<td colspan=\"2\" width=\"339\">Yisheng<\/td>\n<\/tr>\n<tr>\n<td>Stil:<\/td>\n<td colspan=\"2\">Schubladenboxen<\/td>\n<\/tr>\n<tr>\n<td>Material:\u00a0<\/td>\n<td colspan=\"2\">Kraftpapier, Wellpappe, Pappe, Kunstdruckpapier, etc.<\/td>\n<\/tr>\n<tr>\n<td>Gr\u00f6\u00dfe:<\/td>\n<td colspan=\"2\">Kundenspezifisch<\/td>\n<\/tr>\n<tr>\n<td>Farbe:\u00a0<\/td>\n<td colspan=\"2\">Gelb, Kundenspezifisch<\/td>\n<\/tr>\n<tr>\n<td>Die Form:\u00a0<\/td>\n<td colspan=\"2\">Rechteck, kundenspezifisch<\/td>\n<\/tr>\n<tr>\n<td>MOQ:\u00a0<\/td>\n<td colspan=\"2\">1000St\u00fcck<\/td>\n<\/tr>\n<tr>\n<td>OEM&amp;ODM:\u00a0<\/td>\n<td colspan=\"2\">Kundenspezifisch, Willkommen OEM&amp;ODM<\/td>\n<\/tr>\n<tr>\n<td>Anwendungen:<\/td>\n<td colspan=\"2\">Abo-Boxen mit Markenaufdruck, Verpackungen f\u00fcr den Tee-Einzel- und -Gro\u00dfhandel und vieles mehr!<\/td>\n<\/tr>\n<\/tbody>\n<\/table>\n<p><script src=\"chrome-extension:\/\/fpelahbljekknahkcaegamhcndkfpfnc\/iFrame.js\" type=\"text\/javascript\"><\/script><\/p>\n<p>\n<script src=\"chrome-extension:\/\/fpelahbljekknahkcaegamhcndkfpfnc\/iFrame.js\" type=\"text\/javascript\"><\/script><\/p>","protected":false},"featured_media":1221,"comment_status":"closed","ping_status":"closed","template":"","meta":{"_acf_changed":false},"box-type":[55,48],"product_brand":[],"product_cat":[33,46,43],"product_tag":[],"class_list":{"0":"post-1220","1":"product","2":"type-product","3":"status-publish","4":"has-post-thumbnail","6":"box-type-custom-foldable-boxes","7":"box-type-custom-tuck-top-boxes","8":"product_cat-food-packaging-boxes-wholesale","9":"product_cat-wholesale-paper-boxes","10":"product_cat-coffee-and-tea-packaging-boxes-wholesale","12":"first","13":"instock","14":"shipping-taxable","15":"product-type-simple"},"acf":[],"_links":{"self":[{"href":"https:\/\/www.yishengpack.com\/de\/wp-json\/wp\/v2\/product\/1220","targetHints":{"allow":["GET"]}}],"collection":[{"href":"https:\/\/www.yishengpack.com\/de\/wp-json\/wp\/v2\/product"}],"about":[{"href":"https:\/\/www.yishengpack.com\/de\/wp-json\/wp\/v2\/types\/product"}],"replies":[{"embeddable":true,"href":"https:\/\/www.yishengpack.com\/de\/wp-json\/wp\/v2\/comments?post=1220"}],"wp:featuredmedia":[{"embeddable":true,"href":"https:\/\/www.yishengpack.com\/de\/wp-json\/wp\/v2\/media\/1221"}],"wp:attachment":[{"href":"https:\/\/www.yishengpack.com\/de\/wp-json\/wp\/v2\/media?parent=1220"}],"wp:term":[{"taxonomy":"box-type","embeddable":true,"href":"https:\/\/www.yishengpack.com\/de\/wp-json\/wp\/v2\/box-type?post=1220"},{"taxonomy":"product_brand","embeddable":true,"href":"https:\/\/www.yishengpack.com\/de\/wp-json\/wp\/v2\/product_brand?post=1220"},{"taxonomy":"product_cat","embeddable":true,"href":"https:\/\/www.yishengpack.com\/de\/wp-json\/wp\/v2\/product_cat?post=1220"},{"taxonomy":"product_tag","embeddable":true,"href":"https:\/\/www.yishengpack.com\/de\/wp-json\/wp\/v2\/product_tag?post=1220"}],"curies":[{"name":"wp","href":"https:\/\/api.w.org\/{rel}","templated":true}]}}