{"id":1216,"date":"2025-03-14T08:23:00","date_gmt":"2025-03-14T08:23:00","guid":{"rendered":"https:\/\/www.yishengpack.com\/?post_type=product&#038;p=1216"},"modified":"2026-02-25T08:31:49","modified_gmt":"2026-02-25T08:31:49","slug":"custom-rigid-boxes","status":"publish","type":"product","link":"https:\/\/www.yishengpack.com\/de\/produkt\/custom-rigid-boxes\/","title":{"rendered":"Benutzerdefinierte starre Boxen, 8 faltbare Mondkuchen-Boxen Gro\u00dfhandel"},"content":{"rendered":"<div class=\"wp-block-columns is-layout-flex wp-container-core-columns-is-layout-9d6595d7 wp-block-columns-is-layout-flex\">\n<div class=\"wp-block-column is-layout-flow wp-block-column-is-layout-flow\">\n<h3 class=\"wp-block-heading\">Merkmale der Custom Rigid Boxes<\/h3>\n\n\n\n<p><strong>Langlebig:<\/strong> Diese Mondkuchen-Boxen Gro\u00dfhandel sind aus hochfestem Graupappe Material, mit ausgezeichneten Schutz, um die Mondkuchen intakt w\u00e4hrend des Transports und der Lagerung zu halten.<\/p>\n\n\n\n<p><strong>Klappbares Design: <\/strong>Unsere ma\u00dfgefertigten starren Boxen mit flexiblem Faltdesign sparen Platz bei der Lagerung, reduzieren die Logistikkosten und erm\u00f6glichen eine einfache Montage.<\/p>\n\n\n\n<p><strong>Exquisite Handwerkskunst:<\/strong> Diese Mooncake-Boxen Gro\u00dfhandel unterst\u00fctzen High-End-Handwerk wie Hei\u00dfpr\u00e4gung, UV, Pr\u00e4gung, etc., die ein luxuri\u00f6ses Geschenk Textur schafft und erh\u00f6ht den Markenwert.<\/p>\n\n\n\n<p><strong>Optionen mit mehreren Speicherkapazit\u00e4ten: <\/strong>Unsere ma\u00dfgefertigten starren Schachteln sind speziell f\u00fcr 8 Mondkuchen mit getrennten Innenschalen konzipiert, die f\u00fcr eine breite Palette von Mondkuchengr\u00f6\u00dfen geeignet sind und eine stabile Platzierung der Produkte gew\u00e4hrleisten.<\/p>\n\n\n\n<p><strong>Flexible Anpassung:<\/strong> Unsere ma\u00dfgefertigten Hartschachteln bieten mehrdimensionale Anpassungsm\u00f6glichkeiten in Bezug auf Gr\u00f6\u00dfe, Farbe, Logo, Auskleidung usw., um die individuellen Bed\u00fcrfnisse von Marken zu erf\u00fcllen und exklusive Verpackungsl\u00f6sungen zu schaffen.<\/p>\n<\/div>\n\n\n\n<div class=\"wp-block-column is-layout-flow wp-block-column-is-layout-flow\">\n<figure class=\"wp-block-image size-full\"><img decoding=\"async\" width=\"3024\" height=\"3024\" src=\"https:\/\/www.yishengpack.com\/wp-content\/uploads\/2025\/03\/custom-rigid-boxes-collapsible-mooncake-boxes-wholesale-8-pieces_1.webp\" alt=\"custom-rigid-boxes-colllapsible-mooncake-boxes-wholesale-8-pieces_1\" class=\"wp-image-1218\" srcset=\"https:\/\/www.yishengpack.com\/wp-content\/uploads\/2025\/03\/custom-rigid-boxes-collapsible-mooncake-boxes-wholesale-8-pieces_1.webp 3024w, https:\/\/www.yishengpack.com\/wp-content\/uploads\/2025\/03\/custom-rigid-boxes-collapsible-mooncake-boxes-wholesale-8-pieces_1-300x300.webp 300w, https:\/\/www.yishengpack.com\/wp-content\/uploads\/2025\/03\/custom-rigid-boxes-collapsible-mooncake-boxes-wholesale-8-pieces_1-150x150.webp 150w, https:\/\/www.yishengpack.com\/wp-content\/uploads\/2025\/03\/custom-rigid-boxes-collapsible-mooncake-boxes-wholesale-8-pieces_1-768x768.webp 768w, https:\/\/www.yishengpack.com\/wp-content\/uploads\/2025\/03\/custom-rigid-boxes-collapsible-mooncake-boxes-wholesale-8-pieces_1-12x12.webp 12w, https:\/\/www.yishengpack.com\/wp-content\/uploads\/2025\/03\/custom-rigid-boxes-collapsible-mooncake-boxes-wholesale-8-pieces_1-1200x1200.webp 1200w, https:\/\/www.yishengpack.com\/wp-content\/uploads\/2025\/03\/custom-rigid-boxes-collapsible-mooncake-boxes-wholesale-8-pieces_1-600x600.webp 600w, https:\/\/www.yishengpack.com\/wp-content\/uploads\/2025\/03\/custom-rigid-boxes-collapsible-mooncake-boxes-wholesale-8-pieces_1-100x100.webp 100w\" sizes=\"(max-width: 3024px) 100vw, 3024px\" \/><\/figure>\n<\/div>\n<\/div>\n\n\n\n<div class=\"wp-block-columns is-layout-flex wp-container-core-columns-is-layout-9d6595d7 wp-block-columns-is-layout-flex\">\n<div class=\"wp-block-column is-layout-flow wp-block-column-is-layout-flow\">\n<div class=\"wp-block-buttons has-custom-font-size has-small-font-size is-content-justification-center is-layout-flex wp-container-core-buttons-is-layout-16018d1d wp-block-buttons-is-layout-flex\">\n<div class=\"wp-block-button has-custom-width wp-block-button__width-75\"><a class=\"wp-block-button__link has-background has-small-font-size has-custom-font-size wp-element-button\" href=\"https:\/\/www.yishengpack.com\/de\/custom-printed-box\/\" style=\"background:linear-gradient(135deg,rgb(254,205,165) 0%,rgb(254,45,45) 0%,rgb(94,15,15) 0%,rgb(94,15,15) 100%)\" target=\"_blank\" rel=\"noreferrer noopener\"><strong>Entdecken Sie individuell bedruckte Boxen<\/strong><\/a><\/div>\n<\/div>\n<\/div>\n\n\n\n<div class=\"wp-block-column is-layout-flow wp-block-column-is-layout-flow\">\n<div class=\"wp-block-buttons has-custom-font-size has-small-font-size is-content-justification-center is-layout-flex wp-container-core-buttons-is-layout-16018d1d wp-block-buttons-is-layout-flex\">\n<div class=\"wp-block-button has-custom-width wp-block-button__width-75\"><a class=\"wp-block-button__link has-background has-small-font-size has-custom-font-size wp-element-button\" href=\"https:\/\/www.yishengpack.com\/de\/custom-product-boxes-types\/\" style=\"background:linear-gradient(135deg,rgb(254,205,165) 0%,rgb(254,45,45) 0%,rgb(94,15,15) 0%,rgb(94,15,15) 100%)\" target=\"_blank\" rel=\"noreferrer noopener\"><strong>Benutzerdefinierte Box-Typen erkunden<\/strong><\/a><\/div>\n<\/div>\n<\/div>\n<\/div>","protected":false},"excerpt":{"rendered":"<p>Willkommen zu kaufen unsere benutzerdefinierte starren Boxen. Wir bieten Mondkuchen-Boxen Gro\u00dfhandel, f\u00fcr 8-St\u00fcck-Packs entwickelt, die Kombination von High-End-Textur und Praktikabilit\u00e4t. Folding Struktur f\u00fcr einfache Lagerung, langlebige Materialien, um einen sicheren Transport zu gew\u00e4hrleisten, unterst\u00fctzen eine Vielzahl von exquisiten Kunsthandwerk und personalisierte Anpassung, helfen Marken eine einzigartige und unvergessliche Urlaub Geschenkverpackung zu schaffen!<\/p>\n<h2>Highlights der Custom Rigid Boxes<\/h2>\n<ul>\n<li>Als Set verkauft (Gro\u00dfhandel)<\/li>\n<li>Anpassbare Spezifikationen (4\/6\/8)<\/li>\n<li>Mehrere Box-Typen verf\u00fcgbar<\/li>\n<li>Umweltfreundliche Materialien<\/li>\n<li>High-End-Anpassung<\/li>\n<li>Rich-Druckverfahren<\/li>\n<li>Individuell angepasste Papiertragetaschen<\/li>\n<li>Reichhaltige Farbvielfalt<\/li>\n<\/ul>","protected":false},"featured_media":1217,"comment_status":"closed","ping_status":"closed","template":"","meta":{"_acf_changed":false},"box-type":[55,57],"product_brand":[],"product_cat":[19,41,46,33,44],"product_tag":[],"class_list":{"0":"post-1216","1":"product","2":"type-product","3":"status-publish","4":"has-post-thumbnail","6":"box-type-custom-foldable-boxes","7":"box-type-custom-rigid-box-with-lid","8":"product_cat-luxury-gift-boxes-wholesale","9":"product_cat-candy-gift-boxes-wholesale","10":"product_cat-wholesale-paper-boxes","11":"product_cat-food-packaging-boxes-wholesale","12":"product_cat-custom-snack-box","14":"first","15":"instock","16":"shipping-taxable","17":"product-type-simple"},"acf":[],"_links":{"self":[{"href":"https:\/\/www.yishengpack.com\/de\/wp-json\/wp\/v2\/product\/1216","targetHints":{"allow":["GET"]}}],"collection":[{"href":"https:\/\/www.yishengpack.com\/de\/wp-json\/wp\/v2\/product"}],"about":[{"href":"https:\/\/www.yishengpack.com\/de\/wp-json\/wp\/v2\/types\/product"}],"replies":[{"embeddable":true,"href":"https:\/\/www.yishengpack.com\/de\/wp-json\/wp\/v2\/comments?post=1216"}],"wp:featuredmedia":[{"embeddable":true,"href":"https:\/\/www.yishengpack.com\/de\/wp-json\/wp\/v2\/media\/1217"}],"wp:attachment":[{"href":"https:\/\/www.yishengpack.com\/de\/wp-json\/wp\/v2\/media?parent=1216"}],"wp:term":[{"taxonomy":"box-type","embeddable":true,"href":"https:\/\/www.yishengpack.com\/de\/wp-json\/wp\/v2\/box-type?post=1216"},{"taxonomy":"product_brand","embeddable":true,"href":"https:\/\/www.yishengpack.com\/de\/wp-json\/wp\/v2\/product_brand?post=1216"},{"taxonomy":"product_cat","embeddable":true,"href":"https:\/\/www.yishengpack.com\/de\/wp-json\/wp\/v2\/product_cat?post=1216"},{"taxonomy":"product_tag","embeddable":true,"href":"https:\/\/www.yishengpack.com\/de\/wp-json\/wp\/v2\/product_tag?post=1216"}],"curies":[{"name":"wp","href":"https:\/\/api.w.org\/{rel}","templated":true}]}}