{"id":1190,"date":"2025-03-07T09:50:24","date_gmt":"2025-03-07T09:50:24","guid":{"rendered":"https:\/\/www.yishengpack.com\/?post_type=product&#038;p=1190"},"modified":"2026-02-07T02:48:06","modified_gmt":"2026-02-07T02:48:06","slug":"gift-boxes-wholesale","status":"publish","type":"product","link":"https:\/\/www.yishengpack.com\/de\/produkt\/gift-boxes-wholesale\/","title":{"rendered":"Mailer Geschenk-Boxen Gro\u00dfhandel, benutzerdefinierte gedruckt Versandkarton"},"content":{"rendered":"<div class=\"wp-block-columns is-layout-flex wp-container-core-columns-is-layout-9d6595d7 wp-block-columns-is-layout-flex\">\n<div class=\"wp-block-column is-layout-flow wp-block-column-is-layout-flow\">\n<h3 class=\"wp-block-heading\">Eigenschaften von Exquisite Mailer Geschenkboxen Gro\u00dfhandel<\/h3>\n\n\n\n<p><strong>Hochwertiges, individuelles Design:<\/strong> Wir bieten exquisite Geschenkboxen f\u00fcr den Gro\u00dfhandel und eine breite Palette von Dienstleistungen zur Anpassung an die unterschiedlichen Bed\u00fcrfnisse von Marken, Geschenken usw.<\/p>\n\n\n\n<p><strong>Hochwertiges Material:<\/strong> Der individuelle Versandkarton besteht aus hartem und haltbarem Karton, um das Paket zu sch\u00fctzen und Besch\u00e4digungen w\u00e4hrend des Transports zu vermeiden.<\/p>\n\n\n\n<p><strong>Exquisite Drucktechnik:<\/strong> Unsere exquisiten Geschenkboxen f\u00fcr den Gro\u00dfhandel nutzen die neueste Drucktechnologie, um die Verpackungen zierlich erscheinen zu lassen und satte Farben zu enthalten, um die Raffinesse der Marke darzustellen.<\/p>\n\n\n\n<p><strong>Diverse Gr\u00f6\u00dfen:<\/strong> Der Versandkarton nach Ma\u00df bietet verschiedene Gr\u00f6\u00dfen, aus denen die Kunden je nach Bedarf w\u00e4hlen k\u00f6nnen, und eignet sich f\u00fcr unterschiedliche Waren und Verwendungszwecke.<\/p>\n\n\n\n<p><strong>Umweltfreundlich: <\/strong>Unsere exquisiten Geschenkboxen f\u00fcr den Gro\u00dfhandel werden aus umweltfreundlichen Materialien hergestellt, was dem Konzept der nachhaltigen Entwicklung entspricht und dem Markenimage zugute kommt.<\/p>\n<\/div>\n\n\n\n<div class=\"wp-block-column is-layout-flow wp-block-column-is-layout-flow\">\n<figure class=\"wp-block-image size-full\"><img decoding=\"async\" width=\"1080\" height=\"1440\" src=\"https:\/\/www.yishengpack.com\/wp-content\/uploads\/2025\/03\/exquisite-gift-boxes-wholesale-custom-mailer-box-printing-2.webp\" alt=\"Exquisite-Geschenkboxen-Gro\u00dfhandel-Briefkasten-Bedruckung (2)\" class=\"wp-image-1192\" srcset=\"https:\/\/www.yishengpack.com\/wp-content\/uploads\/2025\/03\/exquisite-gift-boxes-wholesale-custom-mailer-box-printing-2.webp 1080w, https:\/\/www.yishengpack.com\/wp-content\/uploads\/2025\/03\/exquisite-gift-boxes-wholesale-custom-mailer-box-printing-2-225x300.webp 225w, https:\/\/www.yishengpack.com\/wp-content\/uploads\/2025\/03\/exquisite-gift-boxes-wholesale-custom-mailer-box-printing-2-768x1024.webp 768w, https:\/\/www.yishengpack.com\/wp-content\/uploads\/2025\/03\/exquisite-gift-boxes-wholesale-custom-mailer-box-printing-2-9x12.webp 9w, https:\/\/www.yishengpack.com\/wp-content\/uploads\/2025\/03\/exquisite-gift-boxes-wholesale-custom-mailer-box-printing-2-600x800.webp 600w\" sizes=\"(max-width: 1080px) 100vw, 1080px\" \/><\/figure>\n<\/div>\n<\/div>\n\n\n\n<div class=\"wp-block-columns is-layout-flex wp-container-core-columns-is-layout-9d6595d7 wp-block-columns-is-layout-flex\">\n<div class=\"wp-block-column is-layout-flow wp-block-column-is-layout-flow\">\n<div class=\"wp-block-buttons has-custom-font-size has-small-font-size is-content-justification-center is-layout-flex wp-container-core-buttons-is-layout-16018d1d wp-block-buttons-is-layout-flex\">\n<div class=\"wp-block-button has-custom-width wp-block-button__width-75\"><a class=\"wp-block-button__link has-background has-small-font-size has-custom-font-size wp-element-button\" href=\"https:\/\/www.yishengpack.com\/de\/custom-printed-box\/\" style=\"background:linear-gradient(135deg,rgb(254,205,165) 0%,rgb(254,45,45) 0%,rgb(94,15,15) 0%,rgb(94,15,15) 100%)\" target=\"_blank\" rel=\"noreferrer noopener\"><strong>Entdecken Sie individuell bedruckte Boxen<\/strong><\/a><\/div>\n<\/div>\n<\/div>\n\n\n\n<div class=\"wp-block-column is-layout-flow wp-block-column-is-layout-flow\">\n<div class=\"wp-block-buttons has-custom-font-size has-small-font-size is-content-justification-center is-layout-flex wp-container-core-buttons-is-layout-16018d1d wp-block-buttons-is-layout-flex\">\n<div class=\"wp-block-button has-custom-width wp-block-button__width-75\"><a class=\"wp-block-button__link has-background has-small-font-size has-custom-font-size wp-element-button\" href=\"https:\/\/www.yishengpack.com\/de\/custom-box-inserts-accessories\/\" style=\"background:linear-gradient(135deg,rgb(254,205,165) 0%,rgb(254,45,45) 0%,rgb(94,15,15) 0%,rgb(94,15,15) 100%)\" target=\"_blank\" rel=\"noreferrer noopener\"><strong>Custom Box Inserts erforschen<\/strong><\/a><\/div>\n<\/div>\n<\/div>\n<\/div>","protected":false},"excerpt":{"rendered":"<p>Willkommen in unserem benutzerdefinierten Mailer-Box zu kaufen. Diese exquisite Geschenkboxen Gro\u00dfhandel Service bietet verschiedene benutzerdefinierte Optionen, einschlie\u00dflich personalisiertes Design und hochwertige Druck, mit Kartonmaterial, um die Sicherheit und Integrit\u00e4t des Produkts w\u00e4hrend des Transports zu gew\u00e4hrleisten. Geeignet f\u00fcr alle Arten von Markenf\u00f6rderung, Geschenkverpackungen und benutzerdefinierte Bed\u00fcrfnisse, zeigt den einzigartigen Charme Ihrer Marke.<\/p>\n<h2>Highlights von Mailer Geschenkboxen Gro\u00dfhandel<\/h2>\n<ul>\n<li>Klappbare Konstruktion<\/li>\n<li>Umweltfreundliche Materialien<\/li>\n<li>High-End-Anpassung<\/li>\n<li>Rich-Druckverfahren<\/li>\n<li>Mehrere Boxgr\u00f6\u00dfen<\/li>\n<li>Reichhaltige Farbvielfalt<\/li>\n<li>Hochwertiges Innenfutter<\/li>\n<li>Robuste Konstruktion<\/li>\n<\/ul>","protected":false},"featured_media":1191,"comment_status":"closed","ping_status":"closed","template":"","meta":{"_acf_changed":false},"box-type":[55,59],"product_brand":[],"product_cat":[19,41,66,46,69,67],"product_tag":[],"class_list":{"0":"post-1190","1":"product","2":"type-product","3":"status-publish","4":"has-post-thumbnail","6":"box-type-custom-foldable-boxes","7":"box-type-custom-mailer-boxes","8":"product_cat-luxury-gift-boxes-wholesale","9":"product_cat-candy-gift-boxes-wholesale","10":"product_cat-custom-apparel-boxes","11":"product_cat-wholesale-paper-boxes","12":"product_cat-custom-retail-boxes","13":"product_cat-custom-shipping-boxes","15":"first","16":"instock","17":"shipping-taxable","18":"product-type-simple"},"acf":[],"_links":{"self":[{"href":"https:\/\/www.yishengpack.com\/de\/wp-json\/wp\/v2\/product\/1190","targetHints":{"allow":["GET"]}}],"collection":[{"href":"https:\/\/www.yishengpack.com\/de\/wp-json\/wp\/v2\/product"}],"about":[{"href":"https:\/\/www.yishengpack.com\/de\/wp-json\/wp\/v2\/types\/product"}],"replies":[{"embeddable":true,"href":"https:\/\/www.yishengpack.com\/de\/wp-json\/wp\/v2\/comments?post=1190"}],"wp:featuredmedia":[{"embeddable":true,"href":"https:\/\/www.yishengpack.com\/de\/wp-json\/wp\/v2\/media\/1191"}],"wp:attachment":[{"href":"https:\/\/www.yishengpack.com\/de\/wp-json\/wp\/v2\/media?parent=1190"}],"wp:term":[{"taxonomy":"box-type","embeddable":true,"href":"https:\/\/www.yishengpack.com\/de\/wp-json\/wp\/v2\/box-type?post=1190"},{"taxonomy":"product_brand","embeddable":true,"href":"https:\/\/www.yishengpack.com\/de\/wp-json\/wp\/v2\/product_brand?post=1190"},{"taxonomy":"product_cat","embeddable":true,"href":"https:\/\/www.yishengpack.com\/de\/wp-json\/wp\/v2\/product_cat?post=1190"},{"taxonomy":"product_tag","embeddable":true,"href":"https:\/\/www.yishengpack.com\/de\/wp-json\/wp\/v2\/product_tag?post=1190"}],"curies":[{"name":"wp","href":"https:\/\/api.w.org\/{rel}","templated":true}]}}