{"id":1185,"date":"2025-03-07T09:08:07","date_gmt":"2025-03-07T09:08:07","guid":{"rendered":"https:\/\/www.yishengpack.com\/?post_type=product&#038;p=1185"},"modified":"2025-08-16T02:40:19","modified_gmt":"2025-08-16T02:40:19","slug":"custom-paper-bags","status":"publish","type":"product","link":"https:\/\/www.yishengpack.com\/de\/produkt\/custom-paper-bags\/","title":{"rendered":"Benutzerdefinierte Papiert\u00fcten mit Logo in mehreren Farben, Gro\u00dfhandel Einkaufstaschen"},"content":{"rendered":"<div class=\"wp-block-columns is-layout-flex wp-container-core-columns-is-layout-9d6595d7 wp-block-columns-is-layout-flex\">\n<div class=\"wp-block-column is-layout-flow wp-block-column-is-layout-flow\">\n<h3 class=\"wp-block-heading\">Features of Custom Paper Bags<\/h3>\n\n\n\n<p><strong>Custom Designs:<\/strong> Our custom paper bags offer a full range of logo customization services to meet the individual needs of brands.<\/p>\n\n\n\n<p><strong>Multiple Color Options: <\/strong>These wholesale shopping bags are available in a variety of color options to help you present your brand&#8217;s style.<\/p>\n\n\n\n<p><strong>Eco-Friendly Materials: <\/strong>Our custom paper bags are made from recyclable paper materials, which is in line with the concept of sustainable development.<\/p>\n\n\n\n<p><strong>Stark und langlebig:<\/strong> The high-quality paper material and reinforced handles of these wholesale shopping bags ensure their strength and durability.<\/p>\n\n\n\n<p><strong>Wholesale in Bulk: <\/strong>Our custom paper bags are suitable for bulk purchasing to meet a wide range of needs for retail, events, hotels and restaurants.<\/p>\n<\/div>\n\n\n\n<div class=\"wp-block-column is-layout-flow wp-block-column-is-layout-flow\">\n<figure class=\"wp-block-image size-full\"><img decoding=\"async\" width=\"704\" height=\"720\" src=\"https:\/\/www.yishengpack.com\/wp-content\/uploads\/2025\/03\/custom-paper-bags-with-logo-in-multiple-colors-wholesale-shopping-bags-3.webp\" alt=\"custom-paper-bags-with-logo-in-multiple-colors-wholesale-shopping-bags (3)\" class=\"wp-image-1189\" srcset=\"https:\/\/www.yishengpack.com\/wp-content\/uploads\/2025\/03\/custom-paper-bags-with-logo-in-multiple-colors-wholesale-shopping-bags-3.webp 704w, https:\/\/www.yishengpack.com\/wp-content\/uploads\/2025\/03\/custom-paper-bags-with-logo-in-multiple-colors-wholesale-shopping-bags-3-293x300.webp 293w, https:\/\/www.yishengpack.com\/wp-content\/uploads\/2025\/03\/custom-paper-bags-with-logo-in-multiple-colors-wholesale-shopping-bags-3-12x12.webp 12w, https:\/\/www.yishengpack.com\/wp-content\/uploads\/2025\/03\/custom-paper-bags-with-logo-in-multiple-colors-wholesale-shopping-bags-3-600x614.webp 600w\" sizes=\"(max-width: 704px) 100vw, 704px\" \/><\/figure>\n<\/div>\n<\/div>\n\n\n\n<p><\/p>","protected":false},"excerpt":{"rendered":"<p>Willkommen bei Yisheng, dem spezialisierten Anbieter von kundenspezifischen Papiert\u00fcten. Dieser Gro\u00dfhandel Einkaufstasche bietet eine breite Palette von Farben und Gr\u00f6\u00dfen zur Auswahl, kann mit Markenlogos auf Anfrage gedruckt werden, ist aus umweltfreundlichem Papiermaterial, ist stark und haltbar, und eignet sich f\u00fcr Gro\u00dfhandel in der Masse. Ideal f\u00fcr die Verbesserung des Markenimages und die Erf\u00fcllung aller Arten von gesch\u00e4ftlichen Anforderungen.<\/p>\n<h2>Kundenspezifische Papiert\u00fcten Spezifikation:<\/h2>\n<table width=\"554\">\n<tbody>\n<tr>\n<td width=\"215\">Hersteller:<\/td>\n<td colspan=\"2\" width=\"339\">Yisheng<\/td>\n<\/tr>\n<tr>\n<td>Stil:<\/td>\n<td colspan=\"2\">Papiert\u00fcte<\/td>\n<\/tr>\n<tr>\n<td>Material:\u00a0<\/td>\n<td colspan=\"2\">Kraftpapier, Wellpappe, Pappe, Kunstdruckpapier, etc.<\/td>\n<\/tr>\n<tr>\n<td>Farbe:\u00a0<\/td>\n<td colspan=\"2\">Wei\u00df, Schwarz, Individuell<\/td>\n<\/tr>\n<tr>\n<td>Gr\u00f6\u00dfe:<\/td>\n<td colspan=\"2\">Kundenspezifisch<\/td>\n<\/tr>\n<tr>\n<td>MOQ:\u00a0<\/td>\n<td colspan=\"2\">1000St\u00fcck<\/td>\n<\/tr>\n<tr>\n<td>OEM&amp;ODM:\u00a0<\/td>\n<td colspan=\"2\">Kundenspezifisch, Willkommen OEM&amp;ODM<\/td>\n<\/tr>\n<tr>\n<td>Anwendungen:<\/td>\n<td colspan=\"2\">Gesch\u00e4ft, Laden, etc.<\/td>\n<\/tr>\n<\/tbody>\n<\/table>\n<p>\n<script src=\"chrome-extension:\/\/fpelahbljekknahkcaegamhcndkfpfnc\/iFrame.js\" type=\"text\/javascript\"><\/script><\/p>","protected":false},"featured_media":1188,"comment_status":"closed","ping_status":"closed","template":"","meta":{"_acf_changed":false},"box-type":[52],"product_brand":[],"product_cat":[34,38],"product_tag":[],"class_list":{"0":"post-1185","1":"product","2":"type-product","3":"status-publish","4":"has-post-thumbnail","6":"box-type-custom-rope-handle-paper-bags","7":"product_cat-paper-bags-wholesale","8":"product_cat-bakery-paper-bags-wholesale","10":"first","11":"instock","12":"shipping-taxable","13":"product-type-simple"},"acf":[],"_links":{"self":[{"href":"https:\/\/www.yishengpack.com\/de\/wp-json\/wp\/v2\/product\/1185","targetHints":{"allow":["GET"]}}],"collection":[{"href":"https:\/\/www.yishengpack.com\/de\/wp-json\/wp\/v2\/product"}],"about":[{"href":"https:\/\/www.yishengpack.com\/de\/wp-json\/wp\/v2\/types\/product"}],"replies":[{"embeddable":true,"href":"https:\/\/www.yishengpack.com\/de\/wp-json\/wp\/v2\/comments?post=1185"}],"wp:featuredmedia":[{"embeddable":true,"href":"https:\/\/www.yishengpack.com\/de\/wp-json\/wp\/v2\/media\/1188"}],"wp:attachment":[{"href":"https:\/\/www.yishengpack.com\/de\/wp-json\/wp\/v2\/media?parent=1185"}],"wp:term":[{"taxonomy":"box-type","embeddable":true,"href":"https:\/\/www.yishengpack.com\/de\/wp-json\/wp\/v2\/box-type?post=1185"},{"taxonomy":"product_brand","embeddable":true,"href":"https:\/\/www.yishengpack.com\/de\/wp-json\/wp\/v2\/product_brand?post=1185"},{"taxonomy":"product_cat","embeddable":true,"href":"https:\/\/www.yishengpack.com\/de\/wp-json\/wp\/v2\/product_cat?post=1185"},{"taxonomy":"product_tag","embeddable":true,"href":"https:\/\/www.yishengpack.com\/de\/wp-json\/wp\/v2\/product_tag?post=1185"}],"curies":[{"name":"wp","href":"https:\/\/api.w.org\/{rel}","templated":true}]}}