{"id":1181,"date":"2025-03-07T07:15:29","date_gmt":"2025-03-07T07:15:29","guid":{"rendered":"https:\/\/www.yishengpack.com\/?post_type=product&#038;p=1181"},"modified":"2026-01-04T07:49:23","modified_gmt":"2026-01-04T07:49:23","slug":"custom-bakery-packaging","status":"publish","type":"product","link":"https:\/\/www.yishengpack.com\/de\/produkt\/custom-bakery-packaging\/","title":{"rendered":"Benutzerdefinierte B\u00e4ckerei Verpackung, Gro\u00dfhandel Geb\u00e4ck Boxen mit Griff"},"content":{"rendered":"<div class=\"wp-block-columns is-layout-flex wp-container-core-columns-is-layout-9d6595d7 wp-block-columns-is-layout-flex\">\n<div class=\"wp-block-column is-layout-flow wp-block-column-is-layout-flow\">\n<h3 class=\"wp-block-heading\">Merkmale von kundenspezifischen Verpackungen f\u00fcr Backwaren<\/h3>\n\n\n\n<p><strong>Individuelles Design: <\/strong>Diese ma\u00dfgeschneiderten Verpackungen f\u00fcr Backwaren sind in einer Vielzahl von Ausf\u00fchrungen, Gr\u00f6\u00dfen und Druckoptionen erh\u00e4ltlich, sodass sie perfekt zu Ihrem Markenimage passen.<\/p>\n\n\n\n<p><strong>Hochwertiges Material: <\/strong>Unsere Gro\u00dfhandels-Geb\u00e4ckboxen werden aus lebensmittelechtem Papier hergestellt, wodurch sie sicher, langlebig und umweltfreundlich sind.<\/p>\n\n\n\n<p><strong>Leicht zu transportieren: <\/strong>Die ma\u00dfgeschneiderte Verpackung f\u00fcr Backwaren verf\u00fcgt \u00fcber einen stabilen Griff, der das Tragen f\u00fcr Kunden erheblich erleichtert und somit f\u00fcr mehr Komfort sorgt.<\/p>\n\n\n\n<p><strong>Feuchtigkeits- und \u00f6lbest\u00e4ndig:<\/strong> Diese Gro\u00dfhandels-Geb\u00e4ckboxen sind \u00e4u\u00dferst feuchtigkeits- und \u00f6lbest\u00e4ndig und halten so die darin enthaltenen Lebensmittel frisch.<\/p>\n\n\n\n<p><strong>Vielseitige Verwendung:<\/strong> Diese ma\u00dfgeschneiderte B\u00e4ckereiverpackung ist vielseitig f\u00fcr alle Arten von Backwaren wie Kuchen, Kekse, Brot und Desserts einsetzbar und eignet sich f\u00fcr alle Arten und Gr\u00f6\u00dfen von Lebensmitteln.<\/p>\n<\/div>\n\n\n\n<div class=\"wp-block-column is-layout-flow wp-block-column-is-layout-flow\">\n<figure class=\"wp-block-image size-full\"><img decoding=\"async\" width=\"700\" height=\"700\" src=\"https:\/\/www.yishengpack.com\/wp-content\/uploads\/2025\/03\/custom-bakery-packaging-wholesale-pastry-boxes-with-handles-1.webp\" alt=\"ma\u00dfgeschneiderte-B\u00e4ckerei-Verpackungen-Gro\u00dfhandel-Konditorei-Schachteln-mit-Griffen (1)\" class=\"wp-image-1182\" srcset=\"https:\/\/www.yishengpack.com\/wp-content\/uploads\/2025\/03\/custom-bakery-packaging-wholesale-pastry-boxes-with-handles-1.webp 700w, https:\/\/www.yishengpack.com\/wp-content\/uploads\/2025\/03\/custom-bakery-packaging-wholesale-pastry-boxes-with-handles-1-300x300.webp 300w, https:\/\/www.yishengpack.com\/wp-content\/uploads\/2025\/03\/custom-bakery-packaging-wholesale-pastry-boxes-with-handles-1-150x150.webp 150w, https:\/\/www.yishengpack.com\/wp-content\/uploads\/2025\/03\/custom-bakery-packaging-wholesale-pastry-boxes-with-handles-1-12x12.webp 12w, https:\/\/www.yishengpack.com\/wp-content\/uploads\/2025\/03\/custom-bakery-packaging-wholesale-pastry-boxes-with-handles-1-600x600.webp 600w, https:\/\/www.yishengpack.com\/wp-content\/uploads\/2025\/03\/custom-bakery-packaging-wholesale-pastry-boxes-with-handles-1-100x100.webp 100w\" sizes=\"(max-width: 700px) 100vw, 700px\" \/><\/figure>\n<\/div>\n<\/div>\n\n\n\n<div class=\"wp-block-columns is-layout-flex wp-container-core-columns-is-layout-9d6595d7 wp-block-columns-is-layout-flex\">\n<div class=\"wp-block-column is-layout-flow wp-block-column-is-layout-flow\">\n<figure class=\"wp-block-image size-full\"><img decoding=\"async\" width=\"500\" height=\"550\" src=\"https:\/\/www.yishengpack.com\/wp-content\/uploads\/2025\/03\/custom-bakery-packaging-wholesale-pastry-boxes-with-handles-2.webp\" alt=\"kundenspezifische-backwaren-verpackungen-grosshandel-geb\u00e4ck-boxen-mit-griff (2)\" class=\"wp-image-1183\" srcset=\"https:\/\/www.yishengpack.com\/wp-content\/uploads\/2025\/03\/custom-bakery-packaging-wholesale-pastry-boxes-with-handles-2.webp 500w, https:\/\/www.yishengpack.com\/wp-content\/uploads\/2025\/03\/custom-bakery-packaging-wholesale-pastry-boxes-with-handles-2-273x300.webp 273w, https:\/\/www.yishengpack.com\/wp-content\/uploads\/2025\/03\/custom-bakery-packaging-wholesale-pastry-boxes-with-handles-2-11x12.webp 11w\" sizes=\"(max-width: 500px) 100vw, 500px\" \/><\/figure>\n\n\n\n<div class=\"wp-block-buttons has-custom-font-size has-small-font-size is-content-justification-center is-layout-flex wp-container-core-buttons-is-layout-16018d1d wp-block-buttons-is-layout-flex\">\n<div class=\"wp-block-button has-custom-width wp-block-button__width-75\"><a class=\"wp-block-button__link has-background has-small-font-size has-custom-font-size wp-element-button\" href=\"https:\/\/www.yishengpack.com\/de\/custom-printed-box\/\" style=\"background:linear-gradient(135deg,rgb(254,205,165) 0%,rgb(254,45,45) 0%,rgb(94,15,15) 0%,rgb(94,15,15) 100%)\" target=\"_blank\" rel=\"noreferrer noopener\"><strong>Entdecken Sie individuell bedruckte Boxen<\/strong><\/a><\/div>\n<\/div>\n<\/div>\n\n\n\n<div class=\"wp-block-column is-layout-flow wp-block-column-is-layout-flow\">\n<figure class=\"wp-block-image size-full\"><img decoding=\"async\" width=\"720\" height=\"720\" src=\"https:\/\/www.yishengpack.com\/wp-content\/uploads\/2025\/03\/custom-bakery-packaging-wholesale-pastry-boxes-with-handles-3.webp\" alt=\"ma\u00dfgeschneiderte-B\u00e4ckerei-Verpackungen-Gro\u00dfhandel-Konditorei-Schachteln-mit-Griffen (3)\" class=\"wp-image-1184\" srcset=\"https:\/\/www.yishengpack.com\/wp-content\/uploads\/2025\/03\/custom-bakery-packaging-wholesale-pastry-boxes-with-handles-3.webp 720w, https:\/\/www.yishengpack.com\/wp-content\/uploads\/2025\/03\/custom-bakery-packaging-wholesale-pastry-boxes-with-handles-3-300x300.webp 300w, https:\/\/www.yishengpack.com\/wp-content\/uploads\/2025\/03\/custom-bakery-packaging-wholesale-pastry-boxes-with-handles-3-150x150.webp 150w, https:\/\/www.yishengpack.com\/wp-content\/uploads\/2025\/03\/custom-bakery-packaging-wholesale-pastry-boxes-with-handles-3-12x12.webp 12w, https:\/\/www.yishengpack.com\/wp-content\/uploads\/2025\/03\/custom-bakery-packaging-wholesale-pastry-boxes-with-handles-3-600x600.webp 600w, https:\/\/www.yishengpack.com\/wp-content\/uploads\/2025\/03\/custom-bakery-packaging-wholesale-pastry-boxes-with-handles-3-100x100.webp 100w\" sizes=\"(max-width: 720px) 100vw, 720px\" \/><\/figure>\n\n\n\n<div class=\"wp-block-buttons has-custom-font-size has-small-font-size is-content-justification-center is-layout-flex wp-container-core-buttons-is-layout-16018d1d wp-block-buttons-is-layout-flex\">\n<div class=\"wp-block-button has-custom-width wp-block-button__width-75\"><a class=\"wp-block-button__link has-background has-small-font-size has-custom-font-size wp-element-button\" href=\"https:\/\/www.yishengpack.com\/de\/custom-product-boxes-types\/\" style=\"background:linear-gradient(135deg,rgb(254,205,165) 0%,rgb(254,45,45) 0%,rgb(94,15,15) 0%,rgb(94,15,15) 100%)\" target=\"_blank\" rel=\"noreferrer noopener\"><strong>Benutzerdefinierte Box-Typen erkunden<\/strong><\/a><\/div>\n<\/div>\n<\/div>\n<\/div>","protected":false},"excerpt":{"rendered":"<p>Willkommen bei unseren kundenspezifischen B\u00e4ckereiverpackungen. Diese Gro\u00dfhandel Geb\u00e4ck Boxen sind aus lebensmittelechtem Papier Material mit Feuchtigkeit und \u00d6l Widerstand, perfekt sch\u00fctzt Ihr Geb\u00e4ck und h\u00e4lt sie frisch. Ausgestattet mit einem stabilen Griff f\u00fcr den einfachen Transport, bietet es eine Vielzahl von Gr\u00f6\u00dfen und Druckoptionen f\u00fcr eine breite Palette von Backwaren, ideal f\u00fcr die Verbesserung Ihrer Markenimage.<\/p>\n<h2>Highlights of Custom Bakery Packaging<\/h2>\n<ul>\n<li>Personalisierte Anpassung<\/li>\n<li>Transparent Window Display<\/li>\n<li>Hochwertige Materialien<\/li>\n<li>Sorgf\u00e4ltige Verarbeitung<\/li>\n<li>Verschiedene Farboptionen<\/li>\n<li>Mehrere Boxgr\u00f6\u00dfen<\/li>\n<li>Bequeme Lagerung von Lebensmitteln<\/li>\n<li>Sch\u00fctzend und bequem<\/li>\n<\/ul>","protected":false},"featured_media":1183,"comment_status":"closed","ping_status":"closed","template":"","meta":{"_acf_changed":false},"box-type":[55,48,58],"product_brand":[],"product_cat":[32,46,30,33,44],"product_tag":[],"class_list":{"0":"post-1181","1":"product","2":"type-product","3":"status-publish","4":"has-post-thumbnail","6":"box-type-custom-foldable-boxes","7":"box-type-custom-tuck-top-boxes","8":"box-type-custom-window-gift-box","9":"product_cat-bakery-packaging-wholesale","10":"product_cat-wholesale-paper-boxes","11":"product_cat-cake-containers-wholesale","12":"product_cat-food-packaging-boxes-wholesale","13":"product_cat-custom-snack-box","15":"first","16":"instock","17":"shipping-taxable","18":"product-type-simple"},"acf":[],"_links":{"self":[{"href":"https:\/\/www.yishengpack.com\/de\/wp-json\/wp\/v2\/product\/1181","targetHints":{"allow":["GET"]}}],"collection":[{"href":"https:\/\/www.yishengpack.com\/de\/wp-json\/wp\/v2\/product"}],"about":[{"href":"https:\/\/www.yishengpack.com\/de\/wp-json\/wp\/v2\/types\/product"}],"replies":[{"embeddable":true,"href":"https:\/\/www.yishengpack.com\/de\/wp-json\/wp\/v2\/comments?post=1181"}],"wp:featuredmedia":[{"embeddable":true,"href":"https:\/\/www.yishengpack.com\/de\/wp-json\/wp\/v2\/media\/1183"}],"wp:attachment":[{"href":"https:\/\/www.yishengpack.com\/de\/wp-json\/wp\/v2\/media?parent=1181"}],"wp:term":[{"taxonomy":"box-type","embeddable":true,"href":"https:\/\/www.yishengpack.com\/de\/wp-json\/wp\/v2\/box-type?post=1181"},{"taxonomy":"product_brand","embeddable":true,"href":"https:\/\/www.yishengpack.com\/de\/wp-json\/wp\/v2\/product_brand?post=1181"},{"taxonomy":"product_cat","embeddable":true,"href":"https:\/\/www.yishengpack.com\/de\/wp-json\/wp\/v2\/product_cat?post=1181"},{"taxonomy":"product_tag","embeddable":true,"href":"https:\/\/www.yishengpack.com\/de\/wp-json\/wp\/v2\/product_tag?post=1181"}],"curies":[{"name":"wp","href":"https:\/\/api.w.org\/{rel}","templated":true}]}}