{"id":1177,"date":"2025-03-06T07:15:34","date_gmt":"2025-03-06T07:15:34","guid":{"rendered":"https:\/\/www.yishengpack.com\/?post_type=product&#038;p=1177"},"modified":"2026-01-04T07:46:25","modified_gmt":"2026-01-04T07:46:25","slug":"custom-cookie-boxes","status":"publish","type":"product","link":"https:\/\/www.yishengpack.com\/de\/produkt\/custom-cookie-boxes\/","title":{"rendered":"Benutzerdefinierte Keks-Boxen, Gro\u00dfhandel Faltschachteln mit Fenster"},"content":{"rendered":"<div class=\"wp-block-columns is-layout-flex wp-container-core-columns-is-layout-9d6595d7 wp-block-columns-is-layout-flex\">\n<div class=\"wp-block-column is-layout-flow wp-block-column-is-layout-flow\">\n<h3 class=\"wp-block-heading\">Merkmale von individuellen Keksdosen<\/h3>\n\n\n\n<p><strong>Individuelles Fensterdesign:<\/strong> Unsere Gro\u00dfhandelsfaltschachteln haben ein individuelles, transparentes Fensterdesign, das es den Kunden erm\u00f6glicht, das Aussehen der Kekse direkt zu sehen und einen Kaufimpuls zu erzeugen.<\/p>\n\n\n\n<p><strong>Hochwertiges Material: <\/strong>Diese individuellen Keksschachteln werden aus hochwertigem Papiermaterial hergestellt, das die Sicherheit und Haltbarkeit der Verpackung sowie den Umweltschutz gew\u00e4hrleistet.<\/p>\n\n\n\n<p><strong>Zusammenklappbar f\u00fcr bequeme Lagerung:<\/strong> Der innovative Faltmechanismus unserer Gro\u00dfhandels-Faltboxen erm\u00f6glicht eine platzsparende Lagerung, eine einfache Aufbewahrung und einen leichten Transport sowie eine einfache Montage.<\/p>\n\n\n\n<p><strong>Vielseitige Anpassungsm\u00f6glichkeiten: <\/strong>Diese benutzerdefinierten Keksschachteln sind mit einer breiten Palette von Gr\u00f6\u00dfen, Farben, Druckstilen und Firmenlogos personalisierbar, was ganz im Einklang mit dem Firmenimage steht.<\/p>\n\n\n\n<p><strong>Sicheres Dichtungsdesign: <\/strong>Diese kundenspezifischen Keksdosen verf\u00fcgen \u00fcber eine pr\u00e4zise Verschlusstechnik, die sicherstellt, dass die Kekse dicht verpackt sind und keine Luft, kein Staub und keine Feuchtigkeit eindringen k\u00f6nnen, wodurch die Kekse frisch und hygienisch bleiben.<\/p>\n<\/div>\n\n\n\n<div class=\"wp-block-column is-layout-flow wp-block-column-is-layout-flow\">\n<figure class=\"wp-block-image size-full\"><img decoding=\"async\" width=\"800\" height=\"800\" src=\"https:\/\/www.yishengpack.com\/wp-content\/uploads\/2025\/03\/custom-cookie-boxes-wholesale-folding-boxes-with-customizable-window-3.webp\" alt=\"custom-cookie-boxes-gro\u00dfhandel-faltschachteln-mit-anpassbarem-fenster (3)\" class=\"wp-image-1180\" srcset=\"https:\/\/www.yishengpack.com\/wp-content\/uploads\/2025\/03\/custom-cookie-boxes-wholesale-folding-boxes-with-customizable-window-3.webp 800w, https:\/\/www.yishengpack.com\/wp-content\/uploads\/2025\/03\/custom-cookie-boxes-wholesale-folding-boxes-with-customizable-window-3-300x300.webp 300w, https:\/\/www.yishengpack.com\/wp-content\/uploads\/2025\/03\/custom-cookie-boxes-wholesale-folding-boxes-with-customizable-window-3-150x150.webp 150w, https:\/\/www.yishengpack.com\/wp-content\/uploads\/2025\/03\/custom-cookie-boxes-wholesale-folding-boxes-with-customizable-window-3-768x768.webp 768w, https:\/\/www.yishengpack.com\/wp-content\/uploads\/2025\/03\/custom-cookie-boxes-wholesale-folding-boxes-with-customizable-window-3-12x12.webp 12w, https:\/\/www.yishengpack.com\/wp-content\/uploads\/2025\/03\/custom-cookie-boxes-wholesale-folding-boxes-with-customizable-window-3-600x600.webp 600w, https:\/\/www.yishengpack.com\/wp-content\/uploads\/2025\/03\/custom-cookie-boxes-wholesale-folding-boxes-with-customizable-window-3-100x100.webp 100w\" sizes=\"(max-width: 800px) 100vw, 800px\" \/><\/figure>\n<\/div>\n<\/div>\n\n\n\n<div class=\"wp-block-columns is-layout-flex wp-container-core-columns-is-layout-9d6595d7 wp-block-columns-is-layout-flex\">\n<div class=\"wp-block-column is-layout-flow wp-block-column-is-layout-flow\">\n<figure class=\"wp-block-image size-full\"><img decoding=\"async\" width=\"800\" height=\"800\" src=\"https:\/\/www.yishengpack.com\/wp-content\/uploads\/2025\/03\/custom-cookie-boxes-wholesale-folding-boxes-with-customizable-window-3.webp\" alt=\"custom-cookie-boxes-gro\u00dfhandel-faltschachteln-mit-anpassbarem-fenster (3)\" class=\"wp-image-1180\" srcset=\"https:\/\/www.yishengpack.com\/wp-content\/uploads\/2025\/03\/custom-cookie-boxes-wholesale-folding-boxes-with-customizable-window-3.webp 800w, https:\/\/www.yishengpack.com\/wp-content\/uploads\/2025\/03\/custom-cookie-boxes-wholesale-folding-boxes-with-customizable-window-3-300x300.webp 300w, https:\/\/www.yishengpack.com\/wp-content\/uploads\/2025\/03\/custom-cookie-boxes-wholesale-folding-boxes-with-customizable-window-3-150x150.webp 150w, https:\/\/www.yishengpack.com\/wp-content\/uploads\/2025\/03\/custom-cookie-boxes-wholesale-folding-boxes-with-customizable-window-3-768x768.webp 768w, https:\/\/www.yishengpack.com\/wp-content\/uploads\/2025\/03\/custom-cookie-boxes-wholesale-folding-boxes-with-customizable-window-3-12x12.webp 12w, https:\/\/www.yishengpack.com\/wp-content\/uploads\/2025\/03\/custom-cookie-boxes-wholesale-folding-boxes-with-customizable-window-3-600x600.webp 600w, https:\/\/www.yishengpack.com\/wp-content\/uploads\/2025\/03\/custom-cookie-boxes-wholesale-folding-boxes-with-customizable-window-3-100x100.webp 100w\" sizes=\"(max-width: 800px) 100vw, 800px\" \/><\/figure>\n\n\n\n<div class=\"wp-block-buttons has-custom-font-size has-small-font-size is-content-justification-center is-layout-flex wp-container-core-buttons-is-layout-16018d1d wp-block-buttons-is-layout-flex\">\n<div class=\"wp-block-button has-custom-width wp-block-button__width-75\"><a class=\"wp-block-button__link has-background has-small-font-size has-custom-font-size wp-element-button\" href=\"https:\/\/www.yishengpack.com\/de\/custom-printed-box\/\" style=\"background:linear-gradient(135deg,rgb(254,205,165) 0%,rgb(254,45,45) 0%,rgb(94,15,15) 0%,rgb(94,15,15) 100%)\" target=\"_blank\" rel=\"noreferrer noopener\"><strong>Entdecken Sie individuell bedruckte Boxen<\/strong><\/a><\/div>\n<\/div>\n<\/div>\n\n\n\n<div class=\"wp-block-column is-layout-flow wp-block-column-is-layout-flow\">\n<figure class=\"wp-block-image size-full\"><img decoding=\"async\" width=\"800\" height=\"800\" src=\"https:\/\/www.yishengpack.com\/wp-content\/uploads\/2025\/03\/custom-cookie-boxes-wholesale-folding-boxes-with-customizable-window-2.webp\" alt=\"custom-cookie-boxes-gro\u00dfhandel-faltschachteln-mit-anpassbarem-fenster (2)\" class=\"wp-image-1179\" srcset=\"https:\/\/www.yishengpack.com\/wp-content\/uploads\/2025\/03\/custom-cookie-boxes-wholesale-folding-boxes-with-customizable-window-2.webp 800w, https:\/\/www.yishengpack.com\/wp-content\/uploads\/2025\/03\/custom-cookie-boxes-wholesale-folding-boxes-with-customizable-window-2-300x300.webp 300w, https:\/\/www.yishengpack.com\/wp-content\/uploads\/2025\/03\/custom-cookie-boxes-wholesale-folding-boxes-with-customizable-window-2-150x150.webp 150w, https:\/\/www.yishengpack.com\/wp-content\/uploads\/2025\/03\/custom-cookie-boxes-wholesale-folding-boxes-with-customizable-window-2-768x768.webp 768w, https:\/\/www.yishengpack.com\/wp-content\/uploads\/2025\/03\/custom-cookie-boxes-wholesale-folding-boxes-with-customizable-window-2-12x12.webp 12w, https:\/\/www.yishengpack.com\/wp-content\/uploads\/2025\/03\/custom-cookie-boxes-wholesale-folding-boxes-with-customizable-window-2-600x600.webp 600w, https:\/\/www.yishengpack.com\/wp-content\/uploads\/2025\/03\/custom-cookie-boxes-wholesale-folding-boxes-with-customizable-window-2-100x100.webp 100w\" sizes=\"(max-width: 800px) 100vw, 800px\" \/><\/figure>\n\n\n\n<div class=\"wp-block-buttons has-custom-font-size has-small-font-size is-content-justification-center is-layout-flex wp-container-core-buttons-is-layout-16018d1d wp-block-buttons-is-layout-flex\">\n<div class=\"wp-block-button has-custom-width wp-block-button__width-75\"><a class=\"wp-block-button__link has-background has-small-font-size has-custom-font-size wp-element-button\" href=\"https:\/\/www.yishengpack.com\/de\/custom-product-boxes-types\/\" style=\"background:linear-gradient(135deg,rgb(254,205,165) 0%,rgb(254,45,45) 0%,rgb(94,15,15) 0%,rgb(94,15,15) 100%)\" target=\"_blank\" rel=\"noreferrer noopener\"><strong>Benutzerdefinierte Box-Typen erkunden<\/strong><\/a><\/div>\n<\/div>\n<\/div>\n<\/div>","protected":false},"excerpt":{"rendered":"<p>Willkommen bei unseren Faltschachteln f\u00fcr den Gro\u00dfhandel. Diese benutzerdefinierten Keks-Boxen verf\u00fcgen \u00fcber ein faltbares Design f\u00fcr einfache Lagerung und Transport und bieten eine Fenster-Option f\u00fcr die Verbraucher, um das Produkt auf einen Blick zu sehen. Dieses Paket verbessert nicht nur das Aussehen des Produkts, sondern auch das Einkaufserlebnis der Verbraucher, so wird es eine wunderbare Wahl f\u00fcr Ihr Unternehmen sein.<\/p>\n<h2>Highlights of Custom Cookie Boxes<\/h2>\n<ul>\n<li>High-End-Anpassung<\/li>\n<li>Food-Safe Premium Materials<\/li>\n<li>Faltbares Design<\/li>\n<li>Rich-Druckverfahren<\/li>\n<li>Mehrere Boxgr\u00f6\u00dfen<\/li>\n<li>Verschiedene Farboptionen<\/li>\n<li>Clear Windows Design<\/li>\n<\/ul>","protected":false},"featured_media":1178,"comment_status":"closed","ping_status":"closed","template":"","meta":{"_acf_changed":false},"box-type":[55,62,58],"product_brand":[],"product_cat":[33,46,44],"product_tag":[],"class_list":{"0":"post-1177","1":"product","2":"type-product","3":"status-publish","4":"has-post-thumbnail","6":"box-type-custom-foldable-boxes","7":"box-type-custom-tear-open-box","8":"box-type-custom-window-gift-box","9":"product_cat-food-packaging-boxes-wholesale","10":"product_cat-wholesale-paper-boxes","11":"product_cat-custom-snack-box","13":"first","14":"instock","15":"shipping-taxable","16":"product-type-simple"},"acf":[],"_links":{"self":[{"href":"https:\/\/www.yishengpack.com\/de\/wp-json\/wp\/v2\/product\/1177","targetHints":{"allow":["GET"]}}],"collection":[{"href":"https:\/\/www.yishengpack.com\/de\/wp-json\/wp\/v2\/product"}],"about":[{"href":"https:\/\/www.yishengpack.com\/de\/wp-json\/wp\/v2\/types\/product"}],"replies":[{"embeddable":true,"href":"https:\/\/www.yishengpack.com\/de\/wp-json\/wp\/v2\/comments?post=1177"}],"wp:featuredmedia":[{"embeddable":true,"href":"https:\/\/www.yishengpack.com\/de\/wp-json\/wp\/v2\/media\/1178"}],"wp:attachment":[{"href":"https:\/\/www.yishengpack.com\/de\/wp-json\/wp\/v2\/media?parent=1177"}],"wp:term":[{"taxonomy":"box-type","embeddable":true,"href":"https:\/\/www.yishengpack.com\/de\/wp-json\/wp\/v2\/box-type?post=1177"},{"taxonomy":"product_brand","embeddable":true,"href":"https:\/\/www.yishengpack.com\/de\/wp-json\/wp\/v2\/product_brand?post=1177"},{"taxonomy":"product_cat","embeddable":true,"href":"https:\/\/www.yishengpack.com\/de\/wp-json\/wp\/v2\/product_cat?post=1177"},{"taxonomy":"product_tag","embeddable":true,"href":"https:\/\/www.yishengpack.com\/de\/wp-json\/wp\/v2\/product_tag?post=1177"}],"curies":[{"name":"wp","href":"https:\/\/api.w.org\/{rel}","templated":true}]}}